{"id":4221,"date":"2017-12-11T14:44:48","date_gmt":"2017-12-11T12:44:48","guid":{"rendered":"https:\/\/www.teeninduskool.ee\/?page_id=4221"},"modified":"2023-10-20T09:20:45","modified_gmt":"2023-10-20T06:20:45","slug":"oppetoetuste-fondide-jagamise-kord","status":"publish","type":"page","link":"https:\/\/www.teeninduskool.ee\/?page_id=4221","title":{"rendered":"\u00d5ppetoetuse fondide jagamise tingimused ja kord \u00f5ppevaldkonnas \u00f5ppekavade vahel Tallinna Teeninduskoolis"},"content":{"rendered":"<p style=\"text-align: right;\"><span style=\"font-size: 10pt;\"><em>Kinnitatud kooli n\u00f5ukogus 31.08.2021<br \/>\nTallinna Teeninduskooli <a href=\"https:\/\/www.teeninduskool.ee\/wp-content\/uploads\/2022\/09\/OKE_2022_31_08.pdf\">\u00f5ppekorralduseeskirja<\/a> lisa 6<br \/>\n\u00d5ppetoetuste m\u00e4\u00e4ramise komisjoni <a href=\"https:\/\/www.teeninduskool.ee\/?page_id=12258\">koosseis<\/a><\/em><\/span><\/p>\n<p>1.\u00a0 P\u00f5hitoetuse fond eraldatakse \u00f5ppeasutusele riigieelarvest Haridus- ja Teadusministeeriumi eelarve kaudu. \u00d5ppeasutus jagab p\u00f5hitoetuse fondi \u00f5ppevaldkondade vahel proportsionaalselt tegevustoetustest moodustatud koolituskohtadega asjaomases \u00f5ppevaldkonnas. Fondide jaotus toimub kaks korda aastas (veebruaris ja oktoobris).<\/p>\n<p>Asjaomased \u00f5ppevaldkonnad, -suunad ja \u00f5ppekavar\u00fchmad on Tallinna Teeninduskoolis (ISCED-F 2013):<\/p>\n<table style=\"border-collapse: collapse; width: 100%; height: 120px;\">\n<tbody>\n<tr style=\"height: 24px;\">\n<td style=\"width: 33.3333%; height: 24px; text-align: left; vertical-align: top; background-color: #cd2662;\"><em><span style=\"font-size: 10pt;\"><strong><span style=\"color: #ffffff;\">\u00f5ppevaldkond<\/span><\/strong><\/span><\/em><\/td>\n<td style=\"width: 33.3333%; height: 24px; text-align: left; vertical-align: top; background-color: #cd2662;\"><em><span style=\"font-size: 10pt;\"><strong><span style=\"color: #ffffff;\">\u00f5ppesuund\u00a0<\/span><\/strong><\/span><\/em><\/td>\n<td style=\"width: 33.3333%; height: 24px; text-align: left; vertical-align: top; background-color: #cd2662;\"><em><span style=\"font-size: 10pt;\"><strong><span style=\"color: #ffffff;\">\u00f5ppekavar\u00fchm<\/span><\/strong><\/span><\/em><\/td>\n<\/tr>\n<tr style=\"height: 24px;\">\n<td style=\"width: 33.3333%; height: 24px; text-align: left; vertical-align: top;\">Teenindus<\/td>\n<td style=\"width: 33.3333%; height: 24px; text-align: left; vertical-align: top;\">Isikuteenindus<\/td>\n<td style=\"width: 33.3333%; height: 24px; text-align: left; vertical-align: top;\">juuksurit\u00f6\u00f6 ja iluteenindus<\/td>\n<\/tr>\n<tr style=\"height: 24px;\">\n<td style=\"width: 33.3333%; height: 24px; text-align: left; vertical-align: top;\"><\/td>\n<td style=\"width: 33.3333%; height: 24px; text-align: left; vertical-align: top;\"><\/td>\n<td style=\"width: 33.3333%; height: 24px; text-align: left; vertical-align: top;\">majutamine ja toitlustamine<\/td>\n<\/tr>\n<tr style=\"height: 24px;\">\n<td style=\"width: 33.3333%; height: 24px; text-align: left; vertical-align: top;\">Tehnika, tootmine ja ehitus<\/td>\n<td style=\"width: 33.3333%; height: 24px; text-align: left; vertical-align: top;\">Tootmine ja t\u00f6\u00f6tlemine<\/td>\n<td style=\"width: 33.3333%; height: 24px; text-align: left; vertical-align: top;\">toiduainete t\u00f6\u00f6tlemine<\/td>\n<\/tr>\n<tr style=\"height: 24px;\">\n<td style=\"width: 33.3333%; height: 24px; text-align: left; vertical-align: top;\">\u00c4rindus, haldus ja \u00f5igus<\/td>\n<td style=\"width: 33.3333%; height: 24px; text-align: left; vertical-align: top;\">\u00c4rindus ja haldus<\/td>\n<td style=\"width: 33.3333%; height: 24px; text-align: left; vertical-align: top;\">hulgi- ja jaekaubandus<\/td>\n<\/tr>\n<\/tbody>\n<\/table>\n<p>2. \u00d5ppevaldkonnas toimub fondi jaotus \u00f5ppekavade vahel proportsionaalselt \u00f5ppekaval \u00f5ppivate \u00f5pilaste arvule.<\/p>\n<p>3. Kui \u00f5ppekaval on \u00f5ppev\u00f5lgadeta taotlejate arv v\u00e4iksem, kui fond v\u00f5imaldab maksta, siis \u00fclej\u00e4\u00e4nud raha jaotatakse proportsionaalselt sama \u00f5ppekavar\u00fchma \u00f5ppekavade vahel. Kui ka sel juhul tekib \u00fclej\u00e4\u00e4k, siis k\u00f5igi \u00f5ppevaldkondade vahel proportsionaalselt tegevustoetuste<\/p>\n","protected":false},"excerpt":{"rendered":"<p>Kinnitatud kooli n\u00f5ukogus 31.08.2021 Tallinna Teeninduskooli \u00f5ppekorralduseeskirja lisa 6 \u00d5ppetoetuste m\u00e4\u00e4ramise komisjoni koosseis 1.\u00a0 P\u00f5hitoetuse fond eraldatakse \u00f5ppeasutusele riigieelarvest Haridus- ja Teadusministeeriumi eelarve kaudu. \u00d5ppeasutus jagab p\u00f5hitoetuse fondi \u00f5ppevaldkondade vahel proportsionaalselt tegevustoetustest moodustatud koolituskohtadega&#46;&#46;&#46;<\/p>\n","protected":false},"author":4,"featured_media":0,"parent":96,"menu_order":0,"comment_status":"closed","ping_status":"closed","template":"","meta":{"footnotes":""},"class_list":["post-4221","page","type-page","status-publish","hentry"],"_links":{"self":[{"href":"https:\/\/www.teeninduskool.ee\/index.php?rest_route=\/wp\/v2\/pages\/4221","targetHints":{"allow":["GET"]}}],"collection":[{"href":"https:\/\/www.teeninduskool.ee\/index.php?rest_route=\/wp\/v2\/pages"}],"about":[{"href":"https:\/\/www.teeninduskool.ee\/index.php?rest_route=\/wp\/v2\/types\/page"}],"author":[{"embeddable":true,"href":"https:\/\/www.teeninduskool.ee\/index.php?rest_route=\/wp\/v2\/users\/4"}],"replies":[{"embeddable":true,"href":"https:\/\/www.teeninduskool.ee\/index.php?rest_route=%2Fwp%2Fv2%2Fcomments&post=4221"}],"version-history":[{"count":5,"href":"https:\/\/www.teeninduskool.ee\/index.php?rest_route=\/wp\/v2\/pages\/4221\/revisions"}],"predecessor-version":[{"id":15457,"href":"https:\/\/www.teeninduskool.ee\/index.php?rest_route=\/wp\/v2\/pages\/4221\/revisions\/15457"}],"up":[{"embeddable":true,"href":"https:\/\/www.teeninduskool.ee\/index.php?rest_route=\/wp\/v2\/pages\/96"}],"wp:attachment":[{"href":"https:\/\/www.teeninduskool.ee\/index.php?rest_route=%2Fwp%2Fv2%2Fmedia&parent=4221"}],"curies":[{"name":"wp","href":"https:\/\/api.w.org\/{rel}","templated":true}]}}