{"id":424,"date":"2017-03-13T10:26:00","date_gmt":"2017-03-13T08:26:00","guid":{"rendered":"https:\/\/www.teeninduskool.ee\/?page_id=424"},"modified":"2017-03-13T10:26:00","modified_gmt":"2017-03-13T08:26:00","slug":"epper","status":"publish","type":"page","link":"https:\/\/www.teeninduskool.ee\/?page_id=424","title":{"rendered":"EPPER"},"content":{"rendered":"<h2 class=\"art-postheader\">EPPER<\/h2>\n<div class=\"art-postcontent\">\n<div class=\"art-article\">\n<p><strong>Erasmus+ kutseharidust\u00f6\u00f6tajate \u00f5pir\u00e4nde projekt \u201eEuroopa parimad praktikad ECVETi rakendamisel\u201c akron\u00fc\u00fcmiga EPPER<\/strong><\/p>\n<p>Projekti kestus: 01.06.2014 \u2013 01.06.2016.<\/p>\n<p>Projektis osalejad:<\/p>\n<p>Kehtna Majandus-ja Tehnoloogiakool (konsortsiumi juhtiv parter), Tartu Kutsehariduskeskus,<\/p>\n<p>Tallinna Pol\u00fctehnikum, Tallinna Teeninduskool, Tallinna T\u00f6\u00f6stushariduskeskus, J\u00e4rvamaa Kutsehariduskeskus, Haapsalu Kutsehariduskeskus, Tallinna Tehnika\u00fclikool, Tallinna \u00dclikool,<\/p>\n<p>SA Innove, SA Kutsekoda.<\/p>\n<p>Eesti kutse\u00f5ppes rakendatakse varasemate \u00f5pingute ja t\u00f6\u00f6kogemuse (V\u00d5TA) arvestamist peamiselt formaalhariduse osas ning l\u00e4htutakse ECVET-i p\u00f5him\u00f5tetest, sest V\u00d5TA on \u00fcks ECVET-i &#8220;t\u00f6\u00f6riist&#8221;. SA Innove poolt koordineeritud V\u00d5TA kutse\u00f5ppeasutuste v\u00f5rgustiku juhtr\u00fchm (edaspidi V\u00d5TA juhtr\u00fchm)\u00a0 on oma\u00a0 tegevust laiendamas mitteformaalsete kui ka informaalsete \u00f5pingute arvestamise osas.<\/p>\n<p>Projekti ECVET-Eesti raames tegutsenud ekspertr\u00fchm on v\u00e4lja t\u00f6\u00f6tanud ja kohandanud juhendmaterjale ning tutvustanud ECVET-i p\u00f5him\u00f5tteid kutse\u00f5ppeasutustele. V\u00d5TA juhtr\u00fchm ning ECVET-i ekspertr\u00fchm on j\u00f5udnud arusaamisele, et on \u00f5ige aeg \u00fchendada m\u00f5lema t\u00f6\u00f6r\u00fchma potentsiaal ning arendada \u00fchiselt ECVET-i rakendamise kompetentse. V\u00d5TA juhtr\u00fchm on l\u00e4binud esmase koolituse ECVET-i p\u00f5him\u00f5tete osas ning on valmis \u00fchinema ECVET-Eesti ekspertide r\u00fchmaga, rakendamaks t\u00f5husamalt elukestva \u00f5ppe p\u00f5him\u00f5tete rakendamist Eesti kutse\u00f5ppes.<\/p>\n<p>2012. aastal SA Archimedese eestvedamisel kokku kutsutud ECVET ekspertide <a href=\"http:\/\/www2.archimedes.ee\/hkk\/index.php?leht=959\">tiim<\/a>, kuhu kuuluvad ka V\u00d5TA juhtr\u00fchma liikmed, otsustas parimate ECVET-i rakendamise praktikatega tutvumiseks s\u00f5ita \u00f5pir\u00e4ndele Portugali ja \u0160otimaale. Kumbi on \u00fcles ehitanud eriilmelise ja oma maa vajadustest l\u00e4htuva ECVET-i rakendamise s\u00fcsteemi.<\/p>\n<p>\u00d5pir\u00e4nde eesm\u00e4rgiks on tutvuda, kuidas:<\/p>\n<p>&#8211; on korraldatud partnerriikide ECVET-keskuste v\u00f5i valdkonda koordineerivate institutsioonide t\u00f6\u00f6;<\/p>\n<p>&#8211; on jagatud\u00a0 vastutussalad partnerriikide erinevate institutsioonide vahel ECVET-i rakendamisel;<\/p>\n<p>&#8211; on korraldatud ECVET-i rakendamise statistiliste andmete kogumine partnerriikides;<\/p>\n<p>&#8211; on korraldatud partnerriikide ECVET-i siseriikliku v\u00f5rgustiku koost\u00f6\u00f6 ja ekspertide kompetentside arendamine;<\/p>\n<p>&#8211; on korraldatud ECVET-i teemalised koolitused ja n\u00f5ustamine partnerriikides;<\/p>\n<p>&#8211; on j\u00f5utud parima praktikani V\u00d5TA ja ECVET-i p\u00f5him\u00f5tete \u00fchildamisel;<\/p>\n<p>&#8211; toimib partnerriikides ECVET-i rakendamise alase teabe levitamine.<\/p>\n<p>Ajavahemikus 28.09-02.10.2015 k\u00fclastati Portugali ECVET-i rakendamise eest vastutavaid ja ECVET-i t\u00f6\u00f6riistana kasutavaid institutsioone: CECOA(Vocational Training Centre for the Commerce and Services), kes oli ka k\u00fclastuse juhtivaks partneriks, CCP (Portugese Trade Confederation), University CEPCEP, ECOL (Professional School), \u00a0COMPETIR (Private Company in VET), CENFIM (Vocational Training Center for Metallurgical Sector); DGERT (General Directorate for Employment and Industrial Relations).<\/p>\n<p>Ajavahemikus 18.04-20.04.2016 k\u00fclastati \u0160otimaa vastavaid institutsioone:<\/p>\n<p>SCQFP (Scottish credit and qualifications framework), kes oli ka k\u00fclastuse juhtivaks partneriks,<\/p>\n<p>Esinejad: ECVET in Scotland, ECORYS UK (the ECVET National Agency), QAA Scotland (the Scottish Higher Education RPL Network), West Collage Clydebank Campus, Light on the Path (Student\/apprentice Exchange Company), Stand International (Municipal Training Centre).<\/p>\n<\/div>\n<\/div>\n","protected":false},"excerpt":{"rendered":"<p>EPPER Erasmus+ kutseharidust\u00f6\u00f6tajate \u00f5pir\u00e4nde projekt \u201eEuroopa parimad praktikad ECVETi rakendamisel\u201c akron\u00fc\u00fcmiga EPPER Projekti kestus: 01.06.2014 \u2013 01.06.2016. Projektis osalejad: Kehtna Majandus-ja Tehnoloogiakool (konsortsiumi juhtiv parter), Tartu Kutsehariduskeskus, Tallinna Pol\u00fctehnikum, Tallinna Teeninduskool, Tallinna T\u00f6\u00f6stushariduskeskus, J\u00e4rvamaa&#46;&#46;&#46;<\/p>\n","protected":false},"author":4,"featured_media":0,"parent":84,"menu_order":0,"comment_status":"closed","ping_status":"closed","template":"","meta":{"footnotes":""},"class_list":["post-424","page","type-page","status-publish","hentry"],"_links":{"self":[{"href":"https:\/\/www.teeninduskool.ee\/index.php?rest_route=\/wp\/v2\/pages\/424","targetHints":{"allow":["GET"]}}],"collection":[{"href":"https:\/\/www.teeninduskool.ee\/index.php?rest_route=\/wp\/v2\/pages"}],"about":[{"href":"https:\/\/www.teeninduskool.ee\/index.php?rest_route=\/wp\/v2\/types\/page"}],"author":[{"embeddable":true,"href":"https:\/\/www.teeninduskool.ee\/index.php?rest_route=\/wp\/v2\/users\/4"}],"replies":[{"embeddable":true,"href":"https:\/\/www.teeninduskool.ee\/index.php?rest_route=%2Fwp%2Fv2%2Fcomments&post=424"}],"version-history":[{"count":0,"href":"https:\/\/www.teeninduskool.ee\/index.php?rest_route=\/wp\/v2\/pages\/424\/revisions"}],"up":[{"embeddable":true,"href":"https:\/\/www.teeninduskool.ee\/index.php?rest_route=\/wp\/v2\/pages\/84"}],"wp:attachment":[{"href":"https:\/\/www.teeninduskool.ee\/index.php?rest_route=%2Fwp%2Fv2%2Fmedia&parent=424"}],"curies":[{"name":"wp","href":"https:\/\/api.w.org\/{rel}","templated":true}]}}