{"id":429,"date":"2017-03-13T10:37:31","date_gmt":"2017-03-13T08:37:31","guid":{"rendered":"https:\/\/www.teeninduskool.ee\/?page_id=429"},"modified":"2017-03-13T10:37:31","modified_gmt":"2017-03-13T08:37:31","slug":"leonardo-da-vinci-opetajate-stazeerimisprojekt-opime-heast-kogemusest","status":"publish","type":"page","link":"https:\/\/www.teeninduskool.ee\/?page_id=429","title":{"rendered":"Leonardo da Vinci \u00f5petajate sta\u017eeerimisprojekt \u201e\u00d5pime heast kogemusest\u201c"},"content":{"rendered":"<h2 class=\"art-postheader\">Leonardo da Vinci \u00f5petajate sta\u017eeerimisprojekt \u201e\u00d5pime heast kogemusest\u201c<\/h2>\n<div class=\"art-postcontent\">\n<div class=\"art-article\">\n<p>Projekti partnerriike ja koole on kolm: Taani (Tech College Aalborg), Holland (Friesland College) ja Eesti (Tallinna Teeninduskool).<br \/>\nProjekti algab jaanuaris 2013 ja l\u00f5peb jaanuaris 2014.<\/p>\n<p>Projekti raames toimub n\u00e4dalapikkune l\u00e4hetus Teko toitlustusvaldkonna kutse\u00f5petajatele Taani ja kooli tugimeeskonna l\u00e4hetus Hollandisse. Partnerkoolid on valitud vastavalt nende erip\u00e4radele ja tugevustele. Hollandis on arenenud \u00f5pilaste mentorlus- ja tugis\u00fcsteem, mis on abiks Teko juba v\u00e4ljakujunemas tugis\u00fcsteemi t\u00e4iustamisel, Aalborgi kutsekool on aga \u00fcks suuremaid ja prestii\u017eemaid kutsekoole Taanis.<\/p>\n<p>Projekti rahastajab SA Archimedes Hariduskoost\u00f6\u00f6 keskus.<\/p>\n<\/div>\n<\/div>\n","protected":false},"excerpt":{"rendered":"<p>Leonardo da Vinci \u00f5petajate sta\u017eeerimisprojekt \u201e\u00d5pime heast kogemusest\u201c Projekti partnerriike ja koole on kolm: Taani (Tech College Aalborg), Holland (Friesland College) ja Eesti (Tallinna Teeninduskool). Projekti algab jaanuaris 2013 ja l\u00f5peb jaanuaris 2014. Projekti&#46;&#46;&#46;<\/p>\n","protected":false},"author":4,"featured_media":0,"parent":84,"menu_order":0,"comment_status":"closed","ping_status":"closed","template":"","meta":{"footnotes":""},"class_list":["post-429","page","type-page","status-publish","hentry"],"_links":{"self":[{"href":"https:\/\/www.teeninduskool.ee\/index.php?rest_route=\/wp\/v2\/pages\/429","targetHints":{"allow":["GET"]}}],"collection":[{"href":"https:\/\/www.teeninduskool.ee\/index.php?rest_route=\/wp\/v2\/pages"}],"about":[{"href":"https:\/\/www.teeninduskool.ee\/index.php?rest_route=\/wp\/v2\/types\/page"}],"author":[{"embeddable":true,"href":"https:\/\/www.teeninduskool.ee\/index.php?rest_route=\/wp\/v2\/users\/4"}],"replies":[{"embeddable":true,"href":"https:\/\/www.teeninduskool.ee\/index.php?rest_route=%2Fwp%2Fv2%2Fcomments&post=429"}],"version-history":[{"count":0,"href":"https:\/\/www.teeninduskool.ee\/index.php?rest_route=\/wp\/v2\/pages\/429\/revisions"}],"up":[{"embeddable":true,"href":"https:\/\/www.teeninduskool.ee\/index.php?rest_route=\/wp\/v2\/pages\/84"}],"wp:attachment":[{"href":"https:\/\/www.teeninduskool.ee\/index.php?rest_route=%2Fwp%2Fv2%2Fmedia&parent=429"}],"curies":[{"name":"wp","href":"https:\/\/api.w.org\/{rel}","templated":true}]}}