{"id":431,"date":"2017-03-13T10:39:16","date_gmt":"2017-03-13T08:39:16","guid":{"rendered":"https:\/\/www.teeninduskool.ee\/?page_id=431"},"modified":"2017-03-13T10:39:16","modified_gmt":"2017-03-13T08:39:16","slug":"nordplus-junior-study-and-flow","status":"publish","type":"page","link":"https:\/\/www.teeninduskool.ee\/?page_id=431","title":{"rendered":"Nordplus Junior \u201eSTUDY AND FLOW\u201c"},"content":{"rendered":"<h2 class=\"art-postheader\">Nordplus Junior \u201eSTUDY AND FLOW\u201c<\/h2>\n<div class=\"art-postcontent\">\n<div class=\"art-article\">\n<p>Projekti partnerriike ja koole on kolm: Soome (Koulutuskeskus Tavastia), Rootsi (Uppsala Ekebygymnasiet) ja Eesti (Tallinna Teeninduskool). Projekt algab augustis 2012 ja l\u00f5peb augustis 2013.<\/p>\n<p>Projekti raames toimuvad n\u00e4dalapikkused l\u00e4hetused, mille k\u00e4igus k\u00fclastatakse partnerkoole ning ollakse ka v\u00f5\u00f5rustaja rollis. Eesm\u00e4rgiks on julgustada \u00f5pilasi uute \u00f5pikeskkondade kasutamisel, tutvuda kohaliku k\u00f6\u00f6gikultuuri, \u00f5petamismeetodite,\u00a0t\u00f6\u00f6andjate (praktikabaaside) ja majandusolukorraga. Projekti oodatava tulemusena t\u00f5useb nii \u00f5pilaste kui ka \u00f5petajate teadlikkus, keeleoskus ja julgus \u2013 kokkuv\u00f5tvalt konkurentsiv\u00f5ime t\u00f6\u00f6turul.<\/p>\n<p>Projekti raames on loodud Facebooki grupp, kus huvilised ja asjaosalised saavad end toimuvaga kursis hoida. Huvi korral leiab grupi m\u00e4rks\u00f5na Study and Flow \u2013 Nordplus alt.<\/p>\n<p>Projekti rahastab Soome b\u00fcroo Centre for International Mobility (CIMO).<\/p>\n<\/div>\n<\/div>\n","protected":false},"excerpt":{"rendered":"<p>Nordplus Junior \u201eSTUDY AND FLOW\u201c Projekti partnerriike ja koole on kolm: Soome (Koulutuskeskus Tavastia), Rootsi (Uppsala Ekebygymnasiet) ja Eesti (Tallinna Teeninduskool). Projekt algab augustis 2012 ja l\u00f5peb augustis 2013. Projekti raames toimuvad n\u00e4dalapikkused l\u00e4hetused,&#46;&#46;&#46;<\/p>\n","protected":false},"author":4,"featured_media":0,"parent":84,"menu_order":0,"comment_status":"closed","ping_status":"closed","template":"","meta":{"footnotes":""},"class_list":["post-431","page","type-page","status-publish","hentry"],"_links":{"self":[{"href":"https:\/\/www.teeninduskool.ee\/index.php?rest_route=\/wp\/v2\/pages\/431","targetHints":{"allow":["GET"]}}],"collection":[{"href":"https:\/\/www.teeninduskool.ee\/index.php?rest_route=\/wp\/v2\/pages"}],"about":[{"href":"https:\/\/www.teeninduskool.ee\/index.php?rest_route=\/wp\/v2\/types\/page"}],"author":[{"embeddable":true,"href":"https:\/\/www.teeninduskool.ee\/index.php?rest_route=\/wp\/v2\/users\/4"}],"replies":[{"embeddable":true,"href":"https:\/\/www.teeninduskool.ee\/index.php?rest_route=%2Fwp%2Fv2%2Fcomments&post=431"}],"version-history":[{"count":0,"href":"https:\/\/www.teeninduskool.ee\/index.php?rest_route=\/wp\/v2\/pages\/431\/revisions"}],"up":[{"embeddable":true,"href":"https:\/\/www.teeninduskool.ee\/index.php?rest_route=\/wp\/v2\/pages\/84"}],"wp:attachment":[{"href":"https:\/\/www.teeninduskool.ee\/index.php?rest_route=%2Fwp%2Fv2%2Fmedia&parent=431"}],"curies":[{"name":"wp","href":"https:\/\/api.w.org\/{rel}","templated":true}]}}