{"id":435,"date":"2017-03-13T10:42:37","date_gmt":"2017-03-13T08:42:37","guid":{"rendered":"https:\/\/www.teeninduskool.ee\/?page_id=435"},"modified":"2017-03-13T10:42:37","modified_gmt":"2017-03-13T08:42:37","slug":"points-to-reality","status":"publish","type":"page","link":"https:\/\/www.teeninduskool.ee\/?page_id=435","title":{"rendered":"Points to Reality"},"content":{"rendered":"<h2 class=\"art-postheader\">Points to Reality<\/h2>\n<div class=\"art-postcontent\">\n<div class=\"art-article\">\n<p><strong>Leonardo da Vinci \u00f5pr\u00e4ndeprojekt Points to Reality, kestvus 2011-2012<br \/>\n<\/strong>Projekti sisuks on 7 erineva eriala \u00f5pilase 4-n\u00e4dalane \u00f5ppepraktika Soomes. \u00d5pir\u00e4nde projekt eesm\u00e4rgiks on Interreg HETA ECVET projekti tulemusel loodud \u00fchtsete praktikamoodulite testimine.<\/p>\n<p>Potentsiaalsete osalejate valikul l\u00e4htutakse kandidaatide \u00f5ppeedukusest, keeleoskusest, \u00f5pitavast erialast ja valmisolekust l\u00e4hetuses viibida. K\u00f5ik l\u00e4hetatavad saavad praktika l\u00f5ppemise j\u00e4rel EUROPASSi tunnistuse.<br \/>\nProjekti rahastab SA Archimedes Hariduskoost\u00f6\u00f6 keskus.<\/p>\n<\/div>\n<\/div>\n","protected":false},"excerpt":{"rendered":"<p>Points to Reality Leonardo da Vinci \u00f5pr\u00e4ndeprojekt Points to Reality, kestvus 2011-2012 Projekti sisuks on 7 erineva eriala \u00f5pilase 4-n\u00e4dalane \u00f5ppepraktika Soomes. \u00d5pir\u00e4nde projekt eesm\u00e4rgiks on Interreg HETA ECVET projekti tulemusel loodud \u00fchtsete praktikamoodulite&#46;&#46;&#46;<\/p>\n","protected":false},"author":4,"featured_media":0,"parent":84,"menu_order":0,"comment_status":"closed","ping_status":"closed","template":"","meta":{"footnotes":""},"class_list":["post-435","page","type-page","status-publish","hentry"],"_links":{"self":[{"href":"https:\/\/www.teeninduskool.ee\/index.php?rest_route=\/wp\/v2\/pages\/435","targetHints":{"allow":["GET"]}}],"collection":[{"href":"https:\/\/www.teeninduskool.ee\/index.php?rest_route=\/wp\/v2\/pages"}],"about":[{"href":"https:\/\/www.teeninduskool.ee\/index.php?rest_route=\/wp\/v2\/types\/page"}],"author":[{"embeddable":true,"href":"https:\/\/www.teeninduskool.ee\/index.php?rest_route=\/wp\/v2\/users\/4"}],"replies":[{"embeddable":true,"href":"https:\/\/www.teeninduskool.ee\/index.php?rest_route=%2Fwp%2Fv2%2Fcomments&post=435"}],"version-history":[{"count":0,"href":"https:\/\/www.teeninduskool.ee\/index.php?rest_route=\/wp\/v2\/pages\/435\/revisions"}],"up":[{"embeddable":true,"href":"https:\/\/www.teeninduskool.ee\/index.php?rest_route=\/wp\/v2\/pages\/84"}],"wp:attachment":[{"href":"https:\/\/www.teeninduskool.ee\/index.php?rest_route=%2Fwp%2Fv2%2Fmedia&parent=435"}],"curies":[{"name":"wp","href":"https:\/\/api.w.org\/{rel}","templated":true}]}}