{"id":437,"date":"2017-03-13T10:45:39","date_gmt":"2017-03-13T08:45:39","guid":{"rendered":"https:\/\/www.teeninduskool.ee\/?page_id=437"},"modified":"2017-03-13T10:45:39","modified_gmt":"2017-03-13T08:45:39","slug":"opilased-opivad-praktikal","status":"publish","type":"page","link":"https:\/\/www.teeninduskool.ee\/?page_id=437","title":{"rendered":"\u00d5pilased \u00f5pivad praktikal"},"content":{"rendered":"<h2 class=\"art-postheader\">\u00d5pilased \u00f5pivad praktikal<\/h2>\n<div class=\"art-postcontent\">\n<div class=\"art-article\">\n<p><strong>Leonardo da Vinci \u00f5pir\u00e4ndeprojekt \u00d5pilased \u00f5pivad praktikal, kestvus 2011-2013<\/strong><\/p>\n<p>Projekti eem\u00e4rgiks on 12 erineva eriala \u00f5pilase 8-n\u00e4dalane \u00f5ppepraktika Itaalias, Soomes v\u00f5i Saksamaal.<\/p>\n<p>Potentsiaalsete osalejate valikul l\u00e4htutakse kandidaatide \u00f5ppeedukusest, keeleoskusest, \u00f5pitavast erialast ja valmisolekust l\u00e4hetuses viibida. K\u00f5ik l\u00e4hetatavad saavad praktika l\u00f5ppemise j\u00e4rel EUROPASSi tunnistuse.<\/p>\n<p>Projekti rahastab SA Archimedes Hariduskoost\u00f6\u00f6 keskus.<\/p>\n<\/div>\n<\/div>\n","protected":false},"excerpt":{"rendered":"<p>\u00d5pilased \u00f5pivad praktikal Leonardo da Vinci \u00f5pir\u00e4ndeprojekt \u00d5pilased \u00f5pivad praktikal, kestvus 2011-2013 Projekti eem\u00e4rgiks on 12 erineva eriala \u00f5pilase 8-n\u00e4dalane \u00f5ppepraktika Itaalias, Soomes v\u00f5i Saksamaal. Potentsiaalsete osalejate valikul l\u00e4htutakse kandidaatide \u00f5ppeedukusest, keeleoskusest, \u00f5pitavast erialast&#46;&#46;&#46;<\/p>\n","protected":false},"author":4,"featured_media":0,"parent":84,"menu_order":0,"comment_status":"closed","ping_status":"closed","template":"","meta":{"footnotes":""},"class_list":["post-437","page","type-page","status-publish","hentry"],"_links":{"self":[{"href":"https:\/\/www.teeninduskool.ee\/index.php?rest_route=\/wp\/v2\/pages\/437","targetHints":{"allow":["GET"]}}],"collection":[{"href":"https:\/\/www.teeninduskool.ee\/index.php?rest_route=\/wp\/v2\/pages"}],"about":[{"href":"https:\/\/www.teeninduskool.ee\/index.php?rest_route=\/wp\/v2\/types\/page"}],"author":[{"embeddable":true,"href":"https:\/\/www.teeninduskool.ee\/index.php?rest_route=\/wp\/v2\/users\/4"}],"replies":[{"embeddable":true,"href":"https:\/\/www.teeninduskool.ee\/index.php?rest_route=%2Fwp%2Fv2%2Fcomments&post=437"}],"version-history":[{"count":0,"href":"https:\/\/www.teeninduskool.ee\/index.php?rest_route=\/wp\/v2\/pages\/437\/revisions"}],"up":[{"embeddable":true,"href":"https:\/\/www.teeninduskool.ee\/index.php?rest_route=\/wp\/v2\/pages\/84"}],"wp:attachment":[{"href":"https:\/\/www.teeninduskool.ee\/index.php?rest_route=%2Fwp%2Fv2%2Fmedia&parent=437"}],"curies":[{"name":"wp","href":"https:\/\/api.w.org\/{rel}","templated":true}]}}