{"id":446,"date":"2017-03-13T10:52:25","date_gmt":"2017-03-13T08:52:25","guid":{"rendered":"https:\/\/www.teeninduskool.ee\/?page_id=446"},"modified":"2017-03-13T10:52:35","modified_gmt":"2017-03-13T08:52:35","slug":"446-2","status":"publish","type":"page","link":"https:\/\/www.teeninduskool.ee\/?page_id=446","title":{"rendered":"Becult Extend"},"content":{"rendered":"<h2 class=\"art-postheader\">Becult Extend<\/h2>\n<div class=\"art-postcontent\">\n<div class=\"art-article\">\n<p>\u00a0<img decoding=\"async\" src=\"https:\/\/www.teeninduskool.ee\/images\/stories\/leonardo_logo.pjpeg.JPG\" border=\"0\" \/><\/p>\n<p><strong>BE CuLT eXTeND<br \/>\nBasic E-Cultural and Linguistic Training \u2013 Extended Version<br \/>\n(Kultuuriline ja keeleline alg\u00f5pe, laiendatud versioon)<\/strong><\/p>\n<p>Projekt kestab 2 aastat, 1. oktoobrist 2008 kuni 1. oktoobrini 2010<br \/>\nProjekti eem\u00e4rgiks on luua Interneti-p\u00f5hine eesti keele ja kultuuri \u00f5ppevara, keskendudes majutus-teenindusvaldkonna s\u00f5navarale. Tegemist on j\u00e4tkuprojektiga. Eelneva pilootprojekti raames valmis veebip\u00f5hine \u00f5ppekeskkond aadressil <a href=\"http:\/\/www.becult.org\/\">www.becult.org<\/a>.<br \/>\nKoordinaatormaa on Saksamaa,\u00a0 Kiezk\u00fcchen Ausbildungs ggmbh, <a href=\"http:\/\/www.kiezkuechen.de\/\">www.kiezkuechen.de<\/a>, projektijuht Mats Landgren.<br \/>\nTallinna Teeninduskool osaleb uue partnerina. V\u00f5tmeisikutena seotud projektijuht Hele Liiv-Tellmann, f\u00fc\u00fcsika ja keemia \u00f5petaja Kaido Tiits ja karj\u00e4\u00e4rin\u00f5ustaja Anne M\u00e4e. Teiste \u00f5petajate ja \u00f5pilaste kaasamine vastavalt vajadusele.<br \/>\nKontaktisik TEKOs on Hele Liiv-Tellmann, <a href=\"mailto:hele.liiv@teeninduskool.ee\">hele.liiv@teeninduskool.ee<\/a>.<br \/>\nProjektis osalevad partnerriigid ja\u00a0 koolid:<br \/>\n1. Saksamaa: Kiezk\u00fcchen Ausbildungs ggmbh<br \/>\n2. Prantsusmaa: Centre de Formation d\u2019Apprentis de l\u2019Hotellerie et du Commerce de la CCI Perpignan<br \/>\n3. Itaalia: Associazione CNOS\/FAP Regione Sicilia<br \/>\n4. Holland: Amarantis Onderwijsgroep \/ ROC ASA<br \/>\n5. Soome: Pirkanmaan koulutuskonserni-kuntayhtym\u00e4<br \/>\n6. Hispaania: FASE &#8211; Formaci\u00f3n y asesores en selecci\u00f3n y Empleo.<br \/>\n7. Eesti: Tallinna Teeninduskool<br \/>\n8. T\u00fcrgi: POINT Proje Insaat Taahhut Muhendislik ve Ticaret Ltd.Sti<\/p>\n<\/div>\n<\/div>\n","protected":false},"excerpt":{"rendered":"<p>Becult Extend \u00a0 BE CuLT eXTeND Basic E-Cultural and Linguistic Training \u2013 Extended Version (Kultuuriline ja keeleline alg\u00f5pe, laiendatud versioon) Projekt kestab 2 aastat, 1. oktoobrist 2008 kuni 1. oktoobrini 2010 Projekti eem\u00e4rgiks on&#46;&#46;&#46;<\/p>\n","protected":false},"author":4,"featured_media":0,"parent":84,"menu_order":0,"comment_status":"closed","ping_status":"closed","template":"","meta":{"footnotes":""},"class_list":["post-446","page","type-page","status-publish","hentry"],"_links":{"self":[{"href":"https:\/\/www.teeninduskool.ee\/index.php?rest_route=\/wp\/v2\/pages\/446","targetHints":{"allow":["GET"]}}],"collection":[{"href":"https:\/\/www.teeninduskool.ee\/index.php?rest_route=\/wp\/v2\/pages"}],"about":[{"href":"https:\/\/www.teeninduskool.ee\/index.php?rest_route=\/wp\/v2\/types\/page"}],"author":[{"embeddable":true,"href":"https:\/\/www.teeninduskool.ee\/index.php?rest_route=\/wp\/v2\/users\/4"}],"replies":[{"embeddable":true,"href":"https:\/\/www.teeninduskool.ee\/index.php?rest_route=%2Fwp%2Fv2%2Fcomments&post=446"}],"version-history":[{"count":0,"href":"https:\/\/www.teeninduskool.ee\/index.php?rest_route=\/wp\/v2\/pages\/446\/revisions"}],"up":[{"embeddable":true,"href":"https:\/\/www.teeninduskool.ee\/index.php?rest_route=\/wp\/v2\/pages\/84"}],"wp:attachment":[{"href":"https:\/\/www.teeninduskool.ee\/index.php?rest_route=%2Fwp%2Fv2%2Fmedia&parent=446"}],"curies":[{"name":"wp","href":"https:\/\/api.w.org\/{rel}","templated":true}]}}