{"id":449,"date":"2017-03-13T10:56:11","date_gmt":"2017-03-13T08:56:11","guid":{"rendered":"https:\/\/www.teeninduskool.ee\/?page_id=449"},"modified":"2017-03-13T10:56:11","modified_gmt":"2017-03-13T08:56:11","slug":"vanker","status":"publish","type":"page","link":"https:\/\/www.teeninduskool.ee\/?page_id=449","title":{"rendered":"VANKeR"},"content":{"rendered":"<h2 class=\"art-postheader\">VANKeR<\/h2>\n<div class=\"art-postcontent\">\n<div class=\"art-article\">\n<p><strong>\u00dcLDEESM\u00c4RK<\/strong><\/p>\n<p>E-\u00f5ppematerjalide ja \u00f5petajakoolituse edasiarendamise ning toetava<br \/>\nv\u00f5rgustiku toimimise tulemusena VANKeR programmis on \u00f5ppijate mobiilsus ja<br \/>\n\u00f5ppeprotsessi kvaliteet kutse\u00f5ppes t\u00f5usnud.<\/p>\n<p><strong>ALAEESM\u00c4RGID<\/strong><\/p>\n<p>\u2022 Kutsestandarditel p\u00f5hinevatele riiklikele \u00f5ppekavadele vastavate<br \/>\nkaasaegsete ja kvaliteetsete e-\u00f5ppematerjalide v\u00e4ljat\u00f6\u00f6tamise ja<br \/>\nk\u00e4ttesaadavaks tegemise tulemusena on \u00f5ppe kvaliteet kutsehariduses<br \/>\nt\u00f5usnud.<\/p>\n<p>\u2022 E-\u00f5ppe koolitusprogrammi edasiarendamise tulemusena on kasvanud<br \/>\nkutse\u00f5ppeasutuste \u00f5petajate kompetentsus e-\u00f5ppe vahendite ja v\u00f5imaluste\u00a0rakendamisel \u00f5ppet\u00f6\u00f6s.<\/p>\n<p>\u2022 E-\u00f5ppe informatsiooni k\u00e4ttesaadavus kutse\u00f5ppeasutustele ja laiemale<br \/>\navalikkusele on kasvanud.<\/p>\n<p><strong>TEGEVUSED<\/strong><\/p>\n<p>1. Kutsestandarditel p\u00f5hinevatele riiklikele \u00f5ppekavadele vastavate<br \/>\ne-\u00f5ppematerjalide v\u00e4ljat\u00f6\u00f6tamine ja k\u00e4ttesaadavaks tegemine l\u00e4htuvalt<br \/>\nkaardistatud vajadustest, sh:<\/p>\n<p>\u2022 e-\u00f5ppematerjalide vajaduste kaardistamine koost\u00f6\u00f6s kutsehariduse<br \/>\nsisulise arendamise programmi 2007-2013 elluviija Riikliku Eksami-ja<br \/>\nKvalifikatsioonikeskusega;<\/p>\n<p>\u2022 e-kursuste v\u00e4ljat\u00f6\u00f6tamine ja k\u00e4ttesaadavaks muutmine; e-kursus sisaldab<br \/>\ninteraktiivseid elektroonilisi \u00f5ppematerjale ja \u00f5ppeprotsessi kirjeldust<br \/>\ne-\u00f5ppes;<\/p>\n<p>\u2022 interaktiivsete \u00f5piobjektide v\u00e4ljat\u00f6\u00f6tamine ja\u00a0 k\u00e4ttesaadavaks tegemine.<\/p>\n<p>2. E-\u00f5ppe koolitusprogrammi edasiarendamine kutse\u00f5ppeasutuste<br \/>\nharidustehnoloogidele ja \u00f5petajatele l\u00e4htuvalt haridustehnoloogilistest<br \/>\np\u00e4devustest, sh:<\/p>\n<p>\u2022 uute koolituskursuste v\u00e4ljat\u00f6\u00f6tamine e-\u00f5ppe koolitusprogrammi;<\/p>\n<p>\u2022 olemasolevate koolituskursuste uuendamine e-\u00f5ppe koolitusprogrammis;<\/p>\n<p>\u2022 kutse\u00f5ppeasutuste \u00f5petajatele suunatud e-\u00f5ppealaste koolituste<br \/>\nl\u00e4biviimine, \u00f5petajad omandavad teadmisi ja praktilisi oskusi e-\u00f5ppe<br \/>\nsisutootmiseks.<\/p>\n<p>3. Teavitustegevus. E-\u00f5ppe informatsiooni laialdasem levitamine<br \/>\nkutse\u00f5ppeasutustes ja \u00fchiskonnas tervikuna, sh:<\/p>\n<p>\u2022 e-\u00f5ppe uudiskirja toimetamine ja v\u00e4ljaandmine, kajastamaks e-\u00f5ppe<br \/>\naktuaalseid teemasid;<\/p>\n<p>\u2022 regionaalsete e-\u00f5ppe seminaride ja infop\u00e4evade l\u00e4biviimine;<\/p>\n<p>\u2022 e-\u00f5ppe info- ja turundusmaterjalide koostamine ja v\u00e4ljaandmine.<\/p>\n<p><strong>Koordinaator:<\/strong> Eesti Infotehnoloogia Sihtasutus<\/p>\n<p><strong>Kontaktisik TEKO-s:<\/strong> Lui Piirsalu<\/p>\n<p><strong>Partnerid:<\/strong><\/p>\n<ul>\n<li>Riiklik Eksami- ja Kvalifikatsioonikeskus<\/li>\n<li>Eesti Hotelli- ja Turismimajanduse Erakool<\/li>\n<li>Haapsalu Kutsehariduskeskus<\/li>\n<li>Hiiumaa Ametikool<\/li>\n<li>Ida-Virumaa Kutsehariduskeskus<\/li>\n<li>Kehtna Majandus-ja Tehnoloogiakool<\/li>\n<li>J\u00e4rvamaa Kutsehariduskeskus<\/li>\n<li>Kuressaare Ametikool<\/li>\n<li>Luua Metsanduskool<\/li>\n<li>Narva Kutse\u00f5ppekeskus<\/li>\n<li>Olustvere Teenindus- ja Maamajanduskool<\/li>\n<li>P\u00f5ltsamaa Ametikool<\/li>\n<li>P\u00e4rnumaa Kutsehariduskeskus<\/li>\n<li>P\u00e4rnu Saksa Tehnoloogiakool<\/li>\n<li>Rakvere Ametikool<\/li>\n<li>R\u00e4pina Aianduskool<\/li>\n<li>Tallinna Ehituskool<\/li>\n<li>Tallinna Kopli Ametikool<\/li>\n<li>Tallinna Lasnam\u00e4e Mehaanikakool<\/li>\n<li>Tallinna Majanduskool<\/li>\n<li>Tallinna Pol\u00fctehnikum<\/li>\n<li>Tallinna Teeninduskool<\/li>\n<li>Tallinna T\u00f6\u00f6stushariduskeskus<\/li>\n<li>Tartu Kutsehariduskeskus<\/li>\n<li>Tartu Kunstikool<\/li>\n<li>Valgamaa Kutse\u00f5ppekeskus<\/li>\n<li>V\u00f5rumaa Kutsehariduskeskus<\/li>\n<\/ul>\n<\/div>\n<\/div>\n","protected":false},"excerpt":{"rendered":"<p>VANKeR \u00dcLDEESM\u00c4RK E-\u00f5ppematerjalide ja \u00f5petajakoolituse edasiarendamise ning toetava v\u00f5rgustiku toimimise tulemusena VANKeR programmis on \u00f5ppijate mobiilsus ja \u00f5ppeprotsessi kvaliteet kutse\u00f5ppes t\u00f5usnud. ALAEESM\u00c4RGID \u2022 Kutsestandarditel p\u00f5hinevatele riiklikele \u00f5ppekavadele vastavate kaasaegsete ja kvaliteetsete e-\u00f5ppematerjalide v\u00e4ljat\u00f6\u00f6tamise ja&#46;&#46;&#46;<\/p>\n","protected":false},"author":4,"featured_media":0,"parent":84,"menu_order":0,"comment_status":"closed","ping_status":"closed","template":"","meta":{"footnotes":""},"class_list":["post-449","page","type-page","status-publish","hentry"],"_links":{"self":[{"href":"https:\/\/www.teeninduskool.ee\/index.php?rest_route=\/wp\/v2\/pages\/449","targetHints":{"allow":["GET"]}}],"collection":[{"href":"https:\/\/www.teeninduskool.ee\/index.php?rest_route=\/wp\/v2\/pages"}],"about":[{"href":"https:\/\/www.teeninduskool.ee\/index.php?rest_route=\/wp\/v2\/types\/page"}],"author":[{"embeddable":true,"href":"https:\/\/www.teeninduskool.ee\/index.php?rest_route=\/wp\/v2\/users\/4"}],"replies":[{"embeddable":true,"href":"https:\/\/www.teeninduskool.ee\/index.php?rest_route=%2Fwp%2Fv2%2Fcomments&post=449"}],"version-history":[{"count":0,"href":"https:\/\/www.teeninduskool.ee\/index.php?rest_route=\/wp\/v2\/pages\/449\/revisions"}],"up":[{"embeddable":true,"href":"https:\/\/www.teeninduskool.ee\/index.php?rest_route=\/wp\/v2\/pages\/84"}],"wp:attachment":[{"href":"https:\/\/www.teeninduskool.ee\/index.php?rest_route=%2Fwp%2Fv2%2Fmedia&parent=449"}],"curies":[{"name":"wp","href":"https:\/\/api.w.org\/{rel}","templated":true}]}}