{"id":451,"date":"2017-03-13T10:59:40","date_gmt":"2017-03-13T08:59:40","guid":{"rendered":"https:\/\/www.teeninduskool.ee\/?page_id=451"},"modified":"2017-03-13T10:59:40","modified_gmt":"2017-03-13T08:59:40","slug":"is","status":"publish","type":"page","link":"https:\/\/www.teeninduskool.ee\/?page_id=451","title":{"rendered":"IS"},"content":{"rendered":"<h2 class=\"art-postheader\">IS<\/h2>\n<div class=\"art-postcontent\">\n<div class=\"art-article\">\n<p><strong>Integratsiooni Sihtasutusel on k\u00e4ivitunud mitmed projektid, milles osalevad ka Tallinna Teeninduskooli \u00f5petajad. K\u00f5ik tegevused on suunatud muukeelsete \u00f5pilaste ja \u00f5petajate t\u00e4iendavale eesti keele \u00f5ppele.<\/strong><\/p>\n<p><strong>KUTSEKVALIFIKATSIOONIEKSAMIKS ETTEVALMISTUS EBAPIISAVA EESTI KEELE OSKUSEGA T\u00c4ISKASVANUTELE<\/strong><br \/>\nKoostatakse kutsealal t\u00f6\u00f6tamiseks vajaliku s\u00f5navara nimekiri ja korraldatakse 120-tunnine eesti keele koolitus, koost\u00f6\u00f6s kutse\u00f5petajate ja erialaspetsialistidega t\u00f6\u00f6tatakse v\u00e4lja koolitusmaterjalid.<br \/>\nKoostatakse j\u00e4tkukoolituse kava kutsetele, mille puhul kutsestandard n\u00f5uab k\u00f5rgemat taset kui A2.<br \/>\nKorraldatakse praktikaprogrammi rakendamist t\u00f6\u00f6kohal \u00f5ppimiseks eestikeelses keskkonnas.<br \/>\nS\u00f5navara nimekirjad koostatakse 3 valdkonnas soovitavalt nii eesti-vene kui vene-eesti keelsena. Samuti koolitusmaterjalid 3 valdkonnas \u00fche valdkonna erialadele \u00fchine.<br \/>\n<strong>Sihtr\u00fchm<br \/>\n<\/strong>M\u00fc\u00fcja, juuksuri, kosmeetiku, koka ja kelneri erialal \u00f5ppivad noored ning vastavatel erialadel t\u00f6\u00f6tavad t\u00e4iskasvanud<br \/>\n<strong>\u00d5ppevara<\/strong><br \/>\nKoostatakse erialase eesti keele koolitusmaterjalid m\u00fc\u00fcja erialale, \u00fchine materjal juuksuri ja kosmeetiku ning \u00fchine materjal koka ja kelneri erialale.<br \/>\nKoostatakse s\u00f5navaraloendid m\u00fc\u00fcja erialale, \u00fchine loend juuksuri ja kosmeetiku ning koka ja kelneri erialale. S\u00f5navaraloend ilmub vene-eesti ja eesti-vene keeles, sisaldades p\u00f5hilisi erialaseid termineid ning n\u00e4idislauseid.<br \/>\n<strong>Koolitused<br \/>\n<\/strong>Korraldatakse 120-tunnine erialase eesti keele koolitus, mille l\u00e4bivad 250 inimest. Koolituse eesm\u00e4rgiks on valmistada ette esimese taseme kutsekvalifikatsioonieksamiks. Eelnevalt testitakse osalejate keeletaset, mis peab vastama v\u00e4hemalt A2 keeleoskustasemele. Koolituse l\u00e4bides peaks osalejate keeleoskustase j\u00f5udma B1 tasemele, mida on n\u00f5utud ka kutsestandardites. Eelnimetatud erialadel koostatakse ka j\u00e4tkukoolituse kavad.<br \/>\n<strong>Praktika<\/strong><br \/>\n\u00d5ppuritel toetatakse \u00f5ppekava j\u00e4rgset praktikat majutus- ja s\u00f5idukulude kompenseerimisega \u00f5ppimiseks eestikeelses t\u00f6\u00f6keskkonnas.<br \/>\n<strong>Projektijuht:<\/strong> Merlin M\u00e4gi <a href=\"mailto:merlin.magi@meis.ee\">merlin.magi@meis.ee<\/a><br \/>\nTallinna Teeninduskooli poolt osaleb eksperdina projektijuht Hele Liiv-Tellmann (<a href=\"mailto:hele.liiv@teeninduskool.ee\">hele.liiv@teeninduskool.ee<\/a>, +372 6053115, +372 56941100).<\/p>\n<p><strong>\u00d5PPEMATERJALIDE KATSETAMINE JA T\u00c4IENDAMINE<\/strong><br \/>\nJ\u00e4tkutegevusena katsetatakse kutsekoolides varem pilootprojekti Eestikeelse \u00f5ppe ja \u00f5ppevara arendamine muukeelsetes kutsekoolides k\u00e4igus v\u00e4lja antud \u00f5ppematerjale.<br \/>\n<strong>Projektijuht:<\/strong> Reet Kallo <a href=\"mailto:reet.kallo@meis.ee\">reet.kallo@meis.ee<\/a><br \/>\nTallinna Teeninduskooli poolt osalevad \u00f5ppematerjalide katsetajatena \u00f5petajad Kiira Nesterova ja Valentina Korotkova, kes testivad materjale Sille P\u00f5ldma \u201eErialase eesti keele \u00f5ppematerjalid kokanduse erialale\u201c. Vajadusel koordineerib tegevust projektijuht Hele Liiv-Tellmann (<a href=\"mailto:hele.liiv@teeninduskool.ee\">hele.liiv@teeninduskool.ee<\/a>, +372 6053115, +372 56941100).<\/p>\n<p><strong>EESTI KEELEST ERINEVA EMAKEELEGA KUTSE\u00d5PPURITE EESTI KEELE T\u00c4IENDAVA \u00d5PPE KORRALDAMINE<\/strong><br \/>\nKorraldatakse eesti keele t\u00e4iendavat \u00f5pet eesti keelest erineva emakeelega \u00f5ppuritele, kes \u00f5pivad eesti \u00f5ppekeelega kutse\u00f5pper\u00fchmas ja vene \u00f5ppekeelega r\u00fchmades.<br \/>\nToimivad programmid, mis korraldatakse t\u00e4iendavalt riikliku koolitustellimuse raames rahastatud \u00f5ppele. \u00d5ppe eesm\u00e4rgiks on \u00fcldkeele ja \u00f5ppimiseks ning ametialaseks tegevuseks vajaliku keeleoskuse omandamine, \u00f5ppe kestvus v\u00f5ib varieeruda (kuni 1 aastani), \u00f5pe v\u00f5ib olla korraldatud paralleelselt eriala ja \u00fcldharidus\u00f5ppega, \u00f5ppet\u00f6\u00f6 alguses ja l\u00f5pus kontrollitakse \u00f5ppurite eesti keele oskuse taset, \u00f5pet v\u00f5ib korraldada erinevate aastate \u00f5ppuritele. Eelistatud on keele- ja eriala\u00f5pet integreerivad programmid, sh praktikaprogrammid eestikeelses t\u00f6\u00f6keskkonnas.<br \/>\nTegevuse raames t\u00f6\u00f6tatakse v\u00e4lja keele\u00f5pet toetav kutse\u00f5ppeasutuste Eestis l\u00e4bi viidavate vahetusprojektide, sh ka praktikavahetusprojektide ja Eesti kultuuriruumi tutvustavad programmid.<br \/>\n<strong>Ootame ettepanekuid!<br \/>\n<\/strong>Tegevuse k\u00e4igus ootame kutsekoolidelt ettepanekuid, kuidas nemad ise tahaksid oma muukeelsetele \u00f5pilastele t\u00e4iendavalt eesti keele \u00f5pet korraldada. Vastavalt kooli vajadustele ja v\u00f5imalustele.<br \/>\nProgrammi tegevuse kirjeldus<br \/>\nProgrammi tegevuse ettepanekuvorm<br \/>\nKui tegevus vastab programmi eesm\u00e4rkidele ja n\u00f5uetele, siis hakkame seda koos tegema. Vajalik on, et koolidel oleks endal ideid ja nende \u00f5pilastel vajadus ja huvi t\u00e4iendava keele\u00f5ppe vastu. Igati teretulnud on koolidevaheline koost\u00f6\u00f6!<br \/>\nIntegratsiooni Sihtasutus <strong>kogub ettepanekuid<\/strong> kutse\u00f5ppeasutustelt j\u00e4rgmistel aegadel:<br \/>\n1. september \u2013 31. oktoober 2008<br \/>\n1. veebruar \u2013 31. m\u00e4rts 2009<br \/>\n1. september \u2013 31. oktoober 2009<br \/>\n1. veebruar \u2013 31. m\u00e4rts 2010<br \/>\n<strong>Projektijuht:<\/strong> Edydt Johanson <a href=\"mailto:edydt.johanson@meis.ee\">edydt.johanson@meis.ee<\/a><br \/>\nTallinna Teeninduskooli poolt koordineerib tegevust projektijuht Hele Liiv-Tellmann <a href=\"mailto:hele.liiv@teeninduskool.ee\">hele.liiv@teeninduskool.ee<\/a>, +372 6053115, +372 56941100).<\/p>\n<\/div>\n<\/div>\n","protected":false},"excerpt":{"rendered":"<p>IS Integratsiooni Sihtasutusel on k\u00e4ivitunud mitmed projektid, milles osalevad ka Tallinna Teeninduskooli \u00f5petajad. K\u00f5ik tegevused on suunatud muukeelsete \u00f5pilaste ja \u00f5petajate t\u00e4iendavale eesti keele \u00f5ppele. KUTSEKVALIFIKATSIOONIEKSAMIKS ETTEVALMISTUS EBAPIISAVA EESTI KEELE OSKUSEGA T\u00c4ISKASVANUTELE Koostatakse kutsealal&#46;&#46;&#46;<\/p>\n","protected":false},"author":4,"featured_media":0,"parent":84,"menu_order":0,"comment_status":"closed","ping_status":"closed","template":"","meta":{"footnotes":""},"class_list":["post-451","page","type-page","status-publish","hentry"],"_links":{"self":[{"href":"https:\/\/www.teeninduskool.ee\/index.php?rest_route=\/wp\/v2\/pages\/451","targetHints":{"allow":["GET"]}}],"collection":[{"href":"https:\/\/www.teeninduskool.ee\/index.php?rest_route=\/wp\/v2\/pages"}],"about":[{"href":"https:\/\/www.teeninduskool.ee\/index.php?rest_route=\/wp\/v2\/types\/page"}],"author":[{"embeddable":true,"href":"https:\/\/www.teeninduskool.ee\/index.php?rest_route=\/wp\/v2\/users\/4"}],"replies":[{"embeddable":true,"href":"https:\/\/www.teeninduskool.ee\/index.php?rest_route=%2Fwp%2Fv2%2Fcomments&post=451"}],"version-history":[{"count":0,"href":"https:\/\/www.teeninduskool.ee\/index.php?rest_route=\/wp\/v2\/pages\/451\/revisions"}],"up":[{"embeddable":true,"href":"https:\/\/www.teeninduskool.ee\/index.php?rest_route=\/wp\/v2\/pages\/84"}],"wp:attachment":[{"href":"https:\/\/www.teeninduskool.ee\/index.php?rest_route=%2Fwp%2Fv2%2Fmedia&parent=451"}],"curies":[{"name":"wp","href":"https:\/\/api.w.org\/{rel}","templated":true}]}}