{"id":4512,"date":"2018-01-04T13:11:59","date_gmt":"2018-01-04T11:11:59","guid":{"rendered":"https:\/\/www.teeninduskool.ee\/?page_id=4512"},"modified":"2021-09-16T12:43:43","modified_gmt":"2021-09-16T09:43:43","slug":"opilasesindus","status":"publish","type":"page","link":"https:\/\/www.teeninduskool.ee\/?page_id=4512","title":{"rendered":"\u00d5pilasesindus"},"content":{"rendered":"<p>Tallinna Teeninduskooli (Teko) \u00f5pilasesindus on kooli \u00f5pilaskonna vabatahtlik esindus, kuhu kuuluvad \u00a0koolis \u00f5ppivate \u00f5pilaste poolt valitud esindajad. \u00d5pilasesindus on <a href=\"https:\/\/www.teeninduskool.ee\/?page_id=677\">Tallinna Teeninduskooli struktuuri<\/a> osa, mis juhindub oma tegevuses <a href=\"https:\/\/www.riigiteataja.ee\/akt\/116082019006\">kooli p\u00f5him\u00e4\u00e4rusest<\/a>, lepingutest kooli juhtkonna ja \u00f5pilasesinduse vahel, Eesti Vabariigi \u00f5igusaktidest ning <a href=\"https:\/\/www.teeninduskool.ee\/?page_id=33\">\u00f5pilasesinduse p\u00f5hikirjas<\/a>t. Tegevuste eesm\u00e4rgid on:<\/p>\n<ul>\n<li>\u00f5pilaskonna esindamine;<\/li>\n<li>\u00f5pilaste huvide ning \u00f5iguste eest seismine;<\/li>\n<li>edendada koolielu ning j\u00e4rgida traditsioone;<\/li>\n<li>aidata kaasa koolielu probleemide lahendamisele;<\/li>\n<li>edendada \u00f5pilasesinduse koost\u00f6\u00f6d <a href=\"https:\/\/opilasliit.ee\/\">Eesti \u00d5pilasesinduste Liiduga<\/a>.<\/li>\n<\/ul>\n<table style=\"width: 100%;\" border=\"0\" cellspacing=\"0\" cellpadding=\"0\">\n<tbody>\n<tr style=\"height: 24px;\">\n<td style=\"text-align: left; vertical-align: top; height: 24px; width: 8.55693%;\"><em><span style=\"font-weight: 400; font-size: 10pt; color: #cd2662;\">nr<\/span><\/em><\/td>\n<td style=\"text-align: left; vertical-align: top; height: 24px; width: 60.6962%;\"><em><span style=\"font-weight: 400; font-size: 10pt; color: #cd2662;\">nimi<\/span><\/em><\/td>\n<td style=\"text-align: left; vertical-align: top; height: 24px; width: 30.6019%;\"><em><span style=\"font-weight: 400; font-size: 10pt; color: #cd2662;\">r\u00fchm<\/span><\/em><\/td>\n<\/tr>\n<tr style=\"height: 24px;\">\n<td style=\"text-align: left; vertical-align: top; height: 24px; width: 8.55693%;\"><span style=\"font-weight: 400;\">1<\/span><\/td>\n<td style=\"text-align: left; vertical-align: top; height: 24px; width: 60.6962%;\"><span style=\"font-weight: 400;\">Siim Tanel Pallase<\/span><\/td>\n<td style=\"text-align: left; vertical-align: top; height: 24px; width: 30.6019%;\"><span style=\"font-weight: 400;\">KK19-PE<\/span><\/td>\n<\/tr>\n<tr style=\"height: 24px;\">\n<td style=\"text-align: left; vertical-align: top; height: 24px; width: 8.55693%;\"><span style=\"font-weight: 400;\">2<\/span><\/td>\n<td style=\"text-align: left; vertical-align: top; height: 24px; width: 60.6962%;\"><span class=\"TextRun SCXW6137459 BCX0\" lang=\"EN-GB\" xml:lang=\"EN-GB\" data-contrast=\"none\"><span class=\"NormalTextRun SCXW6137459 BCX0\">Eerika\u00a0<\/span><span class=\"SpellingError SCXW6137459 BCX0\">Kisseljova<\/span><\/span><span class=\"EOP SCXW6137459 BCX0\" data-ccp-props=\"{&quot;201341983&quot;:0,&quot;335559740&quot;:259}\">\u00a0<\/span><\/td>\n<td style=\"text-align: left; vertical-align: top; height: 24px; width: 30.6019%;\"><span class=\"TextRun SCXW201345298 BCX0\" lang=\"EN-GB\" xml:lang=\"EN-GB\" data-contrast=\"none\"><span class=\"NormalTextRun SCXW201345298 BCX0\">KK21-PE1<\/span><\/span><\/td>\n<\/tr>\n<tr style=\"height: 24px;\">\n<td style=\"text-align: left; vertical-align: top; height: 24px; width: 8.55693%;\"><span style=\"font-weight: 400;\">3<\/span><\/td>\n<td style=\"text-align: left; vertical-align: top; height: 24px; width: 60.6962%;\"><span class=\"TextRun SCXW198066723 BCX0\" lang=\"EN-GB\" xml:lang=\"EN-GB\" data-contrast=\"none\"><span class=\"SpellingError SCXW198066723 BCX0\">Aljona<\/span><span class=\"NormalTextRun SCXW198066723 BCX0\">\u00a0Koch<\/span><\/span><span class=\"EOP SCXW198066723 BCX0\" data-ccp-props=\"{&quot;201341983&quot;:0,&quot;335559740&quot;:259}\">\u00a0<\/span><\/td>\n<td style=\"text-align: left; vertical-align: top; height: 24px; width: 30.6019%;\"><span class=\"TextRun SCXW201345298 BCX0\" lang=\"EN-GB\" xml:lang=\"EN-GB\" data-contrast=\"none\"><span class=\"NormalTextRun SCXW201345298 BCX0\">KK21-PE1<\/span><\/span><\/td>\n<\/tr>\n<tr style=\"height: 24px;\">\n<td style=\"text-align: left; vertical-align: top; height: 24px; width: 8.55693%;\"><span style=\"font-weight: 400;\">4<\/span><\/td>\n<td style=\"text-align: left; vertical-align: top; height: 24px; width: 60.6962%;\"><span class=\"TextRun SCXW24879697 BCX0\" lang=\"EN-GB\" xml:lang=\"EN-GB\" data-contrast=\"none\"><span class=\"NormalTextRun SCXW24879697 BCX0\">Otto\u00a0<\/span><span class=\"SpellingError SCXW24879697 BCX0\">Rudens<\/span><span class=\"NormalTextRun SCXW24879697 BCX0\">\u00a0Kiiver<\/span><\/span><span class=\"EOP SCXW24879697 BCX0\" data-ccp-props=\"{&quot;201341983&quot;:0,&quot;335559740&quot;:259}\">\u00a0<\/span><\/td>\n<td style=\"text-align: left; vertical-align: top; height: 24px; width: 30.6019%;\"><span class=\"TextRun SCXW201345298 BCX0\" lang=\"EN-GB\" xml:lang=\"EN-GB\" data-contrast=\"none\"><span class=\"NormalTextRun SCXW201345298 BCX0\">KK21-PE1<\/span><\/span><\/td>\n<\/tr>\n<tr style=\"height: 24px;\">\n<td style=\"text-align: left; vertical-align: top; height: 24px; width: 8.55693%;\"><span style=\"font-weight: 400;\">5<\/span><\/td>\n<td style=\"text-align: left; vertical-align: top; height: 24px; width: 60.6962%;\"><span class=\"TextRun SCXW98441688 BCX0\" lang=\"EN-GB\" xml:lang=\"EN-GB\" data-contrast=\"none\"><span class=\"NormalTextRun SCXW98441688 BCX0\">Elisabeth\u00a0<\/span><span class=\"SpellingError SCXW98441688 BCX0\">Seljonik<\/span><\/span><span class=\"EOP SCXW98441688 BCX0\" data-ccp-props=\"{&quot;201341983&quot;:0,&quot;335559740&quot;:259}\">\u00a0<\/span><\/td>\n<td style=\"text-align: left; vertical-align: top; height: 24px; width: 30.6019%;\"><span class=\"TextRun SCXW109779737 BCX0\" lang=\"EN-GB\" xml:lang=\"EN-GB\" data-contrast=\"none\"><span class=\"NormalTextRun SCXW109779737 BCX0\">HT21-PV<\/span><\/span><span class=\"EOP SCXW109779737 BCX0\" data-ccp-props=\"{&quot;201341983&quot;:0,&quot;335559740&quot;:259}\">\u00a0<\/span><\/td>\n<\/tr>\n<tr style=\"height: 24px;\">\n<td style=\"text-align: left; vertical-align: top; height: 24px; width: 8.55693%;\"><span style=\"font-weight: 400;\">6<\/span><\/td>\n<td style=\"text-align: left; vertical-align: top; height: 24px; width: 60.6962%;\"><span style=\"font-weight: 400;\">K\u00e4di Sas<\/span><\/td>\n<td style=\"text-align: left; vertical-align: top; height: 24px; width: 30.6019%;\"><span style=\"font-weight: 400;\">TO19-PE<\/span><\/td>\n<\/tr>\n<tr style=\"height: 24px;\">\n<td style=\"text-align: left; vertical-align: top; height: 24px; width: 8.55693%;\"><span style=\"font-weight: 400;\">7<\/span><\/td>\n<td style=\"text-align: left; vertical-align: top; height: 24px; width: 60.6962%;\"><span class=\"TextRun SCXW237039197 BCX0\" lang=\"EN-GB\" xml:lang=\"EN-GB\" data-contrast=\"none\"><span class=\"NormalTextRun SCXW237039197 BCX0\">Irina\u00a0<\/span><span class=\"SpellingError SCXW237039197 BCX0\">Bitsan<\/span><\/span><span class=\"EOP SCXW237039197 BCX0\" data-ccp-props=\"{&quot;201341983&quot;:0,&quot;335559740&quot;:259}\">\u00a0<\/span><\/td>\n<td style=\"text-align: left; vertical-align: top; height: 24px; width: 30.6019%;\"><span class=\"TextRun SCXW83143275 BCX0\" lang=\"EN-GB\" xml:lang=\"EN-GB\" data-contrast=\"none\"><span class=\"NormalTextRun SCXW83143275 BCX0\">KK21-KV<\/span><\/span><span class=\"EOP SCXW83143275 BCX0\" data-ccp-props=\"{&quot;201341983&quot;:0,&quot;335559740&quot;:259}\">\u00a0<\/span><\/td>\n<\/tr>\n<tr style=\"height: 24px;\">\n<td style=\"text-align: left; vertical-align: top; height: 24px; width: 8.55693%;\"><span style=\"font-weight: 400;\">8<\/span><\/td>\n<td style=\"text-align: left; vertical-align: top; height: 24px; width: 60.6962%;\"><span class=\"TextRun SCXW102949149 BCX0\" lang=\"EN-GB\" xml:lang=\"EN-GB\" data-contrast=\"none\"><span class=\"NormalTextRun SCXW102949149 BCX0\">Daniil Yakovlev<\/span><\/span><\/td>\n<td style=\"text-align: left; vertical-align: top; height: 24px; width: 30.6019%;\"><span style=\"font-weight: 400;\">KK20-PV1<\/span><\/td>\n<\/tr>\n<tr style=\"height: 24px;\">\n<td style=\"text-align: left; vertical-align: top; height: 24px; width: 8.55693%;\"><span style=\"font-weight: 400;\">9<\/span><\/td>\n<td style=\"text-align: left; vertical-align: top; height: 24px; width: 60.6962%;\"><span style=\"font-weight: 400;\">Jegors Rumjancevs\u00a0<\/span><\/td>\n<td style=\"text-align: left; vertical-align: top; height: 24px; width: 30.6019%;\"><span style=\"font-weight: 400;\">KK20-PV1<\/span><\/td>\n<\/tr>\n<tr style=\"height: 24px;\">\n<td style=\"text-align: left; vertical-align: top; height: 24px; width: 8.55693%;\"><span style=\"font-weight: 400;\">10<\/span><\/td>\n<td style=\"text-align: left; vertical-align: top; height: 24px; width: 60.6962%;\"><span style=\"font-weight: 400;\">Kerda \u017duravleva\u00a0<\/span><\/td>\n<td style=\"text-align: left; vertical-align: top; height: 24px; width: 30.6019%;\"><span style=\"font-weight: 400;\">PK20-PE\u00a0<\/span><\/td>\n<\/tr>\n<tr style=\"height: 24px;\">\n<td style=\"text-align: left; vertical-align: top; height: 24px; width: 8.55693%;\"><span style=\"font-weight: 400;\">11<\/span><\/td>\n<td style=\"text-align: left; vertical-align: top; height: 24px; width: 60.6962%;\"><span style=\"font-weight: 400;\">Liisbeth Kopti<\/span><\/td>\n<td style=\"text-align: left; vertical-align: top; height: 24px; width: 30.6019%;\"><span style=\"font-weight: 400;\">PK20-PE<\/span><\/td>\n<\/tr>\n<tr style=\"height: 24px;\">\n<td style=\"text-align: left; vertical-align: top; height: 24px; width: 8.55693%;\"><span style=\"font-weight: 400;\">12<\/span><\/td>\n<td style=\"text-align: left; vertical-align: top; height: 24px; width: 60.6962%;\"><span style=\"font-weight: 400;\">Carmen Soosaar<\/span><\/td>\n<td style=\"text-align: left; vertical-align: top; height: 24px; width: 30.6019%;\"><span style=\"font-weight: 400;\">KK20-PE2<\/span><\/td>\n<\/tr>\n<tr style=\"height: 24px;\">\n<td style=\"text-align: left; vertical-align: top; height: 24px; width: 8.55693%;\"><span style=\"font-weight: 400;\">13<\/span><\/td>\n<td style=\"text-align: left; vertical-align: top; height: 24px; width: 60.6962%;\"><span class=\"TextRun SCXW196716906 BCX0\" lang=\"EN-GB\" xml:lang=\"EN-GB\" data-contrast=\"none\"><span class=\"NormalTextRun SCXW196716906 BCX0\">Diana\u00a0<\/span><span class=\"SpellingError SCXW196716906 BCX0\">Kiriljuk<\/span><\/span><span class=\"EOP SCXW196716906 BCX0\" data-ccp-props=\"{&quot;201341983&quot;:0,&quot;335559740&quot;:259}\">\u00a0<\/span><\/td>\n<td style=\"text-align: left; vertical-align: top; height: 24px; width: 30.6019%;\"><span class=\"TextRun SCXW260510875 BCX0\" lang=\"EN-GB\" xml:lang=\"EN-GB\" data-contrast=\"none\"><span class=\"NormalTextRun SCXW260510875 BCX0\">KK21-KV<\/span><\/span><span class=\"EOP SCXW260510875 BCX0\" data-ccp-props=\"{&quot;201341983&quot;:0,&quot;335559740&quot;:259}\">\u00a0<\/span><\/td>\n<\/tr>\n<tr style=\"height: 24px;\">\n<td style=\"vertical-align: top; height: 24px; width: 8.55693%; text-align: left;\"><span style=\"font-weight: 400;\">14<\/span><\/td>\n<td style=\"vertical-align: top; height: 24px; width: 60.6962%; text-align: left;\"><span style=\"font-weight: 400;\">Natalija Vorobjova<\/span><\/td>\n<td style=\"vertical-align: top; height: 24px; width: 30.6019%; text-align: left;\"><span style=\"font-weight: 400;\">PK20-PE<\/span><\/td>\n<\/tr>\n<tr style=\"height: 24px;\">\n<td style=\"vertical-align: top; height: 24px; width: 8.55693%; text-align: left;\"><span style=\"font-weight: 400;\">15<\/span><\/td>\n<td style=\"vertical-align: top; height: 24px; width: 60.6962%; text-align: left;\"><span style=\"font-weight: 400;\">Helena Haldma<\/span><\/td>\n<td style=\"vertical-align: top; height: 24px; width: 30.6019%; text-align: left;\"><span style=\"font-weight: 400;\">HT19-PE<\/span><\/td>\n<\/tr>\n<tr style=\"height: 24px;\">\n<td style=\"vertical-align: top; height: 24px; width: 8.55693%; text-align: left;\"><span style=\"font-weight: 400;\">16<\/span><\/td>\n<td style=\"width: 60.6962%; text-align: left; vertical-align: top;\" data-celllook=\"4369\"><span data-contrast=\"none\">Caspar L\u00e4\u00e4ts<\/span><span data-ccp-props=\"{&quot;201341983&quot;:0,&quot;335559740&quot;:259}\">\u00a0<\/span><\/td>\n<td style=\"width: 30.6019%; text-align: left; vertical-align: top;\" data-celllook=\"4369\"><span data-contrast=\"none\">KK21-PE2<\/span><span data-ccp-props=\"{&quot;201341983&quot;:0,&quot;335559740&quot;:259}\">\u00a0<\/span><\/td>\n<\/tr>\n<tr style=\"height: 24px;\">\n<td style=\"vertical-align: top; height: 24px; width: 8.55693%; text-align: left;\"><span style=\"font-weight: 400;\">17<\/span><\/td>\n<td style=\"width: 60.6962%; text-align: left; vertical-align: top;\" data-celllook=\"4369\"><span data-contrast=\"none\">Thor-Mark Bachmann<\/span><span data-ccp-props=\"{&quot;201341983&quot;:0,&quot;335559740&quot;:259}\">\u00a0<\/span><\/td>\n<td style=\"width: 30.6019%; text-align: left; vertical-align: top;\" data-celllook=\"4369\"><span data-contrast=\"none\">KK21-PE2<\/span><span data-ccp-props=\"{&quot;201341983&quot;:0,&quot;335559740&quot;:259}\">\u00a0<\/span><\/td>\n<\/tr>\n<tr style=\"height: 24px;\">\n<td style=\"vertical-align: top; height: 24px; width: 8.55693%; text-align: left;\"><span style=\"font-weight: 400;\">18<\/span><\/td>\n<td style=\"width: 60.6962%; text-align: left; vertical-align: top;\" data-celllook=\"4369\"><span data-contrast=\"none\">Rodion Novitski<\/span><span data-ccp-props=\"{&quot;201341983&quot;:0,&quot;335559740&quot;:259}\">\u00a0<\/span><\/td>\n<td style=\"width: 30.6019%; text-align: left; vertical-align: top;\" data-celllook=\"4369\"><span data-contrast=\"none\">KK21-PV2<\/span><span data-ccp-props=\"{&quot;201341983&quot;:0,&quot;335559740&quot;:259}\">\u00a0<\/span><\/td>\n<\/tr>\n<tr style=\"height: 24px;\">\n<td style=\"vertical-align: top; height: 24px; width: 8.55693%; text-align: left;\"><span style=\"font-weight: 400;\">19<\/span><\/td>\n<td style=\"width: 60.6962%; text-align: left; vertical-align: top;\" data-celllook=\"4369\"><span data-contrast=\"none\">Maria\u00a0Kozneva<\/span><span data-ccp-props=\"{&quot;201341983&quot;:0,&quot;335559740&quot;:259}\">\u00a0<\/span><\/td>\n<td style=\"width: 30.6019%; text-align: left; vertical-align: top;\" data-celllook=\"4369\"><span data-contrast=\"none\">PK21-PV<\/span><span data-ccp-props=\"{&quot;201341983&quot;:0,&quot;335559740&quot;:259}\">\u00a0<\/span><\/td>\n<\/tr>\n<tr style=\"height: 24px;\">\n<td style=\"vertical-align: top; height: 24px; width: 8.55693%; text-align: left;\"><span style=\"font-weight: 400;\">20<\/span><\/td>\n<td style=\"width: 60.6962%; text-align: left; vertical-align: top;\" data-celllook=\"4369\"><span data-contrast=\"none\">Darja Vaino\u00a0<\/span><span data-ccp-props=\"{&quot;201341983&quot;:0,&quot;335559740&quot;:259}\">\u00a0<\/span><\/td>\n<td style=\"width: 30.6019%; text-align: left; vertical-align: top;\" data-celllook=\"4369\"><span data-contrast=\"none\">PK21-PV<\/span><span data-ccp-props=\"{&quot;201341983&quot;:0,&quot;335559740&quot;:259}\">\u00a0<\/span><\/td>\n<\/tr>\n<tr aria-rowindex=\"6\">\n<td style=\"width: 8.55693%; text-align: left; vertical-align: top;\">21<\/td>\n<td style=\"width: 60.6962%; text-align: left; vertical-align: top;\" data-celllook=\"4369\"><span data-contrast=\"none\">Monika\u00a0Znotinaite<\/span><span data-ccp-props=\"{&quot;201341983&quot;:0,&quot;335559740&quot;:259}\">\u00a0<\/span><\/td>\n<td style=\"width: 30.6019%; text-align: left; vertical-align: top;\" data-celllook=\"4369\"><span data-contrast=\"none\">HT21-PV<\/span><span data-ccp-props=\"{&quot;201341983&quot;:0,&quot;335559740&quot;:259}\">\u00a0<\/span><\/td>\n<\/tr>\n<tr aria-rowindex=\"7\">\n<td style=\"width: 8.55693%; text-align: left; vertical-align: top;\">22<\/td>\n<td style=\"width: 60.6962%; text-align: left; vertical-align: top;\" data-celllook=\"4369\"><span data-contrast=\"auto\">Elizabeth Kivest<\/span><\/td>\n<td style=\"width: 30.6019%; text-align: left; vertical-align: top;\" data-celllook=\"4369\"><span data-contrast=\"auto\">PK20-PV<\/span><\/td>\n<\/tr>\n<tr aria-rowindex=\"8\">\n<td style=\"width: 8.55693%; text-align: left; vertical-align: top;\">23<\/td>\n<td style=\"width: 60.6962%; text-align: left; vertical-align: top;\" data-celllook=\"4369\"><span data-contrast=\"auto\">Vanessa K\u00e4sk<\/span><\/td>\n<td style=\"width: 30.6019%; text-align: left; vertical-align: top;\" data-celllook=\"4369\"><span data-contrast=\"auto\">PK21-PE<\/span><span data-ccp-props=\"{&quot;201341983&quot;:0,&quot;335559740&quot;:259}\">\u00a0<\/span><\/td>\n<\/tr>\n<tr aria-rowindex=\"9\">\n<td style=\"width: 8.55693%; text-align: left; vertical-align: top;\">24<\/td>\n<td style=\"width: 60.6962%; text-align: left; vertical-align: top;\" data-celllook=\"4369\"><span data-contrast=\"auto\">Birgit\u00a0Vellepere<\/span><span data-ccp-props=\"{&quot;201341983&quot;:0,&quot;335559740&quot;:259}\">\u00a0<\/span><\/td>\n<td style=\"width: 30.6019%; text-align: left; vertical-align: top;\" data-celllook=\"4369\"><span data-contrast=\"auto\">VA21-AE<\/span><span data-ccp-props=\"{&quot;201341983&quot;:0,&quot;335559740&quot;:259}\">\u00a0<\/span><\/td>\n<\/tr>\n<\/tbody>\n<\/table>\n<h3>\u00d5pilasesinduse juhid 2021\/2022<\/h3>\n<p><strong>President<\/strong> <a href=\"mailto:siim-tanel.pallase@teeninduskool.ee\">Siim Tanel Pallase<\/a><br \/>\n<strong>Asepresidendid <\/strong>selguvad h\u00e4\u00e4letusel novebri alguses<\/p>\n<h3>\u00d5pilasesinduse juhid 2020\/2021<\/h3>\n<p><strong>President<\/strong> Siim Tanel Pallase<br \/>\n<strong>Asepresidendid <\/strong>Sigrid Veski, <span style=\"font-weight: 400;\">Mirell- Liis Orgus<\/span><\/p>\n<h3>\u00d5pilasesinduse juhid 2018\/2020<\/h3>\n<p><strong>President<\/strong> Laury-Margus Lind<br \/>\n<strong>Asepresident<\/strong> Violetta Mihhailova<\/p>\n<h3>\u00d5pilasesinduse juhid 2017\/2018<\/h3>\n<p><strong>President<\/strong> Carol V\u00e4ljaots<br \/>\n<strong>Asepresident<\/strong> Markus P\u00f5lluvee<\/p>\n<h3><\/h3>\n","protected":false},"excerpt":{"rendered":"<p>Tallinna Teeninduskooli (Teko) \u00f5pilasesindus on kooli \u00f5pilaskonna vabatahtlik esindus, kuhu kuuluvad \u00a0koolis \u00f5ppivate \u00f5pilaste poolt valitud esindajad. \u00d5pilasesindus on Tallinna Teeninduskooli struktuuri osa, mis juhindub oma tegevuses kooli p\u00f5him\u00e4\u00e4rusest, lepingutest kooli juhtkonna ja \u00f5pilasesinduse&#46;&#46;&#46;<\/p>\n","protected":false},"author":4,"featured_media":4475,"parent":0,"menu_order":0,"comment_status":"closed","ping_status":"closed","template":"","meta":{"footnotes":""},"class_list":["post-4512","page","type-page","status-publish","has-post-thumbnail","hentry"],"_links":{"self":[{"href":"https:\/\/www.teeninduskool.ee\/index.php?rest_route=\/wp\/v2\/pages\/4512","targetHints":{"allow":["GET"]}}],"collection":[{"href":"https:\/\/www.teeninduskool.ee\/index.php?rest_route=\/wp\/v2\/pages"}],"about":[{"href":"https:\/\/www.teeninduskool.ee\/index.php?rest_route=\/wp\/v2\/types\/page"}],"author":[{"embeddable":true,"href":"https:\/\/www.teeninduskool.ee\/index.php?rest_route=\/wp\/v2\/users\/4"}],"replies":[{"embeddable":true,"href":"https:\/\/www.teeninduskool.ee\/index.php?rest_route=%2Fwp%2Fv2%2Fcomments&post=4512"}],"version-history":[{"count":5,"href":"https:\/\/www.teeninduskool.ee\/index.php?rest_route=\/wp\/v2\/pages\/4512\/revisions"}],"predecessor-version":[{"id":13917,"href":"https:\/\/www.teeninduskool.ee\/index.php?rest_route=\/wp\/v2\/pages\/4512\/revisions\/13917"}],"wp:featuredmedia":[{"embeddable":true,"href":"https:\/\/www.teeninduskool.ee\/index.php?rest_route=\/wp\/v2\/media\/4475"}],"wp:attachment":[{"href":"https:\/\/www.teeninduskool.ee\/index.php?rest_route=%2Fwp%2Fv2%2Fmedia&parent=4512"}],"curies":[{"name":"wp","href":"https:\/\/api.w.org\/{rel}","templated":true}]}}