{"id":455,"date":"2017-03-13T11:02:37","date_gmt":"2017-03-13T09:02:37","guid":{"rendered":"https:\/\/www.teeninduskool.ee\/?page_id=455"},"modified":"2017-03-13T11:02:37","modified_gmt":"2017-03-13T09:02:37","slug":"e-kutsekool","status":"publish","type":"page","link":"https:\/\/www.teeninduskool.ee\/?page_id=455","title":{"rendered":"E-Kutsekool"},"content":{"rendered":"<h2 class=\"art-postheader\">E-Kutsekool<\/h2>\n<div class=\"art-postcontent\">\n<div class=\"art-article\">\n<p><img decoding=\"async\" src=\"https:\/\/www.teeninduskool.ee\/images\/stories\/e-est_150.jpg\" border=\"0\" \/><\/p>\n<p><strong>E-\u00f5ppe arendamine ja juurutamine rakendusk\u00f5rgkoolides ja kutsekoolides<\/strong><br \/>\nKestus: 01.07.2005 \u2013 30.06.2008<br \/>\n<strong>Eesm\u00e4rgid:<br \/>\n<\/strong>Projekti \u00fcldised eesm\u00e4rgid<br \/>\n* Kutse\u00f5ppeasutuste- ja rakendusk\u00f5rgkoolide, elukestva \u00f5ppe ja Eesti regionaalarengu toetamine.<br \/>\n* Kutse\u00f5ppeasutuste ja rakendusk\u00f5rgkoolide \u00f5pilastele mitmekesisemate, paindlikumate ja kvaliteetsemate \u00f5ppimisv\u00f5imaluste v\u00f5imaldamine taseme-, t\u00e4iendus- ja \u00fcmber\u00f5ppes.<br \/>\n* Rakendusk\u00f5rgkoolide ja kutse\u00f5ppeasutuste \u00f5ppeprotsessi ja \u00f5petajate koolitusv\u00f5imaluste ajakohastamine.<br \/>\n* Koolidevahelise koost\u00f6\u00f6 t\u00f5hustamine.<br \/>\nProjekti p\u00f5hieesm\u00e4rgid<br \/>\n* Kutse\u00f5ppeasutustele ja rakendusk\u00f5rgkoolidele suunatud kvaliteetse ja j\u00e4tkusuutliku e-\u00f5ppe arendus- ja rakenduss\u00fcsteemi (sh e-\u00f5ppe sisu koostamise s\u00fcsteem, teavitus- ja koolituss\u00fcsteem, tugis\u00fcsteem ja infrastruktuur) k\u00e4ivitumine.<br \/>\n* Kutse\u00f5ppeasutustes ja rakendusk\u00f5rgkoolides e-\u00f5ppe rakendumine.<br \/>\nProjekti spetsiifilised eesm\u00e4rgid<br \/>\nKutse\u00f5ppeasutuste ja rakendusk\u00f5rgkoolide juhtide, \u00f5petajate, IT-spetsialistide ja haridustehnoloogide e\u2013\u00f5ppe alaste teadmiste kasv.<br \/>\nToimiv \u00f5petajate tugis\u00fcsteem (haridustehnoloogide ametikohad) kutse\u00f5ppeasutustes ja rakendusk\u00f5rgkoolides.<br \/>\nEfektiivse ja j\u00e4tkusuutliku e-\u00f5ppe infrastruktuuri rakendumine (portaal, e\u2013kursuste ja \u00f5piobjektide andmebaasid, e\u2013\u00f5ppe keskkonnad).<br \/>\nT\u00e4iendeesm\u00e4rgid<br \/>\nEfektiivseks e-\u00f5ppe l\u00e4biviimiseks kutse\u00f5ppeasutuste ja rakendusk\u00f5rgkoolide \u00f5pilastele on t\u00e4iendavaks eesm\u00e4rgiks luua koolide e\u2013\u00f5ppe arengukavad aastaks 2007.<br \/>\nOmandatud e-\u00f5pe kogemusi on laiendatud ja testitud teistes sihtgruppides (t\u00e4iskasvanukoolitus, koost\u00f6\u00f6 t\u00f6\u00f6andjatega elukesva \u00f5ppe arendamiseks).<br \/>\n<strong>Koordinaator:<\/strong> Eesti Infotehnoloogia Sihtasutus (EITSA) <a href=\"http:\/\/www.eitsa.ee\/\">www.eitsa.ee<\/a><br \/>\nProjektijuht Tuuli P\u00e4rg<br \/>\n<strong>Osalejad:<\/strong> Erki End, Lui Piirsalu, Vitali Alfjorov<br \/>\n<strong>Kontaktisik TTK-s:<\/strong> Anu Veske<br \/>\n<strong>Partnerid:<br \/>\n<\/strong>1. Tallinna \u00dclikool<br \/>\n2. Tartu \u00dclikool<br \/>\n3. Eesti Mereakadeemia<br \/>\n4. Haapsalu Kutsehariduskeskus<br \/>\n5. J\u00f5hvi Ametikool<br \/>\n6. Kehtna Majandus- ja Tehnoloogiakool<br \/>\n7. Kohtla \u2013 J\u00e4rve Pol\u00fctehnikum<br \/>\n8. Kuressaare Ametikool<br \/>\n9. Luua Metsanduskool<br \/>\n10. L\u00e4\u00e4ne-Virumaa Kutsek\u00f5rgkool<br \/>\n11. Narva Kutse\u00f5ppekeskus<br \/>\n12. Olustvere Teenindus- ja Maamajanduskool<br \/>\n13. Paide Kutsekeskkool<br \/>\n14. P\u00e4rnumaa Kutsehariduskeskus<br \/>\n15. Rakvere Kutsekeskkool<br \/>\n16. R\u00e4pina Aianduskool<br \/>\n17. Sisekaitseakadeemia<br \/>\n18. Suurem\u00f5isa Tehnikum<br \/>\n19. Tallinna Ehituskool<br \/>\n20. Tallinna Kerget\u00f6\u00f6stustehnikum<br \/>\n21. Tallinna Kopli Ametikool<br \/>\n22. Tallinna Lasnam\u00e4e Mehaanikakool<br \/>\n23. Tallinna Majanduskool<br \/>\n24. Tallinna Meditsiinikool<br \/>\n25. Tallinna Pol\u00fctehnikum<br \/>\n26. Tallinna Teeninduskool<br \/>\n27. Tallinna Transpordikool<br \/>\n28. Tartu Kutsehariduskeskus<br \/>\n29. Tartu K\u00f5rgem Kunstikool<br \/>\n30. Tartu Kunstikool<br \/>\n31. Tartu Lennukolled\u017e<br \/>\n32. Tartu Meditsiinikool<br \/>\n33. T\u00fcri Tehnika \u2013 ja Maamajanduskool<br \/>\n34. Valgama Kutsehariduskeskus<br \/>\n35. V\u00f5rumaa Kutsehariduskeskus<\/p>\n<\/div>\n<\/div>\n","protected":false},"excerpt":{"rendered":"<p>E-Kutsekool E-\u00f5ppe arendamine ja juurutamine rakendusk\u00f5rgkoolides ja kutsekoolides Kestus: 01.07.2005 \u2013 30.06.2008 Eesm\u00e4rgid: Projekti \u00fcldised eesm\u00e4rgid * Kutse\u00f5ppeasutuste- ja rakendusk\u00f5rgkoolide, elukestva \u00f5ppe ja Eesti regionaalarengu toetamine. * Kutse\u00f5ppeasutuste ja rakendusk\u00f5rgkoolide \u00f5pilastele mitmekesisemate, paindlikumate ja&#46;&#46;&#46;<\/p>\n","protected":false},"author":4,"featured_media":0,"parent":84,"menu_order":0,"comment_status":"closed","ping_status":"closed","template":"","meta":{"footnotes":""},"class_list":["post-455","page","type-page","status-publish","hentry"],"_links":{"self":[{"href":"https:\/\/www.teeninduskool.ee\/index.php?rest_route=\/wp\/v2\/pages\/455","targetHints":{"allow":["GET"]}}],"collection":[{"href":"https:\/\/www.teeninduskool.ee\/index.php?rest_route=\/wp\/v2\/pages"}],"about":[{"href":"https:\/\/www.teeninduskool.ee\/index.php?rest_route=\/wp\/v2\/types\/page"}],"author":[{"embeddable":true,"href":"https:\/\/www.teeninduskool.ee\/index.php?rest_route=\/wp\/v2\/users\/4"}],"replies":[{"embeddable":true,"href":"https:\/\/www.teeninduskool.ee\/index.php?rest_route=%2Fwp%2Fv2%2Fcomments&post=455"}],"version-history":[{"count":0,"href":"https:\/\/www.teeninduskool.ee\/index.php?rest_route=\/wp\/v2\/pages\/455\/revisions"}],"up":[{"embeddable":true,"href":"https:\/\/www.teeninduskool.ee\/index.php?rest_route=\/wp\/v2\/pages\/84"}],"wp:attachment":[{"href":"https:\/\/www.teeninduskool.ee\/index.php?rest_route=%2Fwp%2Fv2%2Fmedia&parent=455"}],"curies":[{"name":"wp","href":"https:\/\/api.w.org\/{rel}","templated":true}]}}