{"id":462,"date":"2017-03-13T11:05:50","date_gmt":"2017-03-13T09:05:50","guid":{"rendered":"https:\/\/www.teeninduskool.ee\/?page_id=462"},"modified":"2017-03-13T11:05:50","modified_gmt":"2017-03-13T09:05:50","slug":"leonardo-da-vinci-ready-study-go","status":"publish","type":"page","link":"https:\/\/www.teeninduskool.ee\/?page_id=462","title":{"rendered":"Leonardo da Vinci. Ready-Study -Go!"},"content":{"rendered":"<h2 class=\"art-postheader\">Leonardo da Vinci. Ready-Study -Go!<\/h2>\n<div class=\"art-postcontent\">\n<div class=\"art-article\">\n<p><img decoding=\"async\" src=\"https:\/\/www.teeninduskool.ee\/images\/stories\/leonardo_logo.pjpeg.JPG\" border=\"0\" \/><\/p>\n<p>&nbsp;<\/p>\n<p><strong>Leonardo da Vinci. Ready-Study -Go! \u2013 Lingvistiline ja kultuuriline alg\u00f5petus kutsehariduses<\/strong><br \/>\nKestus: 1. detsember 2005\u201331. jaanuar 2008<br \/>\n<strong>Eesm\u00e4rgid:<br \/>\n<\/strong>Projekti eesm\u00e4rgiks oli keele\u00f5ppe integreerimine kutseharidusse ja E-\u00f5ppe s\u00fcsteemi loomine v\u00f5\u00f5rkeele \u00f5ppimiseks.\u00a0 Materjalide koostamisel on arvestatud erinevaid keele\u00f5ppe meetodeid (kirjutamine, lugemine, kuulamine). Ready-Study-Go v\u00f5\u00f5rkeeleprojekti raames loodi e-\u00f5ppe s\u00fcsteem, kust on v\u00f5imalik leida keelelist ja kultuurilist informatsiooni Eesti, Soome, Itaalia, Saksamaa ja Prantsusmaa kohta. \u00d5pilasel, kes soovib minna praktikale eelpoolnimetatud maadesse, on v\u00f5imalus end kurssi viia elementaarse teadmisega ja s\u00f5navaraga, mis on kasutusel hotelli-turismi-, restorani- ja toitlustusvaldkonnas. Projekti k\u00e4igus loodud e-\u00f5ppe s\u00fcsteem on suunatud kutsekoolide \u00f5pilastele ja \u00f5petajatele.<br \/>\n<strong>Koordinaator:<\/strong> Espoon palvelualojen oppilaitos, ESPA\u00a0 <a href=\"http:\/\/www.omnia.fi\/\">www.omnia.fi<\/a><br \/>\n<strong>Projektijuht:<\/strong> Seija Heikkinen<br \/>\n<strong>Osalejad Tallinna Teeninduskoolis:<\/strong> Anne M\u00e4e, Ulvi Aliste, Pirje P\u00e4rimets, Eha Martma, Hele Liiv-Tellmann<br \/>\n<strong>Partnerid:<br \/>\n<\/strong>1. Omnia \u2013 Espoo Vocational Intitute, Finland<br \/>\n2. Adulta Oy \/ IDA International Development Centre of Adulta, Finland<br \/>\n3. Centre Europeen de Formation et de Promotion Professionnelle par Alternance pour l\u2019industrie Hoteliere, France<br \/>\n4. Tralee Institute of Technology, Ireland<br \/>\n5. State Institute of Secondary Education \u201cAndrea Barbarigo\u201d di Venezia, Italy<br \/>\n6. Kiezk\u00fcchen Ausbildungs ggmbh, Saksamaa<br \/>\n7. Tallinna Teeninduskool, Eesti<br \/>\n<strong>Valminud keele\u00f5ppe keskkond:<\/strong> <a href=\"http:\/\/www.readystudygo-project.net\/\">www.readystudygo-project.net<\/a><\/p>\n<\/div>\n<\/div>\n","protected":false},"excerpt":{"rendered":"<p>Leonardo da Vinci. Ready-Study -Go! &nbsp; Leonardo da Vinci. Ready-Study -Go! \u2013 Lingvistiline ja kultuuriline alg\u00f5petus kutsehariduses Kestus: 1. detsember 2005\u201331. jaanuar 2008 Eesm\u00e4rgid: Projekti eesm\u00e4rgiks oli keele\u00f5ppe integreerimine kutseharidusse ja E-\u00f5ppe s\u00fcsteemi loomine&#46;&#46;&#46;<\/p>\n","protected":false},"author":4,"featured_media":0,"parent":84,"menu_order":0,"comment_status":"closed","ping_status":"closed","template":"","meta":{"footnotes":""},"class_list":["post-462","page","type-page","status-publish","hentry"],"_links":{"self":[{"href":"https:\/\/www.teeninduskool.ee\/index.php?rest_route=\/wp\/v2\/pages\/462","targetHints":{"allow":["GET"]}}],"collection":[{"href":"https:\/\/www.teeninduskool.ee\/index.php?rest_route=\/wp\/v2\/pages"}],"about":[{"href":"https:\/\/www.teeninduskool.ee\/index.php?rest_route=\/wp\/v2\/types\/page"}],"author":[{"embeddable":true,"href":"https:\/\/www.teeninduskool.ee\/index.php?rest_route=\/wp\/v2\/users\/4"}],"replies":[{"embeddable":true,"href":"https:\/\/www.teeninduskool.ee\/index.php?rest_route=%2Fwp%2Fv2%2Fcomments&post=462"}],"version-history":[{"count":0,"href":"https:\/\/www.teeninduskool.ee\/index.php?rest_route=\/wp\/v2\/pages\/462\/revisions"}],"up":[{"embeddable":true,"href":"https:\/\/www.teeninduskool.ee\/index.php?rest_route=\/wp\/v2\/pages\/84"}],"wp:attachment":[{"href":"https:\/\/www.teeninduskool.ee\/index.php?rest_route=%2Fwp%2Fv2%2Fmedia&parent=462"}],"curies":[{"name":"wp","href":"https:\/\/api.w.org\/{rel}","templated":true}]}}