{"id":464,"date":"2017-03-13T11:06:51","date_gmt":"2017-03-13T09:06:51","guid":{"rendered":"https:\/\/www.teeninduskool.ee\/?page_id=464"},"modified":"2017-03-13T11:06:51","modified_gmt":"2017-03-13T09:06:51","slug":"meis","status":"publish","type":"page","link":"https:\/\/www.teeninduskool.ee\/?page_id=464","title":{"rendered":"MEIS"},"content":{"rendered":"<h2 class=\"art-postheader\">MEIS<\/h2>\n<div class=\"art-postcontent\">\n<div class=\"art-article\">\n<p>&nbsp;<\/p>\n<p><strong>MEIS Eestikeelse \u00f5ppe ja \u00f5ppevara arendamine muukeelsetes kutse\u00f5ppeasutustes.<\/strong><br \/>\nKestus: 01. mai 2005\u201301. juuni 2008<br \/>\n<strong>Eesm\u00e4rgid:<\/strong><br \/>\nParandada venekeelsete kutse\u00f5ppeasutuste eesti keele kui teise keele ja teiste ainete \u00f5ppe kvaliteeti, et tagada kutse\u00f5ppeasutuse l\u00f5petajatele nende edasiseks t\u00f6\u00f6ks vajalik erialaline eesti keele oskus.<br \/>\nProjekt keskendus kahele suunale:<br \/>\na) tingimuste loomine kvaliteetse eesti keele \u00f5ppe l\u00e4biviimiseks;<br \/>\nb) mudelite ja metoodika v\u00e4ljaarendamine eesti- v\u00f5i kakskeelse \u00f5ppe korraldamiseks<br \/>\n<strong>Koordinaator:<\/strong> MEIS (Mitte-eestlaste Integratsiooni sihtasutus) <a href=\"http:\/\/www.meis.ee\/\">www.meis.ee<\/a><br \/>\n<strong>Projektijuht:<\/strong> Helen H\u00f5bem\u00e4gi<br \/>\n<strong>Osalejad Tallinna Teeninduskoolis:<\/strong> Kiira Nesterova, Valentina Korotkova, Hele Liiv-Tellmann<br \/>\n<strong>Partnerid:<br \/>\n<\/strong>1. Kohtla-J\u00e4rve Pol\u00fctehnikum<br \/>\n2. Kopli Ametikool<br \/>\n3. Tallinna Lasnam\u00e4e\u00a0 Mehaanikakool<br \/>\n4. Narva Kutsekool<br \/>\n5. Sillam\u00e4e Kutsekool<br \/>\n6. Sisekaitseakadeemia<br \/>\n7. Tallinna Ehituskool<br \/>\n8. Tallinna Pol\u00fctehnikum<br \/>\n9. Tallinna Teeninduskool<br \/>\n10. Tallinna Transpordikool<br \/>\n11. Tallinna T\u00f6\u00f6stushariduskeskus<br \/>\n12. Tartu Kutsehariduskeskus<br \/>\n13. Viljandi Erikutsekool<br \/>\n14. Kohtla-J\u00e4rve Meditsiinikool<br \/>\n15. Self II<br \/>\n<strong>Projektiga seotud materjalid:<\/strong> <a href=\"http:\/\/www.kutsekeel.ee\/\">www.kutsekeel.ee<\/a><\/p>\n<\/div>\n<\/div>\n","protected":false},"excerpt":{"rendered":"<p>MEIS &nbsp; MEIS Eestikeelse \u00f5ppe ja \u00f5ppevara arendamine muukeelsetes kutse\u00f5ppeasutustes. Kestus: 01. mai 2005\u201301. juuni 2008 Eesm\u00e4rgid: Parandada venekeelsete kutse\u00f5ppeasutuste eesti keele kui teise keele ja teiste ainete \u00f5ppe kvaliteeti, et tagada kutse\u00f5ppeasutuse l\u00f5petajatele&#46;&#46;&#46;<\/p>\n","protected":false},"author":4,"featured_media":0,"parent":84,"menu_order":0,"comment_status":"closed","ping_status":"closed","template":"","meta":{"footnotes":""},"class_list":["post-464","page","type-page","status-publish","hentry"],"_links":{"self":[{"href":"https:\/\/www.teeninduskool.ee\/index.php?rest_route=\/wp\/v2\/pages\/464","targetHints":{"allow":["GET"]}}],"collection":[{"href":"https:\/\/www.teeninduskool.ee\/index.php?rest_route=\/wp\/v2\/pages"}],"about":[{"href":"https:\/\/www.teeninduskool.ee\/index.php?rest_route=\/wp\/v2\/types\/page"}],"author":[{"embeddable":true,"href":"https:\/\/www.teeninduskool.ee\/index.php?rest_route=\/wp\/v2\/users\/4"}],"replies":[{"embeddable":true,"href":"https:\/\/www.teeninduskool.ee\/index.php?rest_route=%2Fwp%2Fv2%2Fcomments&post=464"}],"version-history":[{"count":0,"href":"https:\/\/www.teeninduskool.ee\/index.php?rest_route=\/wp\/v2\/pages\/464\/revisions"}],"up":[{"embeddable":true,"href":"https:\/\/www.teeninduskool.ee\/index.php?rest_route=\/wp\/v2\/pages\/84"}],"wp:attachment":[{"href":"https:\/\/www.teeninduskool.ee\/index.php?rest_route=%2Fwp%2Fv2%2Fmedia&parent=464"}],"curies":[{"name":"wp","href":"https:\/\/api.w.org\/{rel}","templated":true}]}}