{"id":466,"date":"2017-03-13T11:07:41","date_gmt":"2017-03-13T09:07:41","guid":{"rendered":"https:\/\/www.teeninduskool.ee\/?page_id=466"},"modified":"2017-03-13T11:07:41","modified_gmt":"2017-03-13T09:07:41","slug":"comenius-1","status":"publish","type":"page","link":"https:\/\/www.teeninduskool.ee\/?page_id=466","title":{"rendered":"Comenius 1"},"content":{"rendered":"<h2 class=\"art-postheader\">Comenius 1<\/h2>\n<div class=\"art-postcontent\">\n<div class=\"art-article\">\n<p><img decoding=\"async\" src=\"https:\/\/www.teeninduskool.ee\/images\/stories\/eurolipp.pjpeg.jpg\" border=\"0\" \/><\/p>\n<p>&nbsp;<\/p>\n<p><strong>Euroopa \u00dchenduse programm Socrates. Comenius 1. Rahvusvaheline \u00f5ppekasvatust\u00f6\u00f6 arenduslik projekt:<br \/>\nTaimsed ja teraviljavalguvabad taimsed toidud Soomes, Saksamaal ja Eestis.<br \/>\n<\/strong>Projekti kestvus<br \/>\n01. august 2004\u201331. juuli 2006<br \/>\n<strong>Projekti partnerid:<br \/>\n<\/strong>Soome Vabariik. Projekti koordinaator. Vammalan Ammatikoulu.<br \/>\nSaksamaa. Freiburg. Edith- Stein Schule.<br \/>\nOsalejad Tallinna Teeninduskoolis: Dina Aarma<br \/>\n<strong>Sihtgrupp:<br \/>\n<\/strong>1. Tallinna Teeninduskooli \u00f5pilased.<br \/>\n2. Tallinna Teeninduskooli \u00f5petajad.<br \/>\nLisav\u00e4\u00e4rtus projektis osalejatele, koolile.<br \/>\n<strong>\u00d5pilased:<\/strong><br \/>\n1. S\u00fcvendatud tervisliku toitumise \u00f5ppimine.<br \/>\n2. Roogade ja men\u00fc\u00fcde v\u00e4ljat\u00f6\u00f6tamisel toote arendamise ja presenteerimise \u00f5ppimine.<br \/>\n3. V\u00f5\u00f5rkeelte oskuste t\u00e4iendamine ( inglise, soome, saksa keel).<br \/>\n4. Projekt v\u00f5imaldab osadel \u00f5pilastel reisida, tundma \u00f5ppida teisi Euroopa riikide kultuure kohapeal.<br \/>\n5. Oskuste omandamine meeskonna ja projektit\u00f6\u00f6s.<br \/>\n6. Isiksuse omaduste arendamine ( tolerantsus, oma v\u00f5imete adekvaatne hindamine).<br \/>\n7. Sidemete loomine teiste riikide \u00f5pilastega.<br \/>\n<strong>\u00d5petajad:<br \/>\n<\/strong>1. Projektit\u00f6\u00f6 ja meeskonnat\u00f6\u00f6 kogemuse saamine oma kooli ja rahvuvahelisel tasandil.<br \/>\n2. V\u00f5\u00f5rkeele oskuste arendamine.<br \/>\n3. Toitumis\u00f5petuse ja kulinaaria ainekavade t\u00e4iustamine.<br \/>\n4. \u00d5ppemetoodika v\u00f5rdlemise v\u00f5imalus Saksamaa ja Soome koolidega.<br \/>\n5. V\u00f5imalus reisida, avardada silmaringi.<br \/>\n6. Sidemete loomine partnerkoolidega, kolleegidega teistest riikidest.<br \/>\n<strong>Kool:<\/strong><br \/>\n1. Sidemete tekkimine ja arenemine Freiburgi Edith Stein Kooli ja Vammala Ametikooliga.<br \/>\n2. Valmib toitude retseptide raamat.<br \/>\n3. Kool saab arvutiprogrammi, mille abil on v\u00f5imalik arvutada roogade toitev\u00e4\u00e4rtust.<br \/>\n2. Valmivad uued toiduretseptid, mida kasutatakse kooli \u00f5ppebaasides toitude valmistamisel.<br \/>\n3. Projekti tulemuste alusel viiakse l\u00e4bi kursusi t\u00e4iendkoolituses.<\/p>\n<\/div>\n<\/div>\n","protected":false},"excerpt":{"rendered":"<p>Comenius 1 &nbsp; Euroopa \u00dchenduse programm Socrates. Comenius 1. Rahvusvaheline \u00f5ppekasvatust\u00f6\u00f6 arenduslik projekt: Taimsed ja teraviljavalguvabad taimsed toidud Soomes, Saksamaal ja Eestis. Projekti kestvus 01. august 2004\u201331. juuli 2006 Projekti partnerid: Soome Vabariik. Projekti&#46;&#46;&#46;<\/p>\n","protected":false},"author":4,"featured_media":0,"parent":84,"menu_order":0,"comment_status":"closed","ping_status":"closed","template":"","meta":{"footnotes":""},"class_list":["post-466","page","type-page","status-publish","hentry"],"_links":{"self":[{"href":"https:\/\/www.teeninduskool.ee\/index.php?rest_route=\/wp\/v2\/pages\/466","targetHints":{"allow":["GET"]}}],"collection":[{"href":"https:\/\/www.teeninduskool.ee\/index.php?rest_route=\/wp\/v2\/pages"}],"about":[{"href":"https:\/\/www.teeninduskool.ee\/index.php?rest_route=\/wp\/v2\/types\/page"}],"author":[{"embeddable":true,"href":"https:\/\/www.teeninduskool.ee\/index.php?rest_route=\/wp\/v2\/users\/4"}],"replies":[{"embeddable":true,"href":"https:\/\/www.teeninduskool.ee\/index.php?rest_route=%2Fwp%2Fv2%2Fcomments&post=466"}],"version-history":[{"count":0,"href":"https:\/\/www.teeninduskool.ee\/index.php?rest_route=\/wp\/v2\/pages\/466\/revisions"}],"up":[{"embeddable":true,"href":"https:\/\/www.teeninduskool.ee\/index.php?rest_route=\/wp\/v2\/pages\/84"}],"wp:attachment":[{"href":"https:\/\/www.teeninduskool.ee\/index.php?rest_route=%2Fwp%2Fv2%2Fmedia&parent=466"}],"curies":[{"name":"wp","href":"https:\/\/api.w.org\/{rel}","templated":true}]}}