{"id":47,"date":"2017-02-28T10:29:56","date_gmt":"2017-02-28T08:29:56","guid":{"rendered":"https:\/\/www.teeninduskool.ee\/?page_id=47"},"modified":"2024-03-11T13:01:54","modified_gmt":"2024-03-11T11:01:54","slug":"arengukava","status":"publish","type":"page","link":"https:\/\/www.teeninduskool.ee\/?page_id=47","title":{"rendered":"Koolist"},"content":{"rendered":"<p>Tallinna Teeninduskool (Teko) on kahe suure kaubandus- ja kulinaariakooli \u2013 Tallinna Kaubandus- ja Kulinaariakool (vene \u00f5ppekeelega) ning Juhkentali Kaubanduskool (eesti \u00f5ppekeelega) liitmisel 1997. aastal tekkinud kakskeelne kutse\u00f5ppeasutus, mille ajalugu ulatub tagasi aastasse 1945. T\u00e4naseks on Tekost v\u00e4lja kujunenud suurim riiklik kutse\u00f5pet pakkuv majutus- ja isikuteeninduse (ilu- ja restorani-) ning kaubanduse valdkonna kool P\u00f5hja-Eesti regioonis.<\/p>\n<h3><span style=\"color: #cd2662;\">Tallinna Teeninduskool on koost\u00f6\u00f6partneriks j\u00e4rgmistele t\u00f6\u00f6andjate \u00fchendustele<\/span><\/h3>\n<ul>\n<li><a href=\"https:\/\/ehrl.ee\/\">Eesti Hotellide ja Restoranide Liit<\/a><\/li>\n<li><a href=\"https:\/\/www.kaupmeesteliit.ee\/\">Eesti Kaupmeeste Liit<\/a><\/li>\n<li><a href=\"https:\/\/www.facebook.com\/kelneriteliit\/\">Eesti Kelnerite Liit<\/a><\/li>\n<li><a href=\"https:\/\/chef.ee\/\">Eesti Peakokkade \u00dchendus<\/a><\/li>\n<li><a href=\"https:\/\/evea.ee\/\">Eesti V\u00e4ike- ja Keskmiste Ettev\u00f5tjate Assotsiatsioon<\/a><\/li>\n<li><a href=\"http:\/\/www.leivaliit.ee\/\">Leivaliit<\/a><\/li>\n<li><a href=\"https:\/\/www.kutsekoda.ee\/\">Kutsekoda<\/a><\/li>\n<li><a href=\"https:\/\/pagariteselts.ee\/\">Eesti Pagarite Selts<\/a><\/li>\n<li><a href=\"https:\/\/www.toiduliit.ee\/\">Eesti Toiduliit<\/a> jt, rakendamaks parimat praktikat kutse\u00f5ppes.<\/li>\n<\/ul>\n<p>\t\t\t\t\t\t<style>\r\n\t\t\t\t<style>\r\n#wpsm_accordion_16113 .wpsm_panel-heading{\r\n\tpadding:0px !important;\r\n}\r\n#wpsm_accordion_16113 .wpsm_panel-title {\r\n\tmargin:0px !important; \r\n\ttext-transform:none !important;\r\n\tline-height: 1 !important;\r\n}\r\n#wpsm_accordion_16113 .wpsm_panel-title a{\r\n\ttext-decoration:none;\r\n\toverflow:hidden;\r\n\tdisplay:block;\r\n\tpadding:0px;\r\n\tfont-size: 18px !important;\r\n\tfont-family: Open Sans !important;\r\n\tcolor:#cd2662 !important;\r\n\tborder-bottom:0px !important;\r\n}\r\n\r\n#wpsm_accordion_16113 .wpsm_panel-title a:focus {\r\noutline: 0px !important;\r\n}\r\n\r\n#wpsm_accordion_16113 .wpsm_panel-title a:hover, #wpsm_accordion_16113 .wpsm_panel-title a:focus {\r\n\tcolor:#cd2662 !important;\r\n}\r\n#wpsm_accordion_16113 .acc-a{\r\n\tcolor: #cd2662 !important;\r\n\tbackground-color:#e8e8e8 !important;\r\n\tborder-color: #ddd;\r\n}\r\n#wpsm_accordion_16113 .wpsm_panel-default > .wpsm_panel-heading{\r\n\tcolor: #cd2662 !important;\r\n\tbackground-color: #e8e8e8 !important;\r\n\tborder-color: #e8e8e8 !important;\r\n\tborder-top-left-radius: 0px;\r\n\tborder-top-right-radius: 0px;\r\n}\r\n#wpsm_accordion_16113 .wpsm_panel-default {\r\n\t\tborder:1px solid transparent !important;\r\n\t}\r\n#wpsm_accordion_16113 {\r\n\tmargin-bottom: 20px;\r\n\toverflow: hidden;\r\n\tfloat: none;\r\n\twidth: 100%;\r\n\tdisplay: block;\r\n}\r\n#wpsm_accordion_16113 .ac_title_class{\r\n\tdisplay: block;\r\n\tpadding-top: 12px;\r\n\tpadding-bottom: 12px;\r\n\tpadding-left: 15px;\r\n\tpadding-right: 15px;\r\n}\r\n#wpsm_accordion_16113  .wpsm_panel {\r\n\toverflow:hidden;\r\n\t-webkit-box-shadow: 0 0px 0px rgba(0, 0, 0, .05);\r\n\tbox-shadow: 0 0px 0px rgba(0, 0, 0, .05);\r\n\t\tborder-radius: 4px;\r\n\t}\r\n#wpsm_accordion_16113  .wpsm_panel + .wpsm_panel {\r\n\t\tmargin-top: 5px;\r\n\t}\r\n#wpsm_accordion_16113  .wpsm_panel-body{\r\n\tbackground-color:#ffffff !important;\r\n\tcolor:#000000 !important;\r\n\tborder-top-color: #e8e8e8 !important;\r\n\tfont-size:16px !important;\r\n\tfont-family: Open Sans !important;\r\n\toverflow: hidden;\r\n\t\tborder: 2px solid #e8e8e8 !important;\r\n\t}\r\n\r\n#wpsm_accordion_16113 .ac_open_cl_icon{\r\n\tbackground-color:#e8e8e8 !important;\r\n\tcolor: #cd2662 !important;\r\n\tfloat:left !important;\r\n\tpadding-top: 12px !important;\r\n\tpadding-bottom: 12px !important;\r\n\tline-height: 1.0 !important;\r\n\tpadding-left: 15px !important;\r\n\tpadding-right: 15px !important;\r\n\tdisplay: inline-block !important;\r\n}\r\n\r\n\t\t\t\r\n\t\t\t<\/style>\t\r\n\t\t\t<\/style>\r\n\t\t\t<div class=\"wpsm_panel-group\" id=\"wpsm_accordion_16113\" >\r\n\t\t\t\t\t\t\t\t\r\n\t\t\t\t\t<!-- Inner panel Start -->\r\n\t\t\t\t\t<div class=\"wpsm_panel wpsm_panel-default\">\r\n\t\t\t\t\t\t<div class=\"wpsm_panel-heading\" role=\"tab\" >\r\n\t\t\t\t\t\t  <h4 class=\"wpsm_panel-title\">\r\n\t\t\t\t\t\t\t<a  class=\"\"  data-toggle=\"collapse\" data-parent=\"\" href=\"javascript:void(0)\" data-target=\"#ac_16113_collapse1\" onclick=\"do_resize()\">\r\n\t\t\t\t\t\t\t\t\t\t\t\t\t\t\t\t\t<span class=\"ac_open_cl_icon fa fa-plus\"><\/span>\r\n\t\t\t\t\t\t\t\t\t\r\n\t\t\t\t\t\t\t\t \r\n\t\t\t\t\t\t\t\t<span class=\"ac_title_class\">\r\n\t\t\t\t\t\t\t\t\tKooli toimimist toetavad juhendid\t\t\t\t\t\t\t\t<\/span>\r\n\t\t\t\t\t\t\t<\/a>\r\n\t\t\t\t\t\t  <\/h4>\r\n\t\t\t\t\t\t<\/div>\r\n\t\t\t\t\t\t<div id=\"ac_16113_collapse1\" class=\"wpsm_panel-collapse collapse \"  >\r\n\t\t\t\t\t\t  <div class=\"wpsm_panel-body\">\r\n\t\t\t\t\t\t\t<ul>\r\n \t<li>Juhendid praktilistes tundides \u00f5ppeks hajutatuse tingimustes: <a href=\"https:\/\/www.teeninduskool.ee\/?p=13017\">iluteenindus<\/a>, <a href=\"https:\/\/www.teeninduskool.ee\/?p=13004\">kokad<\/a><\/li>\r\n \t<li><a href=\"https:\/\/www.teeninduskool.ee\/?page_id=13023\">Tallinna Teeninduskooli h\u00e4daolukordades tegutsemise juhend<\/a><\/li>\r\n<\/ul>\t\t\t\t\t\t  <\/div>\r\n\t\t\t\t\t\t<\/div>\r\n\t\t\t\t\t<\/div>\r\n\t\t\t\t\t<!-- Inner panel End -->\r\n\t\t\t\t\t\r\n\t\t\t\t\t\t\t<\/div>\r\n\t\t\t\r\n<script type=\"text\/javascript\">\r\n\t\r\n\t\tfunction do_resize(){\r\n\r\n\t\t\tvar width=jQuery( '.wpsm_panel .wpsm_panel-body iframe' ).width();\r\n\t\t\tvar height=jQuery( '.wpsm_panel .wpsm_panel-body iframe' ).height();\r\n\r\n\t\t\tvar toggleSize = true;\r\n\t\t\tjQuery('iframe').animate({\r\n\t\t\t    width: toggleSize ? width : 640,\r\n\t\t\t    height: toggleSize ? height : 360\r\n\t\t\t  }, 250);\r\n\r\n\t\t\t  toggleSize = !toggleSize;\r\n\t\t}\r\n\t\t\r\n<\/script>\t<br \/>\nTallinna Teeninduskool kuulub <a href=\"https:\/\/aeht.eu\/\">Euroopa Hotelli- ja Turismikoolide Liitu AEHT<\/a>, mille p\u00f5hitegevus on selles valdkonnas koolide kogemuste vahetamine ja v\u00f5rdlemine ning konkurentsiv\u00f5imelise \u00f5ppe arendamine liikmeskoolides. Kooli t\u00f6\u00f6tajad on aktiivsed kogu Eesti kutsehariduses kaasa r\u00e4\u00e4kimas nii \u00f5ppekavade arenduses kui ka koolikorralduses \u2013 osalusega <a href=\"https:\/\/www.teeninduskool.ee\/?page_id=14\">projektides<\/a> ja <a href=\"https:\/\/www.ekey.ee\/\">Eesti Kutse\u00f5ppe Edendamise \u00dchingu<\/a> kaudu. Teko \u00f5pilased osalevad \u00f5petajate juhendamisel paljudel kutsealastel v\u00f5istlustel nii Eestis kui ka v\u00e4lisriikides. Nii on meie \u00f5pilased osalenud edukalt n\u00e4iteks <a href=\"https:\/\/aeht.eu\/\">AEHT<\/a> konkurssidel, <a href=\"https:\/\/worldskills.org\/\">WorldSkills<\/a>\u00b4il, <a href=\"https:\/\/worldskillseurope.org\/\">EuroSkills<\/a>\u00b4il, vabariiklikel erialav\u00f5istlustel.<\/p>\n\t\t\t\t\t\t\t<h3 style=\"margin-bottom:20px;display:block;width:100%;margin-top:10px\">N\u00f5unike kogu <\/h3>\r\n\t\t\t\t\t\t<style>\r\n\t\t\t\t<style>\r\n#wpsm_accordion_15918 .wpsm_panel-heading{\r\n\tpadding:0px !important;\r\n}\r\n#wpsm_accordion_15918 .wpsm_panel-title {\r\n\tmargin:0px !important; \r\n\ttext-transform:none !important;\r\n\tline-height: 1 !important;\r\n}\r\n#wpsm_accordion_15918 .wpsm_panel-title a{\r\n\ttext-decoration:none;\r\n\toverflow:hidden;\r\n\tdisplay:block;\r\n\tpadding:0px;\r\n\tfont-size: 18px !important;\r\n\tfont-family: Open Sans !important;\r\n\tcolor:#cd2662 !important;\r\n\tborder-bottom:0px !important;\r\n}\r\n\r\n#wpsm_accordion_15918 .wpsm_panel-title a:focus {\r\noutline: 0px !important;\r\n}\r\n\r\n#wpsm_accordion_15918 .wpsm_panel-title a:hover, #wpsm_accordion_15918 .wpsm_panel-title a:focus {\r\n\tcolor:#cd2662 !important;\r\n}\r\n#wpsm_accordion_15918 .acc-a{\r\n\tcolor: #cd2662 !important;\r\n\tbackground-color:#e8e8e8 !important;\r\n\tborder-color: #ddd;\r\n}\r\n#wpsm_accordion_15918 .wpsm_panel-default > .wpsm_panel-heading{\r\n\tcolor: #cd2662 !important;\r\n\tbackground-color: #e8e8e8 !important;\r\n\tborder-color: #e8e8e8 !important;\r\n\tborder-top-left-radius: 0px;\r\n\tborder-top-right-radius: 0px;\r\n}\r\n#wpsm_accordion_15918 .wpsm_panel-default {\r\n\t\tborder:1px solid transparent !important;\r\n\t}\r\n#wpsm_accordion_15918 {\r\n\tmargin-bottom: 20px;\r\n\toverflow: hidden;\r\n\tfloat: none;\r\n\twidth: 100%;\r\n\tdisplay: block;\r\n}\r\n#wpsm_accordion_15918 .ac_title_class{\r\n\tdisplay: block;\r\n\tpadding-top: 12px;\r\n\tpadding-bottom: 12px;\r\n\tpadding-left: 15px;\r\n\tpadding-right: 15px;\r\n}\r\n#wpsm_accordion_15918  .wpsm_panel {\r\n\toverflow:hidden;\r\n\t-webkit-box-shadow: 0 0px 0px rgba(0, 0, 0, .05);\r\n\tbox-shadow: 0 0px 0px rgba(0, 0, 0, .05);\r\n\t\tborder-radius: 4px;\r\n\t}\r\n#wpsm_accordion_15918  .wpsm_panel + .wpsm_panel {\r\n\t\tmargin-top: 5px;\r\n\t}\r\n#wpsm_accordion_15918  .wpsm_panel-body{\r\n\tbackground-color:#ffffff !important;\r\n\tcolor:#000000 !important;\r\n\tborder-top-color: #e8e8e8 !important;\r\n\tfont-size:16px !important;\r\n\tfont-family: Open Sans !important;\r\n\toverflow: hidden;\r\n\t\tborder: 2px solid transparent !important;\r\n\t}\r\n\r\n#wpsm_accordion_15918 .ac_open_cl_icon{\r\n\tbackground-color:#e8e8e8 !important;\r\n\tcolor: #cd2662 !important;\r\n\tfloat:left !important;\r\n\tpadding-top: 12px !important;\r\n\tpadding-bottom: 12px !important;\r\n\tline-height: 1.0 !important;\r\n\tpadding-left: 15px !important;\r\n\tpadding-right: 15px !important;\r\n\tdisplay: inline-block !important;\r\n}\r\n\r\n\t\t\t\r\n\t\t\t<\/style>\t\r\n\t\t\t<\/style>\r\n\t\t\t<div class=\"wpsm_panel-group\" id=\"wpsm_accordion_15918\" >\r\n\t\t\t\t\t\t\t\t\r\n\t\t\t\t\t<!-- Inner panel Start -->\r\n\t\t\t\t\t<div class=\"wpsm_panel wpsm_panel-default\">\r\n\t\t\t\t\t\t<div class=\"wpsm_panel-heading\" role=\"tab\" >\r\n\t\t\t\t\t\t  <h4 class=\"wpsm_panel-title\">\r\n\t\t\t\t\t\t\t<a  class=\"\"  data-toggle=\"collapse\" data-parent=\"#wpsm_accordion_15918 \" href=\"javascript:void(0)\" data-target=\"#ac_15918_collapse1\" onclick=\"do_resize()\">\r\n\t\t\t\t\t\t\t\t\t\t\t\t\t\t\t\t\t<span class=\"ac_open_cl_icon fa fa-plus\"><\/span>\r\n\t\t\t\t\t\t\t\t\t\r\n\t\t\t\t\t\t\t\t \r\n\t\t\t\t\t\t\t\t<span class=\"ac_title_class\">\r\n\t\t\t\t\t\t\t\t\tTallinna Teeninduskooli n\u00f5unike kogu koosseis alates 18.11.2022\t\t\t\t\t\t\t\t<\/span>\r\n\t\t\t\t\t\t\t<\/a>\r\n\t\t\t\t\t\t  <\/h4>\r\n\t\t\t\t\t\t<\/div>\r\n\t\t\t\t\t\t<div id=\"ac_15918_collapse1\" class=\"wpsm_panel-collapse collapse \"  >\r\n\t\t\t\t\t\t  <div class=\"wpsm_panel-body\">\r\n\t\t\t\t\t\t\t<span style=\"color: #cd2662\"><strong>Kristo Lassi<\/strong> <span style=\"color: #000000\">esimees<\/span><\/span>\r\n<ul>\r\n \t<li>Eesti Kelnerite Liidu esindaja<\/li>\r\n \t<li>KaiF Bar, KaiF Kateering ja Kiixbaar teenindusjuht<\/li>\r\n<\/ul>\r\n<strong><span style=\"color: #cd2662\">Silver Saa\u00a0<\/span><\/strong>\r\n<ul>\r\n \t<li>Eesti Peakokkade \u00dchenduse esindaja<\/li>\r\n \t<li>Lahepere Villa peakokk<\/li>\r\n<\/ul>\r\n<span style=\"color: #cd2662\"><strong>Marelle M\u00f6ll<\/strong><\/span>\r\n<ul>\r\n \t<li>Haridus- ja Teadusministeeriumi esindaja<\/li>\r\n \t<li>Haridus- ja Teadusministeeriumi k\u00f5rg- ja kutsehariduspoliitika ning elukestva \u00f5ppe osakonna kutsehariduspoliitika ja oskuste poliitika valdkonna peaekspert<\/li>\r\n<\/ul>\r\n<span style=\"color: #cd2662\"><strong>Sandra Vaha<\/strong><\/span>\r\n<ul>\r\n \t<li>Eesti T\u00f6\u00f6tukassa, teenuste osakonna osakonnajuhataja aset\u00e4itja<\/li>\r\n<\/ul>\r\n<span style=\"color: #cd2662\"><strong>Madis Annus<\/strong> <\/span>\r\n<ul>\r\n \t<li>Tallinna Linnavalitsuse esindaja<\/li>\r\n \t<li>Tallinna Haridusameti hariduskorralduse osakonna peaspetsialist<\/li>\r\n<\/ul>\r\n<span style=\"color: #cd2662\"><strong>Tiina Mironova<\/strong> <\/span>\r\n<ul>\r\n \t<li>Eesti Kaupmeeste Liidu esindaja<\/li>\r\n \t<li>AS Selver personalijuht<\/li>\r\n<\/ul>\r\n<strong><span style=\"color: #cd2662\">Andra Piirsalu<\/span><\/strong>\r\n<ul>\r\n \t<li>Eesti Hotellide ja Restoranide Liidu esindaja<\/li>\r\n \t<li>Hotell Palace hotellijuht<\/li>\r\n<\/ul>\r\n<strong><span style=\"color: #cd2662\">Annika Maido <\/span><\/strong>\r\n<ul>\r\n \t<li>Eesti Hotellide ja Restoranide Liidu esindaja<\/li>\r\n \t<li>Kalev SPA &amp; Veekeskus personalijuht<\/li>\r\n<\/ul>\r\n<span style=\"color: #cd2662\"><strong>Kaire Kase <\/strong><\/span>\r\n<ul>\r\n \t<li>Eesti Pagarite Seltsi esindaja<\/li>\r\n \t<li>O\u00dc Gurmeeklubi tootmisjuht<\/li>\r\n<\/ul>\t\t\t\t\t\t  <\/div>\r\n\t\t\t\t\t\t<\/div>\r\n\t\t\t\t\t<\/div>\r\n\t\t\t\t\t<!-- Inner panel End -->\r\n\t\t\t\t\t\r\n\t\t\t\t\t\t\t<\/div>\r\n\t\t\t\r\n<script type=\"text\/javascript\">\r\n\t\r\n\t\tfunction do_resize(){\r\n\r\n\t\t\tvar width=jQuery( '.wpsm_panel .wpsm_panel-body iframe' ).width();\r\n\t\t\tvar height=jQuery( '.wpsm_panel .wpsm_panel-body iframe' ).height();\r\n\r\n\t\t\tvar toggleSize = true;\r\n\t\t\tjQuery('iframe').animate({\r\n\t\t\t    width: toggleSize ? width : 640,\r\n\t\t\t    height: toggleSize ? height : 360\r\n\t\t\t  }, 250);\r\n\r\n\t\t\t  toggleSize = !toggleSize;\r\n\t\t}\r\n\t\t\r\n<\/script>\t\n<p>&nbsp;<\/p>\n","protected":false},"excerpt":{"rendered":"<p>Tallinna Teeninduskool (Teko) on kahe suure kaubandus- ja kulinaariakooli \u2013 Tallinna Kaubandus- ja Kulinaariakool (vene \u00f5ppekeelega) ning Juhkentali Kaubanduskool (eesti \u00f5ppekeelega) liitmisel 1997. aastal tekkinud kakskeelne kutse\u00f5ppeasutus, mille ajalugu ulatub tagasi aastasse 1945. T\u00e4naseks&#46;&#46;&#46;<\/p>\n","protected":false},"author":4,"featured_media":0,"parent":0,"menu_order":2,"comment_status":"closed","ping_status":"closed","template":"page-templates\/child-menu.php","meta":{"footnotes":""},"class_list":["post-47","page","type-page","status-publish","hentry"],"_links":{"self":[{"href":"https:\/\/www.teeninduskool.ee\/index.php?rest_route=\/wp\/v2\/pages\/47","targetHints":{"allow":["GET"]}}],"collection":[{"href":"https:\/\/www.teeninduskool.ee\/index.php?rest_route=\/wp\/v2\/pages"}],"about":[{"href":"https:\/\/www.teeninduskool.ee\/index.php?rest_route=\/wp\/v2\/types\/page"}],"author":[{"embeddable":true,"href":"https:\/\/www.teeninduskool.ee\/index.php?rest_route=\/wp\/v2\/users\/4"}],"replies":[{"embeddable":true,"href":"https:\/\/www.teeninduskool.ee\/index.php?rest_route=%2Fwp%2Fv2%2Fcomments&post=47"}],"version-history":[{"count":5,"href":"https:\/\/www.teeninduskool.ee\/index.php?rest_route=\/wp\/v2\/pages\/47\/revisions"}],"predecessor-version":[{"id":16727,"href":"https:\/\/www.teeninduskool.ee\/index.php?rest_route=\/wp\/v2\/pages\/47\/revisions\/16727"}],"wp:attachment":[{"href":"https:\/\/www.teeninduskool.ee\/index.php?rest_route=%2Fwp%2Fv2%2Fmedia&parent=47"}],"curies":[{"name":"wp","href":"https:\/\/api.w.org\/{rel}","templated":true}]}}