{"id":5027,"date":"2018-02-23T14:52:01","date_gmt":"2018-02-23T12:52:01","guid":{"rendered":"https:\/\/www.teeninduskool.ee\/?page_id=5027"},"modified":"2024-06-10T10:22:22","modified_gmt":"2024-06-10T07:22:22","slug":"teko-teenetemargid","status":"publish","type":"page","link":"https:\/\/www.teeninduskool.ee\/?page_id=5027","title":{"rendered":"Teko teenetem\u00e4rgid"},"content":{"rendered":"<p>Tallinna Teeninduskoolis on\u00a0t\u00f6\u00f6tajate tunnustamine t\u00f6\u00f6protsessi lahutamatu osa. T\u00f6\u00f6ga seotud s\u00fcndmuste ja saavutuste puhul tunnustatakse t\u00f6\u00f6tajaid muuhulgas ka kooli teenetem\u00e4rkidega. Teenetem\u00e4rkidel on kolm j\u00e4rku, ettepanekuid v\u00f5ivad teha k\u00f5ik t\u00f6\u00f6tajad ja osakonnad, kinnitatakse direktori otsusega. T\u00f6\u00f6tajaid tunnustatakse eeskuju andva t\u00f6\u00f6, pikaajalise kohusetundliku t\u00f6\u00f6, silmapaistavate \u00fchekordsete t\u00f6\u00f6alaste saavutuste eest, mis t\u00f5stavad kooli mainet \u00fchiskonnas, eest. Teenetem\u00e4rke antakse v\u00e4lja \u00fcks kord aastas, vabariigi aastap\u00e4eval.<\/p>\n<p><span style=\"color: #cd2662;\"><strong>I taseme teenetem\u00e4rk<\/strong><\/span> \u2013 poolkaarel Teko logo<\/p>\n<p><span style=\"color: #cd2662;\"><strong>II taseme teenetem\u00e4rk<\/strong> <\/span>\u2013 kuldses tammep\u00e4rjas Teko logo<\/p>\n<p><strong><span style=\"color: #cd2662;\">III taseme teenetem\u00e4rk<\/span><\/strong> \u2013 kuldses tammep\u00e4rjas Teko logo ja lint<\/p>\n<table style=\"width: 100%; background-color: #ffffff;\" width=\"100%\">\n<tbody>\n<tr>\n<th style=\"width: 800px; background-color: #cd2662;\"><span style=\"color: #ffffff;\">I taseme teenetem\u00e4rgi kavalerid<\/span><\/th>\n<\/tr>\n<tr>\n<td style=\"width: 800px; background-color: #f0f0f0; vertical-align: top; text-align: left;\"><span style=\"color: #000000;\"><strong style=\"color: #333333;\">2024<\/strong><\/span><\/td>\n<\/tr>\n<tr style=\"background-color: #ffffff;\">\n<td style=\"width: 800px; background-color: #ffffff; text-align: left; vertical-align: top;\"><span style=\"color: #000000;\">Ljudmilla Butnik, Veronika Eesmann, Niina Mart\u00f5nkevit\u0161, Natalja Kudinova, Eve Pikner, Merike L\u00e4tti, Sofia Vakulich<\/span><\/td>\n<\/tr>\n<tr>\n<td style=\"width: 800px; background-color: #f0f0f0; vertical-align: top; text-align: left;\"><span style=\"color: #000000;\"><strong style=\"color: #333333;\">2023<\/strong><\/span><\/td>\n<\/tr>\n<tr>\n<td style=\"width: 800px; background-color: #ffffff; text-align: left; vertical-align: top;\"><span style=\"color: #000000;\">Katrin Maack, Anne Nuka<\/span><\/td>\n<\/tr>\n<tr>\n<td style=\"width: 800px; background-color: #f0f0f0; vertical-align: top; text-align: left;\"><span style=\"color: #000000;\"><strong style=\"color: #333333;\">2022<\/strong><\/span><\/td>\n<\/tr>\n<tr>\n<td style=\"width: 800px; background-color: #ffffff; text-align: left; vertical-align: top;\"><span style=\"color: #000000;\">Triin Henn, Katrin Kelder, Kaspar K\u00fctt, Margit Lipstuhl, Kai Rannastu, Marge Saarik, Ilona S\u00e4\u00e4lik, Elle Vel\u0161<\/span><\/td>\n<\/tr>\n<tr>\n<td style=\"width: 800px; background-color: #f0f0f0; vertical-align: top; text-align: left;\"><span style=\"color: #000000;\"><strong style=\"color: #333333;\">2021<\/strong><\/span><\/td>\n<\/tr>\n<tr style=\"background-color: #ffffff;\">\n<td style=\"width: 800px; background-color: #ffffff; vertical-align: top; text-align: left;\"><span style=\"color: #000000;\">Natalja Bondareva, Svetlana Elfimova, Kristel Kirsipuu, Dragac Kitic, Natalja Kozinets, Rita M\u00fc\u00fcr (L\u00f5omets), Marina Nikolajeva, Triinu Raig, \u00d5ilme Siimer, Sirje Tammeoks, Meeli Uibom\u00e4gi<\/span><\/td>\n<\/tr>\n<tr>\n<td style=\"width: 800px; background-color: #f0f0f0; vertical-align: top; text-align: left;\"><span style=\"color: #000000;\"><strong style=\"color: #333333;\">2020<\/strong><\/span><\/td>\n<\/tr>\n<tr>\n<td style=\"width: 800px; background-color: #ffffff; text-align: left; vertical-align: top;\"><span style=\"color: #000000;\">Moonika Aedmaa, Eero-Olavi Kippa, Jevgeni Kirilahha, Kaia Laansoo, Gadi Makke, Diana Malkevit\u0161, Valeria M\u00f5stkovski, Eda Odar, Marge Oldermann, Aleksandra Seljugina, Gerda Sepp, Anna Treiberk, Anu Uusmaa, Ants Viljus<\/span><\/td>\n<\/tr>\n<tr>\n<td style=\"width: 800px; background-color: #f0f0f0; text-align: left; vertical-align: top;\"><span style=\"color: #000000;\"><strong style=\"color: #333333;\">2019<\/strong><\/span><\/td>\n<\/tr>\n<tr>\n<td style=\"width: 800px; text-align: left; vertical-align: top;\">Ingrid Kommer,\u00a0Sergei Ustrikov,\u00a0Svetlana Brjauzova,\u00a0Natalia Makovei,\u00a0Heli Kirotar,\u00a0Ando Nurk,\u00a0Siret Rannik,\u00a0Greta Sugurova,\u00a0Maina Villenberg<\/td>\n<\/tr>\n<tr>\n<td style=\"width: 800px; background-color: #f0f0f0; text-align: left; vertical-align: top;\"><span style=\"color: #000000;\"><strong style=\"color: #333333;\">2018<\/strong><\/span><\/td>\n<\/tr>\n<tr>\n<td style=\"width: 800px; text-align: left; vertical-align: top;\">Dina Aarma,\u00a0Maria Baturevich, Ljudmilla Iljina, Svetlana Kalju, Valentina Korotkova, Ellen Lessel, Astrid Maidla, Eeva Maripuu,\u00a0Alje Nohrin, Kaimar Palm, Lidia Sakovit\u0161, Jelena Sivagina, Niina Smirnina, Jana Sobol,\u00a0Maria Stulova, Tatjana Surgutskaja, Ljudmilla Zahharova, Merike Vilgo<\/td>\n<\/tr>\n<tr>\n<td style=\"width: 800px; background-color: #f0f0f0; text-align: left; vertical-align: top;\"><strong>2017<\/strong><\/td>\n<\/tr>\n<tr>\n<td style=\"width: 800px; text-align: left; vertical-align: top;\">Ljudmilla Golovatjuk, Irina Horo\u0161ihh, Kristi Leinus, Margus Puustusmaa, Pirje P\u00e4rimets, Annely Raudsepp, Diane Sarapuu-Kelder, Sirje Tenok, Kaido Tiits, Kaie Toomet, Kaire Tero, Maarika Lember, Janno Lepik, Radoslav Mitro, Pavel Gurjanov, Thomas Ojassalu<\/td>\n<\/tr>\n<tr>\n<td style=\"width: 800px; background-color: #f0f0f0; text-align: left; vertical-align: top;\"><strong>2015<\/strong><\/td>\n<\/tr>\n<tr>\n<td style=\"width: 800px; text-align: left; vertical-align: top;\">Tiiu Koitsaar, Alla Sch\u00f6nberg, Milvi Tammem\u00e4gi, Tamara Tolovski<\/td>\n<\/tr>\n<tr>\n<td style=\"width: 800px; background-color: #f0f0f0; text-align: left; vertical-align: top;\"><strong>2014<\/strong><\/td>\n<\/tr>\n<tr>\n<td style=\"width: 800px; text-align: left; vertical-align: top;\">Aive Antson, Roman Fokin, Annely Kallo, Ljudmilla Kolt\u0161enko, Riina Laht, Tiina Plukk, Evelin Lambut (Rajasalu), Karen Stimmer, Kristi Tiido, \u00dclle Toots<\/td>\n<\/tr>\n<tr>\n<td style=\"width: 800px; background-color: #f0f0f0; text-align: left; vertical-align: top;\"><span style=\"color: #000000;\"><strong>2011<\/strong><\/span><\/td>\n<\/tr>\n<tr>\n<td style=\"width: 800px; text-align: left; vertical-align: top;\">Anne M\u00e4e,\u00a0Pille Pajula,\u00a0Malle Arro,\u00a0Oksana Bessmeltseva,\u00a0Erki End,\u00a0Heikki Eskusson, Svetlana Gret\u0161ihhina,\u00a0Krista Kalmus, Urma Kangru, Ilona Kauts, Pille Keskk\u00fcla, Aivar Koitla, Olav Kruus, Peeter Luht, Olga Lukina, Jaan Luksepp, Rein Maasing, Eha Martma, Merike Neigo, Silvi Palmiste, Elen Protten, Galina P\u00f5rh, Sergei Seljugin, S\u00e4deSneedse, Valentina Shapkina,\u00a0Olga Zimireva, Silver Tamm, Hille Teesalu,\u00a0Gunnar Torop, K\u00fclliki T\u00fcri, Helena Virrit, Riina Vonda<\/td>\n<\/tr>\n<\/tbody>\n<\/table>\n<p>&nbsp;<\/p>\n<table style=\"height: 30px; width: 100%;\" width=\"100%\">\n<tbody>\n<tr>\n<th style=\"width: 800px; background-color: #cd2662;\"><span style=\"color: #ffffff;\">II taseme teenetem\u00e4rgi kavalerid<\/span><\/th>\n<\/tr>\n<tr>\n<td style=\"width: 800px; background-color: #f0f0f0; text-align: left; vertical-align: top;\"><span style=\"color: #000000;\"><strong>2024<\/strong><\/span><\/td>\n<\/tr>\n<tr>\n<td style=\"width: 800px; background-color: #fffffa; text-align: left; vertical-align: top;\"><span style=\"color: #000000;\">Kaimar Palm, Ljudmilla Zahharova, Riina Laht, Kaia Laansoo, Krista Luksepp, Diane Sarapuu-Kelder, Tatjana Surgutskaja, Eha Martma, Sergei Seljugin<\/span><\/td>\n<\/tr>\n<tr>\n<td style=\"width: 800px; background-color: #f0f0f0; text-align: left; vertical-align: top;\"><span style=\"color: #000000;\"><strong>2023<\/strong><\/span><\/td>\n<\/tr>\n<tr>\n<td style=\"width: 800px; background-color: #ffffff; text-align: left; vertical-align: top;\"><span style=\"color: #000000;\">Evelin Lambut, Anu Uusmaa<\/span><\/td>\n<\/tr>\n<tr>\n<td style=\"width: 800px; background-color: #f0f0f0; text-align: left; vertical-align: top;\"><span style=\"color: #000000;\"><strong>2022<\/strong><\/span><\/td>\n<\/tr>\n<tr>\n<td style=\"width: 800px; background-color: #ffffff; text-align: left; vertical-align: top;\"><span style=\"color: #000000;\">Moonika Aedmaa, Eero Olavi Kippa, Astrid Maidla, Merike Vilgo<\/span><\/td>\n<\/tr>\n<tr>\n<td style=\"width: 800px; background-color: #f0f0f0; text-align: left; vertical-align: top;\"><span style=\"color: #000000;\"><strong>2021<\/strong><\/span><\/td>\n<\/tr>\n<tr>\n<td style=\"width: 800px; background-color: #ffffff; text-align: left; vertical-align: top;\"><span style=\"color: #000000;\">Jaan Luksepp, Alje Nohrin, Siret Rannik, Lidia Sakovit\u0161, Jelena Sivagina, Sirje Tenok, Sergei Ustrikov, Elen Protten<\/span><\/td>\n<\/tr>\n<tr>\n<td style=\"width: 800px; background-color: #f0f0f0; text-align: left; vertical-align: top;\"><span style=\"color: #000000;\"><strong>2019<\/strong><\/span><\/td>\n<\/tr>\n<tr>\n<td style=\"width: 800px; background-color: #ffffff; text-align: left; vertical-align: top;\">Kristi Tiido<\/td>\n<\/tr>\n<tr>\n<td style=\"width: 800px; background-color: #f0f0f0; text-align: left; vertical-align: top;\"><span style=\"color: #000000;\"><strong>2017<\/strong><\/span><\/td>\n<\/tr>\n<tr>\n<td style=\"width: 800px; background-color: #ffffff; text-align: left; vertical-align: top;\">Anne M\u00e4e,\u00a0Pille Pajula<\/td>\n<\/tr>\n<\/tbody>\n<\/table>\n<p>&nbsp;<\/p>\n<table style=\"height: 72px; width: 100%;\" width=\"100%\">\n<tbody>\n<tr style=\"height: 24px;\">\n<th style=\"width: 800px; background-color: #cd2662; height: 24px;\"><span style=\"color: #ffffff;\">III taseme teenetem\u00e4rgi kavalerid<\/span><\/th>\n<\/tr>\n<tr>\n<td style=\"width: 800px; background-color: #f0f0f0; text-align: left; vertical-align: top;\"><span style=\"color: #000000;\"><strong>2024<\/strong><\/span><\/td>\n<\/tr>\n<tr>\n<td style=\"width: 800px; background-color: #ffffff; text-align: left; vertical-align: top;\"><span style=\"color: #000000;\">Astrid Maidla, Pille Pajula-Palmiste, Kristi Tiido<\/span><\/td>\n<\/tr>\n<tr>\n<td style=\"width: 800px; background-color: #f0f0f0; text-align: left; vertical-align: top;\"><span style=\"color: #000000;\"><strong>2023<\/strong><\/span><\/td>\n<\/tr>\n<tr>\n<td style=\"width: 800px; background-color: #ffffff; text-align: left; vertical-align: top;\"><span style=\"color: #000000;\">Siret Rannik, Anne M\u00e4e<\/span><\/td>\n<\/tr>\n<tr style=\"height: 24px;\">\n<td style=\"width: 800px; background-color: #f0f0f0; text-align: left; vertical-align: top; height: 24px;\"><span style=\"color: #000000;\"><strong>2022<\/strong><\/span><\/td>\n<\/tr>\n<tr style=\"height: 24px;\">\n<td style=\"width: 800px; background-color: #ffffff; text-align: left; vertical-align: top; height: 24px;\">Tiina Plukk<\/td>\n<\/tr>\n<\/tbody>\n<\/table>\n","protected":false},"excerpt":{"rendered":"<p>Tallinna Teeninduskoolis on\u00a0t\u00f6\u00f6tajate tunnustamine t\u00f6\u00f6protsessi lahutamatu osa. T\u00f6\u00f6ga seotud s\u00fcndmuste ja saavutuste puhul tunnustatakse t\u00f6\u00f6tajaid muuhulgas ka kooli teenetem\u00e4rkidega. Teenetem\u00e4rkidel on kolm j\u00e4rku, ettepanekuid v\u00f5ivad teha k\u00f5ik t\u00f6\u00f6tajad ja osakonnad, kinnitatakse direktori otsusega. T\u00f6\u00f6tajaid&#46;&#46;&#46;<\/p>\n","protected":false},"author":4,"featured_media":5033,"parent":0,"menu_order":0,"comment_status":"closed","ping_status":"closed","template":"","meta":{"footnotes":""},"class_list":["post-5027","page","type-page","status-publish","has-post-thumbnail","hentry"],"_links":{"self":[{"href":"https:\/\/www.teeninduskool.ee\/index.php?rest_route=\/wp\/v2\/pages\/5027","targetHints":{"allow":["GET"]}}],"collection":[{"href":"https:\/\/www.teeninduskool.ee\/index.php?rest_route=\/wp\/v2\/pages"}],"about":[{"href":"https:\/\/www.teeninduskool.ee\/index.php?rest_route=\/wp\/v2\/types\/page"}],"author":[{"embeddable":true,"href":"https:\/\/www.teeninduskool.ee\/index.php?rest_route=\/wp\/v2\/users\/4"}],"replies":[{"embeddable":true,"href":"https:\/\/www.teeninduskool.ee\/index.php?rest_route=%2Fwp%2Fv2%2Fcomments&post=5027"}],"version-history":[{"count":5,"href":"https:\/\/www.teeninduskool.ee\/index.php?rest_route=\/wp\/v2\/pages\/5027\/revisions"}],"predecessor-version":[{"id":19727,"href":"https:\/\/www.teeninduskool.ee\/index.php?rest_route=\/wp\/v2\/pages\/5027\/revisions\/19727"}],"wp:featuredmedia":[{"embeddable":true,"href":"https:\/\/www.teeninduskool.ee\/index.php?rest_route=\/wp\/v2\/media\/5033"}],"wp:attachment":[{"href":"https:\/\/www.teeninduskool.ee\/index.php?rest_route=%2Fwp%2Fv2%2Fmedia&parent=5027"}],"curies":[{"name":"wp","href":"https:\/\/api.w.org\/{rel}","templated":true}]}}