{"id":5391,"date":"2018-03-15T11:40:04","date_gmt":"2018-03-15T09:40:04","guid":{"rendered":"https:\/\/www.teeninduskool.ee\/?page_id=5391"},"modified":"2023-10-20T10:04:30","modified_gmt":"2023-10-20T07:04:30","slug":"taiendav-keeleope","status":"publish","type":"page","link":"https:\/\/www.teeninduskool.ee\/?page_id=5391","title":{"rendered":"T\u00e4iendav keele\u00f5pe"},"content":{"rendered":"<p>SA Innove poolt algatatud<strong> \u201eT\u00f6\u00f6turu vajadustele vastava kutse- ja k\u00f5rghariduse arendamine\u201c\u00a0(PR\u00d5M)<\/strong> tegevused toimuvad kahel haridustasemel \u2013\u00a0kutsehariduses ja k\u00f5rghariduses.\u00a0<strong>T\u00e4iendava keele\u00f5pe <\/strong>kaudu kutse- ja k\u00f5rghariduses toetatakse\u00a0<strong>kutse- ja k\u00f5rghariduse \u00f5ppurite akadeemilise ja erialase eesti keele ning v\u00f5\u00f5rkeelte \u00f5pet<\/strong>eesm\u00e4rgiga suurendada \u00f5ppijate sujuvat liikumist \u00a0haridustasemete vahel ning \u00f5pingutej\u00e4rgset toimetulekut, karj\u00e4\u00e4riv\u00f5imalusi ja mobiilsust t\u00f6\u00f6turul.<\/p>\n<h3><span style=\"color: #cd2662;\">2017\/2018 \u00f5ppeaasta tegevused erialase keeleoskuse parendamiseks<\/span><\/h3>\n<ol>\n<li><strong><em>Koka- ja toitlustusteeninduse \u00f5pilaste \u00f5ppek\u00e4ik Helsingisse <a href=\"https:\/\/gastro.messukeskus.com\/\">Gastro 2018<\/a>-le erialakeele kasutamiseks ja parendamiseks.\u00a0<\/em><\/strong>14. m\u00e4rtsil 2018 k\u00fclastasid \u00f5pper\u00fchmade KK15-PE1, KK15-PE2 ja TO15-PE \u00f5pilased,\u00a0emakeele\u00f5petaja\u00a0Annely Raudsepp ja soome keele \u00f5petaja\u00a0<strong>Ilona S\u00e4\u00e4lik<\/strong>\u00a0Helsingi messikeskust. \u00d5pilased said v\u00f5imaluse erialases v\u00f5\u00f5rkeelekeskonnas oma oskusi t\u00e4iendada\u00a0 ja proovile panna. \u00d5ppek\u00e4igu eesm\u00e4rgiks oli\u00a0 erialase soome keele arendamine\u00a0 ja\u00a0 kinnistamine ning\u00a0 ettevalmistus erialaseks kutset\u00f6\u00f6ks.\u00a0 \u00d5ppek\u00e4igu tegevused olid integreeritud erialateemadega.\u00a0<img loading=\"lazy\" decoding=\"async\" class=\"size-large wp-image-5392 alignnone\" src=\"https:\/\/www.teeninduskool.ee\/wp-content\/uploads\/2018\/03\/gastro2018-1024x576.jpg\" alt=\"\" width=\"1024\" height=\"576\" srcset=\"https:\/\/www.teeninduskool.ee\/wp-content\/uploads\/2018\/03\/gastro2018-1024x576.jpg 1024w, https:\/\/www.teeninduskool.ee\/wp-content\/uploads\/2018\/03\/gastro2018-300x169.jpg 300w, https:\/\/www.teeninduskool.ee\/wp-content\/uploads\/2018\/03\/gastro2018-768x432.jpg 768w, https:\/\/www.teeninduskool.ee\/wp-content\/uploads\/2018\/03\/gastro2018.jpg 1440w\" sizes=\"auto, (max-width: 1024px) 100vw, 1024px\" \/><\/li>\n<li><strong><em>Majutusvaldkonna \u00f5pilaste \u00f5ppek\u00e4ik Helsingi turismimessile Matka 2018 erialakeele rakendamiseks.\u00a0<\/em><\/strong>20. jaanuaril 2017 k\u00fclastasid \u00f5pper\u00fchmade HT16-KE ja MT14-PE \u00f5pilased koos soome keele \u00f5petaja\u00a0<strong>Ilona S\u00e4\u00e4liku<\/strong>\u00a0ja majutusvaldkonna juhtiv\u00f5petaja\u00a0<strong>Kristi Leinusega<\/strong>\u00a0P\u00f5hja-Euroopa suurimat turismimessi Helsingis\u00a0<strong>MATKA 2017<\/strong>. \u00d5pilased said v\u00f5imaluse erialases v\u00f5\u00f5rkeelekeskonnas oma oskusi t\u00e4iendada\u00a0 ja proovile panna. \u00d5ppek\u00e4igu eesm\u00e4rgiks oli\u00a0 erialase soome keele arendamine\u00a0 ja\u00a0 kinnistamine ning\u00a0 ettevalmistus erialaseks kutset\u00f6\u00f6ks.\u00a0 \u00d5ppek\u00e4igu tegevused olid integreeritud erialateemadega.\u00a0<strong>\u00d5ppek\u00e4igu\u00a0<a href=\"https:\/\/www.teeninduskool.ee\/?p=1424\">tutvustus\u00a0<\/a>ja\u00a0<a href=\"http:\/\/matkamessut2017.weebly.com\/\">veebikodu<\/a><\/strong>.<\/li>\n<\/ol>\n<h3><span style=\"color: #cd2662;\">2016\/2017 \u00f5ppeaasta tegevused erialase keeleoskuse parendamiseks<\/span><\/h3>\n<ol>\n<li><strong><em>Majutusvaldkonna \u00f5pilaste \u00f5ppek\u00e4ik Helsingi turismimessile erialakeele rakendamiseks.\u00a0<\/em><\/strong>20. jaanuaril 2017 k\u00fclastasid \u00f5pper\u00fchmade HT16-KE ja MT14-PE \u00f5pilased koos soome keele \u00f5petaja\u00a0<strong>Ilona S\u00e4\u00e4liku<\/strong>\u00a0ja majutusvaldkonna juhtiv\u00f5petaja\u00a0<strong>Kristi Leinusega<\/strong>\u00a0P\u00f5hja-Euroopa suurimat turismimessi Helsingis\u00a0<strong>MATKA 2017<\/strong>. \u00d5pilased said v\u00f5imaluse erialases v\u00f5\u00f5rkeelekeskonnas oma oskusi t\u00e4iendada\u00a0 ja proovile panna. \u00d5ppek\u00e4igu eesm\u00e4rgiks oli\u00a0 erialase soome keele arendamine\u00a0 ja\u00a0 kinnistamine ning\u00a0 ettevalmistus erialaseks kutset\u00f6\u00f6ks.\u00a0 \u00d5ppek\u00e4igu tegevused olid integreeritud erialateemadega.\u00a0<strong>\u00d5ppek\u00e4igu\u00a0<a href=\"https:\/\/www.teeninduskool.ee\/?p=1424\">tutvustus\u00a0<\/a>ja\u00a0<a href=\"http:\/\/matkamessut2017.weebly.com\/\">veebikodu<\/a><\/strong>.<\/li>\n<li><strong><em>Tallinna Teeninduskooli t\u00e4iendav eesti keele \u00f5pe teenindusvaldkonna \u00f5ppuritele.\u00a0<\/em><\/strong>S\u00fcgisel 2016 aastal alustasid kaks A1 ja kaks B2 taseme \u00f5ppegruppi t\u00e4iendava eesti keele \u00f5ppimiseks. Grupid koostati p\u00f5hikoolij\u00e4rgsete venekeelsete koka ja pagar-kondiitri eriala \u00f5pilastest ning eesti keelsetest gruppidest (toitlustusteenindus, majutusteenindus, kokk, pagarkondiiter) \u00f5pilastest, kelle emakeel pole eesti keel.\u00a0 Kokku osalevad t\u00e4iendavates eesti keel tundides 42 \u00f5pilast. \u00d5ppet\u00f6\u00f6 maht \u00fche taseme l\u00f5ikes on 100 akadeemilist tundi.<\/li>\n<li><em><strong>\u00d5ppek\u00e4ik P\u00e4rnu maakonda Kurgja ja Tamme tallu.<\/strong><\/em> \u00d5ppek\u00e4ikudel osalevad toitlustuse valdkonna koka eriala 2. kursuse \u00f5pilased, kokku 40 \u00f5pilast. Kursus keskendub erialakeelele aga on seotud ka Eesti kuluuriloo, geograafia, ajaloo ja kulinaariaga. 26.10.2016 toimus eksursioon C.R. Jakobsoni majamuuseumisse Kurgjal. L\u00e4biti haridusprogramm \u201eEesti toidu aastaring talus\u201c\u00a0 Programmi tutvustas\u00a0 Eesti s\u00f6\u00f6gitraditsioone, aastaaegade m\u00f5ju talu toidulaual, Kurgja talu ja selle elanikke, C. R. Jakobsoni p\u00f5him\u00f5tteid talust ja toidust ning toidu teekonda laudast ja aiast k\u00f6\u00f6ki- meie lauale.<\/li>\n<\/ol>\n","protected":false},"excerpt":{"rendered":"<p>SA Innove poolt algatatud \u201eT\u00f6\u00f6turu vajadustele vastava kutse- ja k\u00f5rghariduse arendamine\u201c\u00a0(PR\u00d5M) tegevused toimuvad kahel haridustasemel \u2013\u00a0kutsehariduses ja k\u00f5rghariduses.\u00a0T\u00e4iendava keele\u00f5pe kaudu kutse- ja k\u00f5rghariduses toetatakse\u00a0kutse- ja k\u00f5rghariduse \u00f5ppurite akadeemilise ja erialase eesti keele ning v\u00f5\u00f5rkeelte&#46;&#46;&#46;<\/p>\n","protected":false},"author":4,"featured_media":5400,"parent":14,"menu_order":0,"comment_status":"closed","ping_status":"closed","template":"","meta":{"footnotes":""},"class_list":["post-5391","page","type-page","status-publish","has-post-thumbnail","hentry"],"_links":{"self":[{"href":"https:\/\/www.teeninduskool.ee\/index.php?rest_route=\/wp\/v2\/pages\/5391","targetHints":{"allow":["GET"]}}],"collection":[{"href":"https:\/\/www.teeninduskool.ee\/index.php?rest_route=\/wp\/v2\/pages"}],"about":[{"href":"https:\/\/www.teeninduskool.ee\/index.php?rest_route=\/wp\/v2\/types\/page"}],"author":[{"embeddable":true,"href":"https:\/\/www.teeninduskool.ee\/index.php?rest_route=\/wp\/v2\/users\/4"}],"replies":[{"embeddable":true,"href":"https:\/\/www.teeninduskool.ee\/index.php?rest_route=%2Fwp%2Fv2%2Fcomments&post=5391"}],"version-history":[{"count":2,"href":"https:\/\/www.teeninduskool.ee\/index.php?rest_route=\/wp\/v2\/pages\/5391\/revisions"}],"predecessor-version":[{"id":13689,"href":"https:\/\/www.teeninduskool.ee\/index.php?rest_route=\/wp\/v2\/pages\/5391\/revisions\/13689"}],"up":[{"embeddable":true,"href":"https:\/\/www.teeninduskool.ee\/index.php?rest_route=\/wp\/v2\/pages\/14"}],"wp:featuredmedia":[{"embeddable":true,"href":"https:\/\/www.teeninduskool.ee\/index.php?rest_route=\/wp\/v2\/media\/5400"}],"wp:attachment":[{"href":"https:\/\/www.teeninduskool.ee\/index.php?rest_route=%2Fwp%2Fv2%2Fmedia&parent=5391"}],"curies":[{"name":"wp","href":"https:\/\/api.w.org\/{rel}","templated":true}]}}