{"id":618,"date":"2017-04-03T14:05:20","date_gmt":"2017-04-03T11:05:20","guid":{"rendered":"https:\/\/www.teeninduskool.ee\/?page_id=618"},"modified":"2023-06-12T10:46:47","modified_gmt":"2023-06-12T07:46:47","slug":"hotelliteenindus-2","status":"publish","type":"page","link":"https:\/\/www.teeninduskool.ee\/?page_id=618","title":{"rendered":"Hotelliteenindus"},"content":{"rendered":"<ul>\n<li><strong>\u00d5ppeliik:<\/strong>\u00a0kutsekeskharidus\u00f5pe<\/li>\n<li><strong>\u00d5ppevorm:<\/strong>\u00a0koolip\u00f5hine \u00f5pe<\/li>\n<li><strong>N\u00f5uded alustamiseks:<\/strong>\u00a0p\u00f5hiharidus<\/li>\n<li><strong>\u00d5ppekeel:<\/strong>\u00a0100% eesti keel ja 60% eesti keel \/ 40% vene keel<\/li>\n<li><strong>\u00d5ppeaeg:<\/strong>\u00a03 aastat<\/li>\n<li>Tutvu <a href=\"https:\/\/tahvel.edu.ee\/#\/curriculum\/1158\"><strong>\u00f5ppekavaga<\/strong><\/a><\/li>\n<\/ul>\n<p><strong>Hotelliteeninduse<\/strong>\u00a0eriala l\u00f5petaja tegutseb k\u00fclalislahkuse \u00e4ris ning t\u00f6\u00f6tab majutusettev\u00f5ttes. Ta saab aru erinevate kultuuritaustaga inimeste soovidest ja vajadustest. Suhtleb klientidega aktiivselt ja s\u00f5bralikult, m\u00fc\u00fcb ettev\u00f5ttes pakutavaid tooteid ja teenuseid. Oskab teha majapidamist\u00f6id ja koristada numbritube, organiseerib \u00fcritusruumide ettevalmistamist ja teenindamist. Tunneb toiduvalmistamise aluseid ja oskab valmistada lihtsamaid toite. Teenindab k\u00fclalisi nii hotelli hommikus\u00f6\u00f6gil kui restoranis. Valdab k\u00fclaliste sisse- ja v\u00e4ljaregistreerimise protseduure administraatorina, koostab k\u00fclaliste saabumise plaani ja vastavad aruanded.<\/p>\n<p><strong>Eriala \u00f5ppimine eeldab\u00a0<\/strong>teenindus- ja suhtlemisvalmidust, konfidentsiaalset k\u00e4itumist, pingetaluvust, kiiret reageerimisv\u00f5imet, ausust ja t\u00e4psust. V\u00e4ga oluline on hea v\u00e4ljendus- ja keelteoskus.<\/p>\n<p><strong>\u00d5pitakse:<\/strong><\/p>\n<ul>\n<li>majapidamist\u00f6\u00f6 korraldust<\/li>\n<li>numbritubade hooldust<\/li>\n<li>toitlustusosakonna k\u00f6\u00f6gi- ja teenindustoiminguid<\/li>\n<li>majanduse ja ettev\u00f5tluse aluseid<\/li>\n<li>hotellimajanduse aluseid<\/li>\n<li>turunduse aluseid<\/li>\n<li>turismigeograafiat<\/li>\n<li>vastuv\u00f5tut\u00f6\u00f6 aluseid<\/li>\n<li>kutsealaseid keeli<\/li>\n<\/ul>\n<p>\u00d5ppet\u00f6\u00f6s kasutatakse ka e-\u00f5pet<\/p>\n<p><strong>Praktika<\/strong>\u00a0koosneb hotelliruumide sh numbritubade hoolduse praktikast, toitlustusosakonna praktikast (koka- ja teeninduspraktika), hotellit\u00f6\u00f6 sh vastuv\u00f5tut\u00f6\u00f6 praktikast. Praktikaid on v\u00f5imalik sooritada ka v\u00e4lismaal\u00a0\u00a0<a href=\"https:\/\/www.teeninduskool.ee\/?page_id=13307\">Erasmus+ \u00f5pir\u00e4nde<\/a>\u00a0raames.<\/p>\n<p><strong>L\u00f5petamiseks<\/strong>\u00a0tuleb sooritada Hotelliteeninduse l\u00f5pueksam.<\/p>\n<p><strong>T\u00f6\u00f6turuv\u00f5imalused:<\/strong>\u00a0hotelliteenindaja, teenindaja, toateenija, majutusteenindaja, administraator erinevates majutus-toitlustusettev\u00f5tetes.<\/p>\n<p><strong>Erialased edasi\u00f5ppimise v\u00f5imalused:<\/strong>\u00a0rakendusk\u00f5rgharidus\u00f5pe turismi ja toitlustuskorralduse valdkondades.<\/p>\n<p><strong>T\u00e4helepanu!<\/strong>\u00a0\u00d5pilastel tuleb osta t\u00f6\u00f6riided ja jalan\u00f5ud ning tuua terviset\u00f5end (tulenevalt Toiduseadusest).<\/p>\n<p><strong>Toetustena<\/strong> pakume s\u00f5idu-, eri- ja p\u00f5hitoetusi. Koolil on t\u00e4nap\u00e4evane \u00f5ppekeskkond, sportimisv\u00f5imalused, kasutada saab n\u00f5ustamisteenuseid ja tugispetsialistide abi. V\u00f5imalus osaleda koolisisestel ja vabariiklikel v\u00f5istlustel.<\/p>\n<p><strong>Vaatad tulevikku?<\/strong>\u00a0Tutvu valdkonna\u00a0<a href=\"https:\/\/www.palgad.ee\/salaryinfo\">palgainfoga<\/a><\/p>\n<p>&nbsp;<\/p>\n<p><em>Viimati muudetud 12.06.2023<\/em><\/p>\n","protected":false},"excerpt":{"rendered":"<p>\u00d5ppeliik:\u00a0kutsekeskharidus\u00f5pe \u00d5ppevorm:\u00a0koolip\u00f5hine \u00f5pe N\u00f5uded alustamiseks:\u00a0p\u00f5hiharidus \u00d5ppekeel:\u00a0100% eesti keel ja 60% eesti keel \/ 40% vene keel \u00d5ppeaeg:\u00a03 aastat Tutvu \u00f5ppekavaga Hotelliteeninduse\u00a0eriala l\u00f5petaja tegutseb k\u00fclalislahkuse \u00e4ris ning t\u00f6\u00f6tab majutusettev\u00f5ttes. Ta saab aru erinevate kultuuritaustaga inimeste&#46;&#46;&#46;<\/p>\n","protected":false},"author":4,"featured_media":8364,"parent":12304,"menu_order":0,"comment_status":"closed","ping_status":"closed","template":"","meta":{"footnotes":""},"class_list":["post-618","page","type-page","status-publish","has-post-thumbnail","hentry"],"_links":{"self":[{"href":"https:\/\/www.teeninduskool.ee\/index.php?rest_route=\/wp\/v2\/pages\/618","targetHints":{"allow":["GET"]}}],"collection":[{"href":"https:\/\/www.teeninduskool.ee\/index.php?rest_route=\/wp\/v2\/pages"}],"about":[{"href":"https:\/\/www.teeninduskool.ee\/index.php?rest_route=\/wp\/v2\/types\/page"}],"author":[{"embeddable":true,"href":"https:\/\/www.teeninduskool.ee\/index.php?rest_route=\/wp\/v2\/users\/4"}],"replies":[{"embeddable":true,"href":"https:\/\/www.teeninduskool.ee\/index.php?rest_route=%2Fwp%2Fv2%2Fcomments&post=618"}],"version-history":[{"count":5,"href":"https:\/\/www.teeninduskool.ee\/index.php?rest_route=\/wp\/v2\/pages\/618\/revisions"}],"predecessor-version":[{"id":17050,"href":"https:\/\/www.teeninduskool.ee\/index.php?rest_route=\/wp\/v2\/pages\/618\/revisions\/17050"}],"up":[{"embeddable":true,"href":"https:\/\/www.teeninduskool.ee\/index.php?rest_route=\/wp\/v2\/pages\/12304"}],"wp:featuredmedia":[{"embeddable":true,"href":"https:\/\/www.teeninduskool.ee\/index.php?rest_route=\/wp\/v2\/media\/8364"}],"wp:attachment":[{"href":"https:\/\/www.teeninduskool.ee\/index.php?rest_route=%2Fwp%2Fv2%2Fmedia&parent=618"}],"curies":[{"name":"wp","href":"https:\/\/api.w.org\/{rel}","templated":true}]}}