{"id":6869,"date":"2018-10-01T15:44:28","date_gmt":"2018-10-01T12:44:28","guid":{"rendered":"https:\/\/www.teeninduskool.ee\/?page_id=6869"},"modified":"2026-01-28T10:29:08","modified_gmt":"2026-01-28T08:29:08","slug":"tallinna-teeninduskooli-soidusoodustuste-kompenseerimise-kord","status":"publish","type":"page","link":"https:\/\/www.teeninduskool.ee\/?page_id=6869","title":{"rendered":"Tallinna Teeninduskooli ehk Teko s\u00f5idusoodustuste kompenseerimise kord"},"content":{"rendered":"<p style=\"text-align: center;\"><span style=\"font-size: 18pt;\">Hea \u00f5pilane! Palun esita avaldus ja aruanne <a href=\"https:\/\/www.teeninduskool.ee\/?page_id=16773\">siit<\/a>.<\/span><\/p>\n<p>&nbsp;<\/p>\n<p style=\"text-align: right;\"><em><span style=\"font-size: 10pt;\">KINNITATUD<br \/>\ndirektori k\u00e4skkirjaga nr 1-2\/24\/13<br \/>\n08.03.2024<\/span><\/em><\/p>\n<p style=\"text-align: right;\">Kehtestatud <strong><a href=\"https:\/\/www.riigiteataja.ee\/akt\/103092015018\" target=\"_blank\" rel=\"noopener\">\u201eRiigikoolide \u00f5pilaste s\u00f5idukulu h\u00fcvitamise kord ja ulatus\u201c<\/a><\/strong> alusel,<br \/>\nRT I, 03.09.2015, 18.<\/p>\n<p>&nbsp;<\/p>\n<p>1. \u00d5pilaskodus v\u00f5i muus \u00f5ppet\u00f6\u00f6 perioodiks kasutusele antud eluruumis elavale \u00f5pilasele, kes omandab kutsekeskharidust, \u00f5pib teise v\u00f5i kolmanda taseme kutse\u00f5ppes h\u00fcvitatakse \u00f5ppeasutusse ja tagasi elukohta s\u00f5idu kulu arvestusega \u00fcks edasi-tagasi s\u00f5it n\u00e4dalas, samuti riigip\u00fchadeks ja koolivaheajaks elukohta ja tagasi \u00f5ppeasutusse s\u00f5idu kulu (piletite v\u00f5i kuukaardi alusel). \u00d5pilasele, kelle elukoht asub v\u00e4ljaspool Eesti Vabariiki, h\u00fcvitatakse s\u00f5idu maksumus kuni riigi piirini.<\/p>\n<p>2. \u00d5pilaskodus v\u00f5i muus \u00f5ppet\u00f6\u00f6 perioodiks kasutusele antud eluruumis elavale \u00f5pilasele, kes \u00f5pib neljanda v\u00f5i viienda taseme kutse\u00f5ppes, h\u00fcvitatakse \u00f5ppeasutusse ja tagasi elukohta s\u00f5idu kulu kuni kaks korda kuus, samuti riigip\u00fchadeks ja koolivaheajaks elukohta ja tagasi \u00f5ppeasutusse s\u00f5idu kulu (piletite v\u00f5i kuukaardi alusel).<\/p>\n<p>3. Iga \u00f5ppep\u00e4ev \u00f5ppeasutusse ja tagasi elukohta s\u00f5itvale \u00f5pilasele h\u00fcvitatakse s\u00f5idukulu arvestusega \u00fcks edasi-tagasi s\u00f5it p\u00e4evas (piletite v\u00f5i kuukaardi alusel).<\/p>\n<p>3.1 \u00dchistranspordiseadus (<a href=\"https:\/\/www.riigiteataja.ee\/akt\/\u00dcTS\" target=\"_blank\" rel=\"noopener\">https:\/\/www.riigiteataja.ee\/akt\/\u00dcTS<\/a>) 35lg (1) alusel h\u00fcvitab Tallinna Teeninduskool kuni 100 euro ulatuses \u00fche kuu s\u00f5idukulusid.<\/p>\n<p>4. \u00d5pilasele ei h\u00fcvitata s\u00f5idukulu sama asula piires.<\/p>\n<p>5. Toetus makstakse v\u00e4lja \u00f5ppet\u00f6\u00f6st osalemise alusel (\u00d5IS andmetel). S\u00f5idukulu ei h\u00fcvitata \u00f5pilasele, kes puudus \u00f5ppet\u00f6\u00f6st, viibis akadeemilisel puhkusel v\u00f5i kes ei osalenud \u00f5ppet\u00f6\u00f6s p\u00e4evadel, mille eest h\u00fcvitist taotleb.<\/p>\n<p>6. S\u00f5idukulude h\u00fcvitise saamiseks esitab \u00f5pilane v\u00f5i piiratud teov\u00f5imega \u00f5pilase puhul vanem v\u00f5i eestkostja \u00f5ppeasutusele taotluse antud korra lisa 1 avalduse ja aruande alusel.<\/p>\n<p>7. Avaldus ja aruanne esitatakse iga eelneva kuu kohta eraldi j\u00e4rgmise kuu 6. kuup\u00e4evaks.<\/p>\n<p>7.1 P\u00e4rast korrektse dokumendi laekumist toimub dokumentide menetlemine 3-7 p\u00e4eva.<\/p>\n<p>7.2 Toetuste v\u00e4ljamaksmine toimub 20-25 kuup\u00e4eva vahemikus.<\/p>\n<p>8. <a href=\"https:\/\/www.teeninduskool.ee\/?page_id=16773\">Avaldus<\/a> ja <a href=\"https:\/\/www.teeninduskool.ee\/?page_id=16773\">aruanne<\/a> esitatakse ainult Teko kodulehel. Avaldus ja aruanne esitatakse korraga. Kui pileti eest on makstud panga\u00fclekandega, lisada juurde pangapoolne digitaalselt allkirjastatud maksekorraldus<\/p>\n<p>9. \u00d5pilane t\u00e4idab \u00d5ISis s\u00f5idusoodustuste moodulis \u00fche reana aruandel oleva summaga.<\/p>\n<p>10. Tagasiulatuvalt kompenseeritakse s\u00f5idukulu erandjuhul rohkem kui \u00fche kuu m\u00f6\u00f6dudes, kui \u00f5pilane on haige v\u00f5i kui esitamise viivitus on p\u00f5hjendatud \u00f5pilase praktikal viibimisega v\u00f5i majandusliku seisu vms p\u00f5hjendatud p\u00f5hjuse t\u00f5ttu. R\u00fchmajuhendaja kinnitab allkirjaga konkreetse(d) pileti(d).<\/p>\n<p>11. \u00d5pilasele ei h\u00fcvitata Tallinna \u00fchistranspordi s\u00f5idu summat (kuukaardi summast tuleb see lahutada).<\/p>\n<p>12. \u00d5pilasele ei h\u00fcvitata v\u00f5\u00f5ra suuna piletit, rikutud piletit, millel on parandatud kuup\u00e4ev v\u00f5i summa.<\/p>\n<p>13. S\u00f5idusoodustuste v\u00e4ljamakseid teostatakse \u00fclekandega taotleja pangaarvele p\u00e4rast taotluse kontrollimist \u00fcldjuhul iga esitamisele j\u00e4rgneva kuu 6.kuup\u00e4evaks.<\/p>\n<p>14. Kompensatsiooni makstakse tagasiulatuvalt iga kuu \u00f5pilase isiklikule arveldusarvele.<\/p>\n<p>15. Elukoha v\u00f5i panga andmete muutuse korral on \u00f5pilane kohustatud koheselt teavitama r\u00fchmajuhendajat ja s\u00f5idusoodustustega tegelevat isikut.<\/p>\n<p>16. Kui ilmneb, et avaldaja on esitanud valeandmeid, v\u00f5idakse v\u00e4lja makstud s\u00f5idukompensatsioon tagasi n\u00f5uda.<\/p>\n<p>17. Teko direktoril on \u00f5igus vahendite olemasolul eelarves v\u00e4ljamaksmisel teha erandeid kui see takistab \u00f5pilasel osalemist \u00f5ppet\u00f6\u00f6s.<\/p>\n<p>18. Teko v\u00f5ib kasutada kuni 3 protsenti \u00f5pilaste s\u00f5itude h\u00fcvitamiseks eraldatud summast k\u00e4esoleva korra rakendamisega seotud kulude katmiseks.<\/p>\n<p>19. S\u00f5idusoodustuste andmete kogumisega ning vormistamisega tegeleb haldusjuht-finantsist Oliver Liidemann kabinet B-129, tel 605 3114, e-mail oliver.liidemann@teeninduskool.ee.<\/p>\n<p>&nbsp;<\/p>\n<p>&nbsp;<\/p>\n<p style=\"text-align: center;\"><span style=\"font-size: 18pt;\">Hea \u00f5pilane! Palun esita avaldus ja aruanne <a href=\"https:\/\/www.teeninduskool.ee\/?page_id=16773\">siit<\/a>.<\/span><\/p>\n","protected":false},"excerpt":{"rendered":"<p>Hea \u00f5pilane! Palun esita avaldus ja aruanne siit. &nbsp; KINNITATUD direktori k\u00e4skkirjaga nr 1-2\/24\/13 08.03.2024 Kehtestatud \u201eRiigikoolide \u00f5pilaste s\u00f5idukulu h\u00fcvitamise kord ja ulatus\u201c alusel, RT I, 03.09.2015, 18. &nbsp; 1. \u00d5pilaskodus v\u00f5i muus \u00f5ppet\u00f6\u00f6&#46;&#46;&#46;<\/p>\n","protected":false},"author":4,"featured_media":6871,"parent":0,"menu_order":0,"comment_status":"closed","ping_status":"closed","template":"","meta":{"footnotes":""},"class_list":["post-6869","page","type-page","status-publish","has-post-thumbnail","hentry"],"_links":{"self":[{"href":"https:\/\/www.teeninduskool.ee\/index.php?rest_route=\/wp\/v2\/pages\/6869","targetHints":{"allow":["GET"]}}],"collection":[{"href":"https:\/\/www.teeninduskool.ee\/index.php?rest_route=\/wp\/v2\/pages"}],"about":[{"href":"https:\/\/www.teeninduskool.ee\/index.php?rest_route=\/wp\/v2\/types\/page"}],"author":[{"embeddable":true,"href":"https:\/\/www.teeninduskool.ee\/index.php?rest_route=\/wp\/v2\/users\/4"}],"replies":[{"embeddable":true,"href":"https:\/\/www.teeninduskool.ee\/index.php?rest_route=%2Fwp%2Fv2%2Fcomments&post=6869"}],"version-history":[{"count":5,"href":"https:\/\/www.teeninduskool.ee\/index.php?rest_route=\/wp\/v2\/pages\/6869\/revisions"}],"predecessor-version":[{"id":22737,"href":"https:\/\/www.teeninduskool.ee\/index.php?rest_route=\/wp\/v2\/pages\/6869\/revisions\/22737"}],"wp:featuredmedia":[{"embeddable":true,"href":"https:\/\/www.teeninduskool.ee\/index.php?rest_route=\/wp\/v2\/media\/6871"}],"wp:attachment":[{"href":"https:\/\/www.teeninduskool.ee\/index.php?rest_route=%2Fwp%2Fv2%2Fmedia&parent=6869"}],"curies":[{"name":"wp","href":"https:\/\/api.w.org\/{rel}","templated":true}]}}