{"id":84,"date":"2017-03-01T08:00:20","date_gmt":"2017-03-01T06:00:20","guid":{"rendered":"https:\/\/www.teeninduskool.ee\/?page_id=84"},"modified":"2024-11-22T10:20:18","modified_gmt":"2024-11-22T08:20:18","slug":"loppenud-projektid","status":"publish","type":"page","link":"https:\/\/www.teeninduskool.ee\/?page_id=84","title":{"rendered":"L\u00f5ppenud projektid"},"content":{"rendered":"<table class=\"category\" style=\"height: 888px; width: 100%;\">\n<tbody>\n<tr>\n<td style=\"width: 75px; vertical-align: top; text-align: left;\">2024<\/td>\n<td style=\"width: 609px; vertical-align: top; text-align: left;\"><a href=\"https:\/\/www.teeninduskool.ee\/?page_id=12447\">ESF projektid &#8220;Nutikas \u00f5ppimine koka erialal&#8221;<\/a><\/td>\n<\/tr>\n<tr>\n<td style=\"width: 75px; vertical-align: top; text-align: left;\">2024<\/td>\n<td style=\"width: 609px; vertical-align: top; text-align: left;\"><a href=\"https:\/\/www.teeninduskool.ee\/?page_id=13833\">Euroopa Sotsiaalfondi projekt &#8220;PR\u00d5M&#8221;<\/a><\/td>\n<\/tr>\n<tr style=\"height: 24px;\">\n<td style=\"width: 75px; vertical-align: top; text-align: left; height: 24px;\">2023<\/td>\n<td style=\"width: 609px; vertical-align: top; text-align: left; height: 24px;\"><a href=\"https:\/\/www.teeninduskool.ee\/?p=13423\">Kutsevaliku\u00f5ppe projekt 2021-2023<\/a><\/td>\n<\/tr>\n<tr>\n<td style=\"width: 75px; vertical-align: top; text-align: left;\">2022<\/td>\n<td style=\"width: 609px; vertical-align: top; text-align: left;\"><a href=\"https:\/\/www.teeninduskool.ee\/?page_id=17221\">ESF projektid 2014-2022<\/a><\/td>\n<\/tr>\n<tr style=\"height: 24px;\">\n<td style=\"width: 75px; vertical-align: top; text-align: left; height: 24px;\">2021<\/td>\n<td style=\"width: 609px; vertical-align: top; text-align: left; height: 24px;\"><a href=\"https:\/\/www.teeninduskool.ee\/?p=13850\">T\u00e4iendav eesti keele \u00f5pe 2020\/2021<\/a><\/td>\n<\/tr>\n<tr style=\"height: 24px;\">\n<td style=\"width: 75px; vertical-align: top; text-align: left; height: 24px;\">2021<\/td>\n<td style=\"width: 609px; vertical-align: top; text-align: left; height: 24px;\"><a href=\"https:\/\/www.teeninduskool.ee\/?p=13841\">Digitaalne \u00f5ppevara tooraine\u00f5petuseks<\/a><\/td>\n<\/tr>\n<tr style=\"height: 24px;\">\n<td style=\"width: 75px; vertical-align: top; text-align: left; height: 24px;\">2020<\/td>\n<td style=\"width: 609px; vertical-align: top; text-align: left; height: 24px;\"><a href=\"https:\/\/www.teeninduskool.ee\/?p=7857\">Ukrainaga koost\u00f6\u00f6projekt<\/a><\/td>\n<\/tr>\n<tr style=\"height: 24px;\">\n<td style=\"width: 75px; vertical-align: top; height: 24px; text-align: left;\">2019<\/td>\n<td style=\"width: 609px; vertical-align: top; height: 24px; text-align: left;\"><a href=\"https:\/\/www.teeninduskool.ee\/?p=8613\">T\u00e4iendav eesti keele \u00f5pe esmakursuslastele<\/a><\/td>\n<\/tr>\n<tr style=\"height: 24px;\">\n<td style=\"width: 75px; vertical-align: top; text-align: left; height: 24px;\"><\/td>\n<td style=\"width: 609px; vertical-align: top; text-align: left; height: 24px;\"><a href=\"https:\/\/www.teeninduskool.ee\/?p=4622\">Praktikajuhendajate koolitus 2018-2019<\/a><\/td>\n<\/tr>\n<tr style=\"height: 24px;\">\n<td style=\"width: 75px; vertical-align: top; text-align: left; height: 24px;\"><\/td>\n<td style=\"width: 609px; vertical-align: top; text-align: left; height: 24px;\"><a href=\"http:\/\/erasmusegaportugalis.blogspot.com\">Yeti 2019<\/a><\/td>\n<\/tr>\n<tr style=\"height: 24px;\">\n<td style=\"width: 75px; vertical-align: top; height: 24px; text-align: left;\">2018<\/td>\n<td style=\"width: 609px; vertical-align: top; height: 24px; text-align: left;\"><a href=\"https:\/\/www.teeninduskool.ee\/?tag=meedialaager\">Meedialaager<\/a><\/td>\n<\/tr>\n<tr style=\"height: 24px;\">\n<td style=\"width: 75px; vertical-align: top; height: 24px; text-align: left;\"><\/td>\n<td style=\"width: 609px; vertical-align: top; height: 24px; text-align: left;\"><a href=\"https:\/\/www.teeninduskool.ee\/?page_id=5391\">T\u00e4iendav keele\u00f5pe 2016-2018<\/a><\/td>\n<\/tr>\n<tr class=\"cat-list-row0\" style=\"height: 23px;\">\n<td class=\"list-title\" style=\"width: 75px; height: 23px; vertical-align: top; text-align: left;\">2017<\/td>\n<td class=\"list-title\" style=\"width: 609px; height: 23px; vertical-align: top; text-align: left;\"><a href=\"https:\/\/www.teeninduskool.ee\/?page_id=628\">Uuenev Teko<\/a><\/td>\n<\/tr>\n<tr style=\"height: 24px;\">\n<td style=\"width: 75px; text-align: left; vertical-align: top; height: 24px;\">2016<\/td>\n<td style=\"width: 609px; text-align: left; vertical-align: top; height: 24px;\"><a href=\"https:\/\/www.teeninduskool.ee\/?p=7139\">Koost\u00f6\u00f6projekt Ukrainaga<\/a><\/td>\n<\/tr>\n<tr class=\"cat-list-row0\" style=\"height: 23.825px;\">\n<td class=\"list-title\" style=\"width: 75px; height: 25px; text-align: left; vertical-align: top;\">2015<\/td>\n<td class=\"list-title\" style=\"width: 609px; height: 25px; text-align: left; vertical-align: top;\"><a href=\"https:\/\/www.teeninduskool.ee\/?p=9070\">Mobiilne Teko<\/a><\/td>\n<\/tr>\n<tr style=\"height: 24px;\">\n<td style=\"width: 75px; text-align: left; vertical-align: top; height: 24px;\">2011<\/td>\n<td style=\"width: 609px; text-align: left; vertical-align: top; height: 24px;\"><a href=\"https:\/\/www.teeninduskool.ee\/?p=9076\">Toetav Teko<\/a><\/td>\n<\/tr>\n<tr class=\"cat-list-row0\" style=\"height: 23px;\">\n<td class=\"list-title\" style=\"width: 75px; height: 23px; text-align: left; vertical-align: top;\"><\/td>\n<td class=\"list-title\" style=\"width: 609px; height: 23px; text-align: left; vertical-align: top;\">EPPER<\/td>\n<\/tr>\n<tr class=\"cat-list-row1\" style=\"height: 23px;\">\n<td class=\"list-title\" style=\"width: 75px; height: 22px; text-align: left; vertical-align: top;\"><\/td>\n<td class=\"list-title\" style=\"width: 609px; height: 22px; text-align: left; vertical-align: top;\">Praktika teeb meistriks<\/td>\n<\/tr>\n<tr class=\"cat-list-row0\" style=\"height: 47px;\">\n<td class=\"list-title\" style=\"width: 75px; height: 47px; text-align: left; vertical-align: top;\"><\/td>\n<td class=\"list-title\" style=\"width: 609px; height: 47px; text-align: left; vertical-align: top;\">Leonardo da Vinci \u00f5petajate sta\u017eeerimisprojekt \u201e\u00d5pime heast kogemusest\u201c<\/td>\n<\/tr>\n<tr class=\"cat-list-row1\" style=\"height: 23px;\">\n<td class=\"list-title\" style=\"width: 75px; height: 23px; text-align: left; vertical-align: top;\"><\/td>\n<td class=\"list-title\" style=\"width: 609px; height: 23px; text-align: left; vertical-align: top;\">Nordplus Junior \u201eSTUDY AND FLOW\u201c<\/td>\n<\/tr>\n<tr class=\"cat-list-row0\" style=\"height: 23px;\">\n<td class=\"list-title\" style=\"width: 75px; height: 23px; text-align: left; vertical-align: top;\"><\/td>\n<td class=\"list-title\" style=\"width: 609px; height: 23px; text-align: left; vertical-align: top;\">Soolise v\u00f5rd\u00f5iguslikkuse<\/td>\n<\/tr>\n<tr class=\"cat-list-row1\" style=\"height: 23px;\">\n<td class=\"list-title\" style=\"width: 75px; height: 23px; text-align: left; vertical-align: top;\"><\/td>\n<td class=\"list-title\" style=\"width: 609px; height: 23px; text-align: left; vertical-align: top;\">Points to Reality<\/td>\n<\/tr>\n<tr class=\"cat-list-row0\" style=\"height: 23px;\">\n<td class=\"list-title\" style=\"width: 75px; height: 23px; text-align: left; vertical-align: top;\"><\/td>\n<td class=\"list-title\" style=\"width: 609px; height: 23px; text-align: left; vertical-align: top;\">\u00d5pilased \u00f5pivad praktikal<\/td>\n<\/tr>\n<tr class=\"cat-list-row1\" style=\"height: 23px;\">\n<td class=\"list-title\" style=\"width: 75px; height: 23px; text-align: left; vertical-align: top;\"><\/td>\n<td class=\"list-title\" style=\"width: 609px; height: 23px; text-align: left; vertical-align: top;\">HETA ECVET<\/td>\n<\/tr>\n<tr class=\"cat-list-row0\" style=\"height: 23px;\">\n<td class=\"list-title\" style=\"width: 75px; height: 23px; text-align: left; vertical-align: top;\"><\/td>\n<td class=\"list-title\" style=\"width: 609px; height: 23px; text-align: left; vertical-align: top;\">Visioon aastaks 2020 \u2013 ECVET hotellimajanduses<\/td>\n<\/tr>\n<tr class=\"cat-list-row1\" style=\"height: 23px;\">\n<td class=\"list-title\" style=\"width: 75px; height: 23px; text-align: left; vertical-align: top;\"><\/td>\n<td class=\"list-title\" style=\"width: 609px; height: 23px; text-align: left; vertical-align: top;\">Transpeda and Folklore<\/td>\n<\/tr>\n<tr class=\"cat-list-row0\" style=\"height: 23px;\">\n<td class=\"list-title\" style=\"width: 75px; height: 23px; text-align: left; vertical-align: top;\"><\/td>\n<td class=\"list-title\" style=\"width: 609px; height: 23px; text-align: left; vertical-align: top;\">Becult Extend<\/td>\n<\/tr>\n<tr class=\"cat-list-row1\" style=\"height: 23px;\">\n<td class=\"list-title\" style=\"width: 75px; height: 23px; text-align: left; vertical-align: top;\"><\/td>\n<td class=\"list-title\" style=\"width: 609px; height: 23px; text-align: left; vertical-align: top;\">VANKeR<\/td>\n<\/tr>\n<tr class=\"cat-list-row0\" style=\"height: 23px;\">\n<td class=\"list-title\" style=\"width: 75px; height: 23px; text-align: left; vertical-align: top;\"><\/td>\n<td class=\"list-title\" style=\"width: 609px; height: 23px; text-align: left; vertical-align: top;\">IS<\/td>\n<\/tr>\n<tr class=\"cat-list-row1\" style=\"height: 23px;\">\n<td class=\"list-title\" style=\"width: 75px; height: 23px; text-align: left; vertical-align: top;\"><\/td>\n<td class=\"list-title\" style=\"width: 609px; height: 23px; text-align: left; vertical-align: top;\">Healthy Trends in Kitchen<\/td>\n<\/tr>\n<tr class=\"cat-list-row0\" style=\"height: 23px;\">\n<td class=\"list-title\" style=\"width: 75px; height: 23px; text-align: left; vertical-align: top;\"><\/td>\n<td class=\"list-title\" style=\"width: 609px; height: 23px; text-align: left; vertical-align: top;\">E-Kutsekool<\/td>\n<\/tr>\n<tr class=\"cat-list-row1\" style=\"height: 23px;\">\n<td class=\"list-title\" style=\"width: 75px; height: 23px; text-align: left; vertical-align: top;\"><\/td>\n<td class=\"list-title\" style=\"width: 609px; height: 23px; text-align: left; vertical-align: top;\">MEIS<\/td>\n<\/tr>\n<tr class=\"cat-list-row0\" style=\"height: 23px;\">\n<td class=\"list-title\" style=\"width: 75px; height: 23px; text-align: left; vertical-align: top;\"><\/td>\n<td class=\"list-title\" style=\"width: 609px; height: 23px; text-align: left; vertical-align: top;\">\u00d5pipoisikoolitus<\/td>\n<\/tr>\n<tr class=\"cat-list-row1\" style=\"height: 23px;\">\n<td class=\"list-title\" style=\"width: 75px; height: 23px; text-align: left; vertical-align: top;\"><\/td>\n<td class=\"list-title\" style=\"width: 609px; height: 23px; text-align: left; vertical-align: top;\">Leonardo da Vinci. Ready-Study -Go!<\/td>\n<\/tr>\n<tr class=\"cat-list-row0\" style=\"height: 23px;\">\n<td class=\"list-title\" style=\"width: 75px; height: 23px; text-align: left; vertical-align: top;\"><\/td>\n<td class=\"list-title\" style=\"width: 609px; height: 23px; text-align: left; vertical-align: top;\"><a href=\"https:\/\/www.teeninduskool.ee\/?p=9167\">Inscape koolitus<\/a><\/td>\n<\/tr>\n<tr style=\"height: 24px;\">\n<td style=\"width: 75px; text-align: left; vertical-align: top; height: 24px;\"><\/td>\n<td style=\"width: 609px; text-align: left; vertical-align: top; height: 24px;\"><a href=\"https:\/\/www.teeninduskool.ee\/?p=9162\">Tallinna Teeninduskooli \u00f5ppekompleksi B-korpuse renoveerimine ja juurdeehitus ning \u00f5ppeseadmetega sisustamine<\/a><\/td>\n<\/tr>\n<tr class=\"cat-list-row1\" style=\"height: 23px;\">\n<td class=\"list-title\" style=\"width: 75px; height: 23px; text-align: left; vertical-align: top;\">2009<\/td>\n<td class=\"list-title\" style=\"width: 609px; height: 23px; text-align: left; vertical-align: top;\"><a href=\"https:\/\/www.teeninduskool.ee\/?p=3364\">Praktiline kogemus koolitab<\/a><\/td>\n<\/tr>\n<tr class=\"cat-list-row0\" style=\"height: 23px;\">\n<td class=\"list-title\" style=\"width: 75px; height: 23px; text-align: left; vertical-align: top;\">2009<\/td>\n<td class=\"list-title\" style=\"width: 609px; height: 23px; text-align: left; vertical-align: top;\"><a href=\"https:\/\/www.teeninduskool.ee\/?p=3360\"> Culinary Photography <\/a><\/td>\n<\/tr>\n<tr class=\"cat-list-row0\" style=\"height: 23px;\">\n<td class=\"list-title\" style=\"width: 75px; height: 23px; text-align: left; vertical-align: top;\">2007<\/td>\n<td class=\"list-title\" style=\"width: 609px; height: 23px; text-align: left; vertical-align: top;\"><a href=\"https:\/\/www.teeninduskool.ee\/?p=3367\">B-korpuse renoveerimisprojekt<\/a><\/td>\n<\/tr>\n<tr class=\"cat-list-row0\" style=\"height: 23px;\">\n<td class=\"list-title\" style=\"width: 75px; height: 23px; text-align: left; vertical-align: top;\">2004<\/td>\n<td class=\"list-title\" style=\"width: 609px; height: 23px; text-align: left; vertical-align: top;\"><a href=\"https:\/\/www.teeninduskool.ee\/?p=3371\">Comenius 1<\/a><\/td>\n<\/tr>\n<\/tbody>\n<\/table>\n<p>&nbsp;<\/p>\n","protected":false},"excerpt":{"rendered":"<p>2024 ESF projektid &#8220;Nutikas \u00f5ppimine koka erialal&#8221; 2024 Euroopa Sotsiaalfondi projekt &#8220;PR\u00d5M&#8221; 2023 Kutsevaliku\u00f5ppe projekt 2021-2023 2022 ESF projektid 2014-2022 2021 T\u00e4iendav eesti keele \u00f5pe 2020\/2021 2021 Digitaalne \u00f5ppevara tooraine\u00f5petuseks 2020 Ukrainaga koost\u00f6\u00f6projekt 2019&#46;&#46;&#46;<\/p>\n","protected":false},"author":4,"featured_media":3002,"parent":14,"menu_order":0,"comment_status":"closed","ping_status":"closed","template":"","meta":{"footnotes":""},"class_list":["post-84","page","type-page","status-publish","has-post-thumbnail","hentry"],"_links":{"self":[{"href":"https:\/\/www.teeninduskool.ee\/index.php?rest_route=\/wp\/v2\/pages\/84","targetHints":{"allow":["GET"]}}],"collection":[{"href":"https:\/\/www.teeninduskool.ee\/index.php?rest_route=\/wp\/v2\/pages"}],"about":[{"href":"https:\/\/www.teeninduskool.ee\/index.php?rest_route=\/wp\/v2\/types\/page"}],"author":[{"embeddable":true,"href":"https:\/\/www.teeninduskool.ee\/index.php?rest_route=\/wp\/v2\/users\/4"}],"replies":[{"embeddable":true,"href":"https:\/\/www.teeninduskool.ee\/index.php?rest_route=%2Fwp%2Fv2%2Fcomments&post=84"}],"version-history":[{"count":5,"href":"https:\/\/www.teeninduskool.ee\/index.php?rest_route=\/wp\/v2\/pages\/84\/revisions"}],"predecessor-version":[{"id":20707,"href":"https:\/\/www.teeninduskool.ee\/index.php?rest_route=\/wp\/v2\/pages\/84\/revisions\/20707"}],"up":[{"embeddable":true,"href":"https:\/\/www.teeninduskool.ee\/index.php?rest_route=\/wp\/v2\/pages\/14"}],"wp:featuredmedia":[{"embeddable":true,"href":"https:\/\/www.teeninduskool.ee\/index.php?rest_route=\/wp\/v2\/media\/3002"}],"wp:attachment":[{"href":"https:\/\/www.teeninduskool.ee\/index.php?rest_route=%2Fwp%2Fv2%2Fmedia&parent=84"}],"curies":[{"name":"wp","href":"https:\/\/api.w.org\/{rel}","templated":true}]}}