{"id":9088,"date":"2016-06-01T15:13:22","date_gmt":"2016-06-01T12:13:22","guid":{"rendered":"https:\/\/www.teeninduskool.ee\/?page_id=9088"},"modified":"2020-05-23T19:54:14","modified_gmt":"2020-05-23T16:54:14","slug":"kala","status":"publish","type":"page","link":"https:\/\/www.teeninduskool.ee\/?page_id=9088","title":{"rendered":"Kuidas KK14-PE kalal k\u00e4is"},"content":{"rendered":"<p style=\"text-align: right;\"><em><span style=\"font-size: 10pt;\">Helen Kotter<\/span><\/em><\/p>\n<p class=\"western\">KK14-PE on v\u00e4ga kirglik oma eriala juures ning seet\u00f5ttu tahtsime l\u00e4hemalt uurida kalade ja kalastamise kohta, sest kvaliteetne tooraine, selle p\u00fc\u00fcdmine ja \u00f5ige k\u00e4sitlemine on oluline. \u00d5nneks oli meie eriala\u00f5petaja <strong>Diane Sarapuu-Kelder<\/strong>\u00a0niiv\u00f5rd osav, et suutis meile selleks just \u00f5ige mehe leida \u2013\u00a0<strong>Allan Lahi<\/strong> Tallinna Kalaspordi Klubist.Ta on ka Kalastajate Seltsi \u00fcks asutajaliikmetest ja kirglik kalamees.<\/p>\n<p class=\"western\">Meie kalastusretk algas l\u00fchikese loenguga, kus A. Lahi r\u00e4\u00e4kis meile nii enda kirest kalastamise vastu kui ka k\u00f5ike seda, mida on vaja kalastamise kohta teada, kui algajana veekogu \u00e4\u00e4rde kala p\u00fc\u00fcdma plaanid minna. Muuhulgas saime teada m\u00f5iste\u00a0<em>casting<\/em>, mis on spetsiaalsete raskuste v\u00f5i lend\u00f5ngeputukate heitmine sportliku kalap\u00fc\u00fcgivarustustega ja \u00fchtlasi infot kalaspordi tegemiste kohta. P\u00f5hjalikult tutvustas juhendaja \u00f5ngeridva kasutamist, et mere \u00e4\u00e4res \u00f5ngitsema saaksime hakata. A. Lahi oskas vastata k\u00f5igile meie k\u00fcsimustele, olgu need nii algajalikud kui tahes.<\/p>\n<p class=\"western\">Peale teooriatundi kogunesime k\u00f5ik Linnahalli juurde ning saime kuuldud loengut praktiseerima hakata. Algul tundus see koht kalastamiseks imelik, kuid kalamees teadis ilmselgelt, millest ta r\u00e4\u00e4gib. Esimese poole tunniga oli meie klassis enamus v\u00e4hemalt \u00fche kala saanud. K\u00f5igil oli muidugi adrenaliin ja \u00f5nnetunne laes, sest ise endale tooraine p\u00fc\u00fcda on ikka v\u00f5imas tunne. Lisaks oli see paljudele nende esimene kala, mille nad olid p\u00fc\u00fcdnud, seega v\u00f5ite ette kujutada, kui palju r\u00f5\u00f5mu ja kilkeid seal kuulda oli.<br \/>\nP\u00e4ev l\u00f5ppes sellega, et \u00e4mbris oli p\u00e4ris suur hunnik kalu ning muidugi j\u00e4i ainult \u00fcle meie kalameest t\u00e4nada oma tarkuste jagamise ning oma kalastuspisiku nakatamise eest. Kokkuv\u00f5ttes oli p\u00e4ev l\u00e4inud asja ette ning peale r\u00f5\u00f5mu ja naeru sai ka midagi kasulikku \u00f5ppida.<\/p>\n<p class=\"western\">T\u00e4name Allan Lahit meeldiva koolituse eest!<\/p>\n<p class=\"western\">KK14-PE ja eriala\u00f5petaja Diane Sarapuu-Kelder<\/p>\n<p class=\"western\"><a href=\"https:\/\/goo.gl\/photos\/CoHn8Wb3fv5Bp7wk7\" target=\"_blank\" rel=\"noopener noreferrer\">Vaata rohkem pilte siit<\/a>.<\/p>\n","protected":false},"excerpt":{"rendered":"<p>Helen Kotter KK14-PE on v\u00e4ga kirglik oma eriala juures ning seet\u00f5ttu tahtsime l\u00e4hemalt uurida kalade ja kalastamise kohta, sest kvaliteetne tooraine, selle p\u00fc\u00fcdmine ja \u00f5ige k\u00e4sitlemine on oluline. \u00d5nneks oli meie eriala\u00f5petaja Diane Sarapuu-Kelder\u00a0niiv\u00f5rd&#46;&#46;&#46;<\/p>\n","protected":false},"author":4,"featured_media":9089,"parent":0,"menu_order":0,"comment_status":"closed","ping_status":"closed","template":"","meta":{"footnotes":""},"class_list":["post-9088","page","type-page","status-publish","has-post-thumbnail","hentry"],"_links":{"self":[{"href":"https:\/\/www.teeninduskool.ee\/index.php?rest_route=\/wp\/v2\/pages\/9088","targetHints":{"allow":["GET"]}}],"collection":[{"href":"https:\/\/www.teeninduskool.ee\/index.php?rest_route=\/wp\/v2\/pages"}],"about":[{"href":"https:\/\/www.teeninduskool.ee\/index.php?rest_route=\/wp\/v2\/types\/page"}],"author":[{"embeddable":true,"href":"https:\/\/www.teeninduskool.ee\/index.php?rest_route=\/wp\/v2\/users\/4"}],"replies":[{"embeddable":true,"href":"https:\/\/www.teeninduskool.ee\/index.php?rest_route=%2Fwp%2Fv2%2Fcomments&post=9088"}],"version-history":[{"count":1,"href":"https:\/\/www.teeninduskool.ee\/index.php?rest_route=\/wp\/v2\/pages\/9088\/revisions"}],"predecessor-version":[{"id":10663,"href":"https:\/\/www.teeninduskool.ee\/index.php?rest_route=\/wp\/v2\/pages\/9088\/revisions\/10663"}],"wp:featuredmedia":[{"embeddable":true,"href":"https:\/\/www.teeninduskool.ee\/index.php?rest_route=\/wp\/v2\/media\/9089"}],"wp:attachment":[{"href":"https:\/\/www.teeninduskool.ee\/index.php?rest_route=%2Fwp%2Fv2%2Fmedia&parent=9088"}],"curies":[{"name":"wp","href":"https:\/\/api.w.org\/{rel}","templated":true}]}}