{"id":94,"date":"2017-03-01T08:32:42","date_gmt":"2017-03-01T06:32:42","guid":{"rendered":"https:\/\/www.teeninduskool.ee\/?page_id=94"},"modified":"2023-03-30T11:32:14","modified_gmt":"2023-03-30T08:32:14","slug":"koolilouna-toetus","status":"publish","type":"page","link":"https:\/\/www.teeninduskool.ee\/?page_id=94","title":{"rendered":"Toitlustamine"},"content":{"rendered":"<p>Toitlustamist Tallinna Teeninduskoolis reguleerivad<\/p>\n<ul>\n<li><a href=\"#toitlustamisekord\">Tallinna Teeninduskooli toitlustamise kord<\/a><\/li>\n<li><a href=\"#koolilounatoetus\">Koolil\u00f5una toetus<\/a><\/li>\n<\/ul>\n<h2><a id=\"toitlustamisekord\"><\/a>Tallinna Teeninduskooli toitlustamise kord<\/h2>\n<p style=\"text-align: right;\"><span style=\"font-size: 10pt;\">Kinnitatud direktori <\/span><span style=\"font-size: 10pt;\">21.03.2023. a <\/span><span style=\"font-size: 10pt;\">k\u00e4skkirjaga nr 1-2\/23\/11; <\/span><span style=\"font-size: 10pt;\"><a href=\"https:\/\/www.teeninduskool.ee\/wp-content\/uploads\/2023\/03\/Teko_toitlustamise_kord.pdf\">pdfina<\/a><\/span><\/p>\n<ol>\n<li>Toitlustamise kord on Tallinna Teeninduskooli (edaspidi kool) \u00f5pilaste toitlustamist reguleeriv dokument.<\/li>\n<li>Kooli toitlustamise kord vastab Kutse\u00f5ppeasutuse seaduse \u00a7 48 ja l\u00f5ike 5 alusel kehtestatud haridus- ja teadusministri 28.08.2013 m\u00e4\u00e4rusele nr 28 \u201e<a href=\"https:\/\/www.riigiteataja.ee\/akt\/129082013020?leiaKehtiv\">Riigi kutse\u00f5ppeasutuse koolil\u00f5una toetuse kasutamise tingimused ja kord<\/a>\u201c.<\/li>\n<li>Toitlustamise kord on avalikustatud kooli kodulehel, selle sisu tutvustab r\u00fchmajuhendaja \u00f5pilastele uue \u00f5ppeaasta alguses v\u00f5i p\u00e4rast muudatus(t)e kehtima hakkamist \u00fche n\u00e4dala jooksul.<\/li>\n<li>Kutse\u00f5ppeasutuse seaduse \u00a7 48 l\u00f5ike 1 alusel n\u00e4hakse koolil\u00f5una toetus ette statsionaarses \u00f5ppes esma\u00f5ppe \u00f5ppekavadel \u00f5ppivate keskhariduseta \u00f5pilaste koolil\u00f5una kulude katmiseks.<\/li>\n<li>Koolil\u00f5una toetus kantakse \u00f5pilase elektroonilisele \u00f5pilaspiletile, millega \u00f5pilane saab kooli \u00f5pilasrestoranis ja \u00f5pperestoranis toidu eest tasuda. Kehtiva kaardi kaotamisel v\u00f5i kasutusk\u00f5lbmatuks muutumisel peab \u00f5pilane v\u00f5imalikult kiiresti teavitama kooli juhiabi ning kaart deaktiveeritakse. \u00d5pilasele tellitakse asenduskaart, mille v\u00e4ljastamise eest tasub \u00f5pilane kooli \u00f5pilasrestorani n\u00f5utava summa. Senikaua saab \u00f5pilane kooli \u00f5pilasrestoranis ja \u00f5pperestoranis toidu eest tasuda pabertalongiga (edaspidi talong), mille v\u00e4ljastab juhiabi.<\/li>\n<li>Talong kehtib antud kuup\u00e4eval. Talongi saab kasutada ainult omanik, kes kirjutab talongide k\u00e4ttesaamisel oma ees- ja perekonnanime ning r\u00fchma t\u00e4hise igale talongile.<\/li>\n<li>Kui \u00f5pilane unustab korduvalt elektroonilise \u00f5pilaspileti kooli kaasa v\u00f5tta, siis teistkordselt \u00f5ppeaasta jooksul talongi talle ei v\u00e4ljastata ja toetus j\u00e4\u00e4b kasutamata.<\/li>\n<li>\u00dche koolil\u00f5una arvestuslik maksumus kehtestatakse vastavalt <a href=\"https:\/\/www.riigiteataja.ee\/akt\/126012022002\">haridus- ja teadusministri m\u00e4\u00e4rusele 16.08.2019<\/a> nr 39 \u00a7 7 l\u00f5ige 2.<\/li>\n<li>\u00dchel \u00f5ppep\u00e4eval kasutamata j\u00e4\u00e4nud toetust ei saa \u00f5pilane kasutada teisel \u00f5ppep\u00e4eval.<\/li>\n<li>\u00d5ppekava raames toimuva praktika kestuse ajaks on koolil \u00f5igus kanda \u00f5pilasele etten\u00e4htud toetus \u00f5pilase pangakontole.<br \/>\n10.1. \u00d5pilasele makstakse praktika sooritamise ajal koolil\u00f5una toetust direktori poolt kinnitatud m\u00e4\u00e4ras, kui praktika on sooritatud praktika juhendaja aruande (lisa 1) alusel tagantj\u00e4rele.<br \/>\n10.2. Praktika juhendaja esitab aruande kahe n\u00e4dala jooksul praktika l\u00f5ppemisest direktorile.<br \/>\n10.3. Aruande vormistab praktika juhendaja Exceli failina. Koolil\u00f5una toetus kantakse \u00f5pilase pangakontole direktori k\u00e4skkirja alusel.<br \/>\n10.4. Praktikalt puudutud p\u00e4evade eest koolil\u00f5una toetust ei maksta.<\/li>\n<li>\u00d5pilaste haigusp\u00e4evade, toetusest loobumise v\u00f5i muudel p\u00f5hjustel kasutamata j\u00e4\u00e4nud toetuse arvelt on direktoril \u00f5igus \u00fche kalendriaasta piires m\u00e4\u00e4rata \u00f5pilastele <a href=\"https:\/\/www.riigiteataja.ee\/akt\/126012022002\">haridus- ja teadusministri m\u00e4\u00e4rusele 16.08.2019<\/a> nr 39 \u00a7 7 l\u00f5ige 2. kehtestatud toetuse arvestuslikust maksumusest suurem toetus. Ettepaneku toetuse p\u00e4evase m\u00e4\u00e4ra t\u00f5stmiseks teeb toitlustusjuht juhtkonnale.<\/li>\n<li>Toetuse p\u00e4evane m\u00e4\u00e4r kinnitatakse direktori k\u00e4skkirjaga vastavate kasutamata eraldatud vahendite olemasolul.<\/li>\n<li>Praktikal viibivate \u00f5pilaste toetuse p\u00e4evane m\u00e4\u00e4r kinnitatakse direktori k\u00e4skkirjaga ja see v\u00f5ib olla v\u00e4iksem koolis toetust kasutavate \u00f5pilasete p\u00e4eva m\u00e4\u00e4rast, kuid mitte v\u00e4iksem kui haridus- ja teadusministri poolt kehtestatud HTM m\u00e4\u00e4rusega 16.08.2019 nr 39 \u00a7 7 l\u00f5ige 2.<\/li>\n<li>Toitlustatavate \u00fcle tekib arvestus kassaprogrammis ning kajastub igap\u00e4evaselt ERPLY-s ja \u00fcldarvestust koolil\u00f5una toetuse kasutamise \u00fcle peab toitlustusjuht ja juhiabi (lisa 2).<\/li>\n<\/ol>\n<h2 class=\"art-postheader\"><a id=\"koolilounatoetus\"><\/a>Koolil\u00f5una toetus<\/h2>\n<div class=\"art-postcontent\">\n<div class=\"art-article\">\n<p><span class=\"Apple-style-span\"><strong>M\u00e4\u00e4rus kehtestatakse \u00abKutse\u00f5ppeasutuse seaduse\u00bb \u00a7 311 l\u00f5ike 4 alusel.<\/strong><\/span><\/p>\n<p><span class=\"Apple-style-span\"><br \/>\n<strong>\u00a7 1. M\u00e4\u00e4ruse reguleerimisala M\u00e4\u00e4rusega s\u00e4testatakse<\/strong> Haridus- ja Teadusministeeriumi valitsemisalasse kuuluvates riigi kutse\u00f5ppeasutustes (edaspidi koolid) kutsekeskhariduse, p\u00f5hihariduse baasil kutse\u00f5ppe ja p\u00f5hihariduse n\u00f5udeta kutse\u00f5ppe \u00f5ppekavadel \u00f5ppivatele \u00f5pilastele (edaspidi \u00f5pilased) riigieelarvest eraldatava koolil\u00f5una toetuse (edaspidi toetus) kasutamise tingimused ja kord.<\/span><\/p>\n<p><span class=\"Apple-style-span\"><strong>\u00a7 2. Toetuse kasutamine \u00f5ppeperioodil <\/strong><br \/>\n(1) Kool peab igal \u00f5ppep\u00e4eval \u00f5pilastele tagama v\u00e4hemalt \u00fche toiduportsjoni Vabariigi Valitsuse kehtestatud arvestusliku maksumuse ulatuses.<br \/>\n(2) Kooli direktor kehtestab vajadusel toitlustamise korra koolis, m\u00e4\u00e4rates toetuse \u00f5pilaseni j\u00f5udmise viisi. [RTL 2006, 78, 1453 \u2013 j\u00f5ust. 12.11.2006]<br \/>\n<\/span><\/p>\n<p><span class=\"Apple-style-span\"><strong>\u00a7 3. Toetuse kasutamine praktika ajal<\/strong> \u00d5ppekava raames Eesti v\u00f5i v\u00e4lisriigi praktikaettev\u00f5tte v\u00f5i -asutuse korraldatava praktika kestuse ajaks on koolil \u00f5igus kanda \u00f5pilasele etten\u00e4htud toetus \u00f5pilase pangakontole.<br \/>\n<\/span><\/p>\n<p><span class=\"Apple-style-span\"><strong>\u00a7 4. J\u00e4relej\u00e4\u00e4va toetuse kasutamine<\/strong> \u00d5pilaste haigusp\u00e4evade, toetusest loobumise t\u00f5ttu ja muudel p\u00f5hjustel kasutamata j\u00e4\u00e4nud toetuse arvelt on direktoril \u00f5igus \u00fche kalendriaasta piires m\u00e4\u00e4rata \u00f5pilastele Vabariigi Valitsuse kehtestatud koolil\u00f5una arvestuslikust maksumusest suurem toetus. M\u00f5nedel \u00f5ppep\u00e4evadel kasutamata j\u00e4\u00e4nud toetust ei saa sama \u00f5pilane kasutada muudel \u00f5ppep\u00e4evadel.<br \/>\n<\/span><\/p>\n<p><span class=\"Apple-style-span\"><strong>\u00a7 5. Toetusest loobumine <\/strong><br \/>\n(1) \u00d5pilasel on \u00f5igus loobuda toetuse kasutamisest.<br \/>\n(2) Loobumiseks esitab \u00f5pilane kirjaliku avalduse kooli direktorile. Avalduses peab kajastuma toetusest loobumise periood. Minimaalne loobumise periood on 10 \u00f5ppep\u00e4eva.<br \/>\n<\/span><\/p>\n<p><span class=\"Apple-style-span\"><strong>\u00a7 6. Erandkorras toetuse v\u00e4ljamaksmine <\/strong><br \/>\n(1) Kui koolil puuduvad v\u00f5imalused \u00f5pilaste toitlustamiseks, on koolil \u00f5igus \u00f5pilasele etten\u00e4htud toetus kanda erandkorras \u00f5pilase pangakontole.<br \/>\n(2) Toetust makstakse kooli kaudu igal \u00f5ppekuul vastava \u00f5ppekuu eest.<br \/>\n(3) L\u00f5ikes 1 nimetatud v\u00f5imaluse kasutamiseks annab kooli taotlusel loa haridus- ja teadusminister v\u00f5i tema volitatud esindaja.<br \/>\n(4) Luba antakse korraga kuni \u00fcheks \u00f5ppeaastaks.<br \/>\n<\/span><\/p>\n<p><span class=\"Apple-style-span\"><strong>\u00a7 7. Toetuse kasutamise aruanne <\/strong><br \/>\n(1) Kool on kohustatud pidama arvestust toetust kasutavate \u00f5pilaste arvu ning toidup\u00e4evade kohta.<br \/>\n(2) Kooli direktor esitab m\u00e4\u00e4ruse lisas kehtestatud toetuse kasutamise aruande elektrooniliselt Haridus- ja Teadusministeeriumile j\u00e4rgmiste perioodide kohta j\u00e4rgmisteks t\u00e4htp\u00e4evadeks:<br \/>\n1) kalendriaasta esimese poolaasta kohta \u2013 15. juuliks;<br \/>\n2) kogu kalendriaasta kohta \u2013 15. jaanuariks. [RTL 2007, 99, 1652 &#8211; j\u00f5ust. 24.12.2007] (3) Paragrahvis 6 s\u00e4testatud juhul esitab kooli direktor elektroonilise aruande \u00f5ppeperioodi iga kuu kohta j\u00e4rgneva kuu 15. kuup\u00e4evaks. [RTL 2006, 78, 1453 \u2013 j\u00f5ust. 12.11.2006]<br \/>\n<\/span><\/p>\n<p><span class=\"Apple-style-span\"><strong>\u00a7 8. M\u00e4\u00e4ruse j\u00f5ustumine <\/strong><br \/>\n(1) M\u00e4\u00e4rust rakendatakse 1. septembrist 2006. a.<br \/>\n(2) M\u00e4\u00e4rust kohaldatakse p\u00f5hihariduse baasil toimuvas kutse\u00f5ppes, samuti p\u00f5hihariduse n\u00f5udeta kutse\u00f5ppes \u00f5ppivate \u00f5pilaste suhtes alates sellekohase seadusliku aluse j\u00f5ustumisest.<\/span><\/p>\n<\/div>\n<\/div>\n","protected":false},"excerpt":{"rendered":"<p>Toitlustamist Tallinna Teeninduskoolis reguleerivad Tallinna Teeninduskooli toitlustamise kord Koolil\u00f5una toetus Tallinna Teeninduskooli toitlustamise kord Kinnitatud direktori 21.03.2023. a k\u00e4skkirjaga nr 1-2\/23\/11; pdfina Toitlustamise kord on Tallinna Teeninduskooli (edaspidi kool) \u00f5pilaste toitlustamist reguleeriv dokument. Kooli&#46;&#46;&#46;<\/p>\n","protected":false},"author":4,"featured_media":0,"parent":0,"menu_order":0,"comment_status":"closed","ping_status":"closed","template":"","meta":{"footnotes":""},"class_list":["post-94","page","type-page","status-publish","hentry"],"_links":{"self":[{"href":"https:\/\/www.teeninduskool.ee\/index.php?rest_route=\/wp\/v2\/pages\/94","targetHints":{"allow":["GET"]}}],"collection":[{"href":"https:\/\/www.teeninduskool.ee\/index.php?rest_route=\/wp\/v2\/pages"}],"about":[{"href":"https:\/\/www.teeninduskool.ee\/index.php?rest_route=\/wp\/v2\/types\/page"}],"author":[{"embeddable":true,"href":"https:\/\/www.teeninduskool.ee\/index.php?rest_route=\/wp\/v2\/users\/4"}],"replies":[{"embeddable":true,"href":"https:\/\/www.teeninduskool.ee\/index.php?rest_route=%2Fwp%2Fv2%2Fcomments&post=94"}],"version-history":[{"count":2,"href":"https:\/\/www.teeninduskool.ee\/index.php?rest_route=\/wp\/v2\/pages\/94\/revisions"}],"predecessor-version":[{"id":16518,"href":"https:\/\/www.teeninduskool.ee\/index.php?rest_route=\/wp\/v2\/pages\/94\/revisions\/16518"}],"wp:attachment":[{"href":"https:\/\/www.teeninduskool.ee\/index.php?rest_route=%2Fwp%2Fv2%2Fmedia&parent=94"}],"curies":[{"name":"wp","href":"https:\/\/api.w.org\/{rel}","templated":true}]}}