{"id":98,"date":"2017-03-01T08:33:56","date_gmt":"2017-03-01T06:33:56","guid":{"rendered":"https:\/\/www.teeninduskool.ee\/?page_id=98"},"modified":"2020-08-17T17:20:29","modified_gmt":"2020-08-17T14:20:29","slug":"ois","status":"publish","type":"page","link":"https:\/\/www.teeninduskool.ee\/?page_id=98","title":{"rendered":"Tahvel"},"content":{"rendered":"<p><strong>2020\/2021 \u00f5ppeaastast kasutame \u00f5ppeinfos\u00fcsteemi <a href=\"https:\/\/tahvel.edu.ee\/#\/\">TAHVEL<\/a><\/strong><\/p>\n<p>Sisselogimine s\u00fcsteemi toimub ID-kaardiga, Mobiil-ID v\u00f5i SmartID abil.<\/p>\n","protected":false},"excerpt":{"rendered":"<p>2020\/2021 \u00f5ppeaastast kasutame \u00f5ppeinfos\u00fcsteemi TAHVEL Sisselogimine s\u00fcsteemi toimub ID-kaardiga, Mobiil-ID v\u00f5i SmartID abil.<\/p>\n","protected":false},"author":4,"featured_media":0,"parent":0,"menu_order":0,"comment_status":"closed","ping_status":"closed","template":"","meta":{"footnotes":""},"class_list":["post-98","page","type-page","status-publish","hentry"],"_links":{"self":[{"href":"https:\/\/www.teeninduskool.ee\/index.php?rest_route=\/wp\/v2\/pages\/98","targetHints":{"allow":["GET"]}}],"collection":[{"href":"https:\/\/www.teeninduskool.ee\/index.php?rest_route=\/wp\/v2\/pages"}],"about":[{"href":"https:\/\/www.teeninduskool.ee\/index.php?rest_route=\/wp\/v2\/types\/page"}],"author":[{"embeddable":true,"href":"https:\/\/www.teeninduskool.ee\/index.php?rest_route=\/wp\/v2\/users\/4"}],"replies":[{"embeddable":true,"href":"https:\/\/www.teeninduskool.ee\/index.php?rest_route=%2Fwp%2Fv2%2Fcomments&post=98"}],"version-history":[{"count":2,"href":"https:\/\/www.teeninduskool.ee\/index.php?rest_route=\/wp\/v2\/pages\/98\/revisions"}],"predecessor-version":[{"id":12006,"href":"https:\/\/www.teeninduskool.ee\/index.php?rest_route=\/wp\/v2\/pages\/98\/revisions\/12006"}],"wp:attachment":[{"href":"https:\/\/www.teeninduskool.ee\/index.php?rest_route=%2Fwp%2Fv2%2Fmedia&parent=98"}],"curies":[{"name":"wp","href":"https:\/\/api.w.org\/{rel}","templated":true}]}}